{"id":260,"date":"2015-10-15T15:07:38","date_gmt":"2015-10-15T15:07:38","guid":{"rendered":"https:\/\/simardweb.wpengine.com\/?page_id=260"},"modified":"2016-02-17T18:56:05","modified_gmt":"2016-02-17T18:56:05","slug":"environnement","status":"publish","type":"page","link":"https:\/\/www.simard.ca\/fr\/a-propos\/environnement\/","title":{"rendered":"Environnement"},"content":{"rendered":"<p>[et_pb_section admin_label=\u00a0\u00bbSection\u00a0\u00bb fullwidth=\u00a0\u00bbon\u00a0\u00bb specialty=\u00a0\u00bboff\u00a0\u00bb background_image=\u00a0\u00bbhttps:\/\/www.simard.ca\/wp-content\/uploads\/2015\/10\/bandeau-bleu.jpg\u00a0\u00bb transparent_background=\u00a0\u00bboff\u00a0\u00bb allow_player_pause=\u00a0\u00bboff\u00a0\u00bb inner_shadow=\u00a0\u00bboff\u00a0\u00bb parallax=\u00a0\u00bboff\u00a0\u00bb parallax_method=\u00a0\u00bboff\u00a0\u00bb padding_mobile=\u00a0\u00bboff\u00a0\u00bb make_fullwidth=\u00a0\u00bboff\u00a0\u00bb use_custom_width=\u00a0\u00bboff\u00a0\u00bb width_unit=\u00a0\u00bbon\u00a0\u00bb make_equal=\u00a0\u00bboff\u00a0\u00bb use_custom_gutter=\u00a0\u00bboff\u00a0\u00bb][et_pb_fullwidth_header admin_label=\u00a0\u00bbEn-t\u00eate plein \u00e9cran\u00a0\u00bb background_layout=\u00a0\u00bblight\u00a0\u00bb text_orientation=\u00a0\u00bbleft\u00a0\u00bb header_fullscreen=\u00a0\u00bboff\u00a0\u00bb header_scroll_down=\u00a0\u00bboff\u00a0\u00bb parallax=\u00a0\u00bboff\u00a0\u00bb parallax_method=\u00a0\u00bboff\u00a0\u00bb content_orientation=\u00a0\u00bbcenter\u00a0\u00bb image_orientation=\u00a0\u00bbcenter\u00a0\u00bb content_font_size=\u00a0\u00bb20&Prime; custom_button_one=\u00a0\u00bboff\u00a0\u00bb button_one_border_radius=\u00a0\u00bb0&Prime; button_one_letter_spacing=\u00a0\u00bb0&Prime; button_one_use_icon=\u00a0\u00bbdefault\u00a0\u00bb button_one_icon_placement=\u00a0\u00bbright\u00a0\u00bb button_one_on_hover=\u00a0\u00bbon\u00a0\u00bb button_one_letter_spacing_hover=\u00a0\u00bb0&Prime; custom_button_two=\u00a0\u00bboff\u00a0\u00bb button_two_border_radius=\u00a0\u00bb0&Prime; button_two_letter_spacing=\u00a0\u00bb0&Prime; button_two_use_icon=\u00a0\u00bbdefault\u00a0\u00bb button_two_icon_placement=\u00a0\u00bbright\u00a0\u00bb button_two_on_hover=\u00a0\u00bbon\u00a0\u00bb button_two_letter_spacing_hover=\u00a0\u00bb0&Prime; title_font_size=\u00a0\u00bb36&Prime; content_font_color=\u00a0\u00bb#ffffff\u00a0\u00bb title_font=\u00a0\u00bb|on|on||\u00a0\u00bb title_font_color=\u00a0\u00bb#ffffff\u00a0\u00bb]<\/p>\n<h1><strong>Environnement et engagement communautaire<\/strong><\/h1>\n<p>[\/et_pb_fullwidth_header][\/et_pb_section][et_pb_section admin_label=\u00a0\u00bbSection\u00a0\u00bb fullwidth=\u00a0\u00bboff\u00a0\u00bb specialty=\u00a0\u00bbon\u00a0\u00bb][et_pb_column type=\u00a0\u00bb2_3&Prime; specialty_columns=\u00a0\u00bb2&Prime;][et_pb_row_inner admin_label=\u00a0\u00bbLigne\u00a0\u00bb custom_padding=\u00a0\u00bb|0px\u00a0\u00bb padding_mobile=\u00a0\u00bboff\u00a0\u00bb use_custom_gutter=\u00a0\u00bboff\u00a0\u00bb column_padding_mobile=\u00a0\u00bbon\u00a0\u00bb make_equal=\u00a0\u00bboff\u00a0\u00bb][et_pb_column_inner type=\u00a0\u00bb4_4&Prime; saved_specialty_column_type=\u00a0\u00bb2_3&Prime;][et_pb_text admin_label=\u00a0\u00bbTexte\u00a0\u00bb background_layout=\u00a0\u00bblight\u00a0\u00bb text_orientation=\u00a0\u00bbleft\u00a0\u00bb use_border_color=\u00a0\u00bboff\u00a0\u00bb border_color=\u00a0\u00bb#ffffff\u00a0\u00bb border_style=\u00a0\u00bbsolid\u00a0\u00bb]<\/p>\n<h2 style=\"text-align: left;\"><em><strong>Choisissez des solutions novatrices pour le d\u00e9veloppement durable<\/strong><\/em><\/h2>\n<p>SIMARD est reconnu pour son<strong> respect des lois et r\u00e8glements relatifs \u00e0 la qualit\u00e9 de l&rsquo;environnement<\/strong>, pour le transport et l&rsquo;entreposage, la formation de notre personnel, l&rsquo;entretien de nos \u00e9quipement et installations, ainsi que les investissements en technologies de pointe.<\/p>\n<p>[\/et_pb_text][et_pb_divider admin_label=\u00a0\u00bbS\u00e9parateur\u00a0\u00bb color=\u00a0\u00bb#cccccc\u00a0\u00bb show_divider=\u00a0\u00bbon\u00a0\u00bb height=\u00a0\u00bb10&Prime; divider_style=\u00a0\u00bbsolid\u00a0\u00bb divider_position=\u00a0\u00bbtop\u00a0\u00bb hide_on_mobile=\u00a0\u00bbon\u00a0\u00bb divider_weight=\u00a0\u00bb1&Prime;]<\/p>\n<p>&nbsp;<\/p>\n<p>[\/et_pb_divider][et_pb_text admin_label=\u00a0\u00bbTexte\u00a0\u00bb background_layout=\u00a0\u00bblight\u00a0\u00bb text_orientation=\u00a0\u00bbleft\u00a0\u00bb use_border_color=\u00a0\u00bboff\u00a0\u00bb border_color=\u00a0\u00bb#ffffff\u00a0\u00bb border_style=\u00a0\u00bbsolid\u00a0\u00bb text_font_size=\u00a0\u00bb14&Prime;]<\/p>\n<p style=\"text-align: left;\">SIMARD poss\u00e8de la certification <em><a href=\"http:\/\/www.rncan.gc.ca\/energie\/efficacite\/transports\/vehicules-commerciaux\/smartway\/7616\">SmartWay<\/a><\/em>, symbole d\u2019excellence du<strong> rendement \u00e9nerg\u00e9tique<\/strong>. Voici une liste de mesures prises par SIMARD pour <strong>r\u00e9duire ses gaz \u00e0 effets de serre<\/strong> annuellement\u00a0:<\/p>\n<ul>\n<li>R\u00e9duction de la vitesse \u00e0 105 km\/h<\/li>\n<li>Adoption de jupes a\u00e9rodynamiques<\/li>\n<li>Syst\u00e8me d&rsquo;arr\u00eat automatique du moteur apr\u00e8s 3 minutes<\/li>\n<li>Installation de syst\u00e8me de chauffage et de climatisation d&rsquo;appoint<\/li>\n<li>Maximisation de l\u2019utilisation des pneus gr\u00e2ce \u00e0 un syst\u00e8me de radiographie<\/li>\n<li>Changement d&rsquo;huile \u00e0 intervalle prolong\u00e9 (40 000 km ou aux 6 mois)<\/li>\n<li><span style=\"line-height: 1.5;\">R\u00e9duction des turbulences en positionnant l&rsquo;attelage \u00e0 48 pouces<\/span><\/li>\n<\/ul>\n<p>[\/et_pb_text][et_pb_divider admin_label=\u00a0\u00bbS\u00e9parateur\u00a0\u00bb color=\u00a0\u00bb#cccccc\u00a0\u00bb show_divider=\u00a0\u00bbon\u00a0\u00bb height=\u00a0\u00bb10&Prime; divider_style=\u00a0\u00bbsolid\u00a0\u00bb divider_position=\u00a0\u00bbtop\u00a0\u00bb hide_on_mobile=\u00a0\u00bbon\u00a0\u00bb divider_weight=\u00a0\u00bb1&Prime;]<\/p>\n<p>&nbsp;<\/p>\n<p>[\/et_pb_divider][et_pb_text admin_label=\u00a0\u00bbTexte\u00a0\u00bb background_layout=\u00a0\u00bblight\u00a0\u00bb text_orientation=\u00a0\u00bbleft\u00a0\u00bb use_border_color=\u00a0\u00bboff\u00a0\u00bb border_color=\u00a0\u00bb#ffffff\u00a0\u00bb border_style=\u00a0\u00bbsolid\u00a0\u00bb]<\/p>\n<p style=\"text-align: left;\">\u00a0SIMARD est \u00e9galement <strong>membre des associations suivantes<\/strong>\u00a0:<\/p>\n<p>[\/et_pb_text][\/et_pb_column_inner][\/et_pb_row_inner][et_pb_row_inner admin_label=\u00a0\u00bbLigne\u00a0\u00bb custom_padding=\u00a0\u00bb0px|\u00a0\u00bb padding_mobile=\u00a0\u00bboff\u00a0\u00bb use_custom_gutter=\u00a0\u00bboff\u00a0\u00bb column_padding_mobile=\u00a0\u00bbon\u00a0\u00bb make_equal=\u00a0\u00bboff\u00a0\u00bb][et_pb_column_inner type=\u00a0\u00bb1_2&Prime; saved_specialty_column_type=\u00a0\u00bb2_3&Prime;][et_pb_text admin_label=\u00a0\u00bbTexte\u00a0\u00bb background_layout=\u00a0\u00bblight\u00a0\u00bb text_orientation=\u00a0\u00bbleft\u00a0\u00bb use_border_color=\u00a0\u00bboff\u00a0\u00bb border_color=\u00a0\u00bb#ffffff\u00a0\u00bb border_style=\u00a0\u00bbsolid\u00a0\u00bb]<\/p>\n<ul>\n<li>Association du Camionnage du Qu\u00e9bec <em><a href=\"http:\/\/www.carrefour-acq.org\/\" target=\"_blank\">(ACQ)<\/a><\/em><\/li>\n<li>Ontario Trucking Association\u00a0<em><a href=\"http:\/\/ontruck.org\/\" target=\"_blank\">(OTA)<\/a><\/em><\/li>\n<li>BC Trucking Association\u00a0<em><a href=\"http:\/\/www.bctrucking.com\/\" target=\"_blank\">(BCTA)<\/a><\/em><\/li>\n<li>Association des Transitaires Internationnaux Canadiens\u00a0<em><a href=\"http:\/\/www.ciffa.com\/?lang=fr\" target=\"_blank\">(ATIC)<\/a><\/em><\/li>\n<\/ul>\n<p>[\/et_pb_text][\/et_pb_column_inner][et_pb_column_inner type=\u00a0\u00bb1_2&Prime; saved_specialty_column_type=\u00a0\u00bb2_3&Prime;][et_pb_text admin_label=\u00a0\u00bbTexte\u00a0\u00bb background_layout=\u00a0\u00bblight\u00a0\u00bb text_orientation=\u00a0\u00bbleft\u00a0\u00bb use_border_color=\u00a0\u00bboff\u00a0\u00bb border_color=\u00a0\u00bb#ffffff\u00a0\u00bb border_style=\u00a0\u00bbsolid\u00a0\u00bb]<\/p>\n<ul>\n<li>Agence des Services Frontaliers du Canada\u00a0<em><a href=\"http:\/\/www.cbsa-asfc.gc.ca\/menu-fra.html\" target=\"_blank\">(ASFC)<\/a><\/em><\/li>\n<li>Customs Trade Partnership Against Terrorism\u00a0<em><a href=\"http:\/\/www.c-tpat.ca\/ctpat.html\" target=\"_blank\">(C-TPAT)<\/a><\/em><\/li>\n<li>Grappe M\u00e9tropolitaine de Logistique et de Transport de Montr\u00e9al\u00a0<em><a href=\"http:\/\/www.cargo-montreal.ca\/fr\/\" target=\"_blank\">(Cargo M)<\/a><\/em><\/li>\n<\/ul>\n<p>[\/et_pb_text][\/et_pb_column_inner][\/et_pb_row_inner][\/et_pb_column][et_pb_column type=\u00a0\u00bb1_3&Prime;][et_pb_text admin_label=\u00a0\u00bbSidebar transport\u00a0\u00bb global_module=\u00a0\u00bb309&Prime; background_layout=\u00a0\u00bblight\u00a0\u00bb text_orientation=\u00a0\u00bbleft\u00a0\u00bb text_font_size=\u00a0\u00bb16&Prime; text_text_color=\u00a0\u00bb#000000&Prime; use_border_color=\u00a0\u00bboff\u00a0\u00bb border_color=\u00a0\u00bb#ffffff\u00a0\u00bb border_style=\u00a0\u00bbsolid\u00a0\u00bb module_class=\u00a0\u00bbeurostile\u00a0\u00bb saved_tabs=\u00a0\u00bball\u00a0\u00bb]<\/p>\n<p><a href=\"https:\/\/www.simard.ca\/wp-content\/uploads\/2015\/08\/image-gauche-3col-transport.jpg\"><img loading=\"lazy\" decoding=\"async\" class=\"alignnone size-medium wp-image-287\" src=\"https:\/\/www.simard.ca\/wp-content\/uploads\/2015\/08\/image-gauche-3col-transport-300x188.jpg\" alt=\"image-gauche-3col-transport\" width=\"300\" height=\"188\" srcset=\"https:\/\/www.simard.ca\/wp-content\/uploads\/2015\/08\/image-gauche-3col-transport-300x188.jpg 300w, https:\/\/www.simard.ca\/wp-content\/uploads\/2015\/08\/image-gauche-3col-transport.jpg 320w\" sizes=\"(max-width: 300px) 100vw, 300px\" \/><\/a><\/p>\n<p><strong><em>TRANSPORT<br \/>\n<\/em><\/strong>Optimisez vos op\u00e9rations avec nos services de transport logistique.<br \/>\n<em><strong><a href=\"https:\/\/www.simard.ca\/transport\/\">EN SAVOIR PLUS\u00a0&gt;<\/a><\/strong><\/em><\/p>\n<p>[\/et_pb_text][et_pb_text admin_label=\u00a0\u00bbSidebar entreposage\u00a0\u00bb global_module=\u00a0\u00bb307&Prime; saved_tabs=\u00a0\u00bball\u00a0\u00bb background_layout=\u00a0\u00bblight\u00a0\u00bb text_orientation=\u00a0\u00bbleft\u00a0\u00bb module_class=\u00a0\u00bbeurostile\u00a0\u00bb text_font_size=\u00a0\u00bb16&Prime; text_text_color=\u00a0\u00bb#000000&Prime; use_border_color=\u00a0\u00bboff\u00a0\u00bb border_color=\u00a0\u00bb#ffffff\u00a0\u00bb border_style=\u00a0\u00bbsolid\u00a0\u00bb]<\/p>\n<p><a href=\"https:\/\/www.simard.ca\/wp-content\/uploads\/2015\/08\/image-centre-3col-entreposage.jpg\"><img loading=\"lazy\" decoding=\"async\" class=\"alignnone size-medium wp-image-288\" src=\"https:\/\/www.simard.ca\/wp-content\/uploads\/2015\/08\/image-centre-3col-entreposage-300x188.jpg\" alt=\"image-centre-3col-entreposage\" width=\"300\" height=\"188\" srcset=\"https:\/\/www.simard.ca\/wp-content\/uploads\/2015\/08\/image-centre-3col-entreposage-300x188.jpg 300w, https:\/\/www.simard.ca\/wp-content\/uploads\/2015\/08\/image-centre-3col-entreposage.jpg 320w\" sizes=\"(max-width: 300px) 100vw, 300px\" \/><\/a><\/p>\n<p><strong><em>ENTREPOSAGE<br \/>\n<\/em><\/strong>Optimisez vos co\u00fbts avec nos solutions d\u2019entreposage logistique.<br \/>\n<em><strong><em><strong><a href=\"https:\/\/www.simard.ca\/entreposage\/\">EN SAVOIR PLUS\u00a0&gt;<\/a><\/strong><\/em><br \/>\n<\/strong><\/em><\/p>\n<p>[\/et_pb_text][\/et_pb_column][\/et_pb_section]<\/p>\n","protected":false},"excerpt":{"rendered":"<p>Environnement et engagement communautaire Choisissez des solutions novatrices pour le d\u00e9veloppement durable SIMARD est reconnu pour son respect des lois et r\u00e8glements relatifs \u00e0 la qualit\u00e9 de l&rsquo;environnement, pour le transport et l&rsquo;entreposage, la formation de notre personnel, l&rsquo;entretien de nos \u00e9quipement et installations, ainsi que les investissements en technologies de pointe. &nbsp; SIMARD poss\u00e8de [&hellip;]<\/p>\n","protected":false},"author":1,"featured_media":0,"parent":191,"menu_order":0,"comment_status":"closed","ping_status":"closed","template":"","meta":{"_et_pb_use_builder":"on","_et_pb_old_content":"","_et_gb_content_width":"","_monsterinsights_skip_tracking":false,"_monsterinsights_sitenote_active":false,"_monsterinsights_sitenote_note":"","_monsterinsights_sitenote_category":0,"footnotes":""},"class_list":["post-260","page","type-page","status-publish","hentry"],"yoast_head":"<!-- This site is optimized with the Yoast SEO plugin v27.4 - https:\/\/yoast.com\/product\/yoast-seo-wordpress\/ -->\n<title>Environnement - Simard<\/title>\n<meta name=\"description\" content=\"SIMARD est reconnu pour son\u00a0respect des lois et r\u00e8glements relatifs \u00e0 la qualit\u00e9 de l\u2019environnement, pour le transport, l\u2019entreposage et pour son personnel.\" \/>\n<meta name=\"robots\" content=\"index, follow, max-snippet:-1, max-image-preview:large, max-video-preview:-1\" \/>\n<link rel=\"canonical\" href=\"https:\/\/www.simard.ca\/fr\/a-propos\/environnement\/\" \/>\n<meta property=\"og:locale\" content=\"fr_FR\" \/>\n<meta property=\"og:type\" content=\"article\" \/>\n<meta property=\"og:title\" content=\"Environnement - Simard\" \/>\n<meta property=\"og:description\" content=\"SIMARD est reconnu pour son\u00a0respect des lois et r\u00e8glements relatifs \u00e0 la qualit\u00e9 de l\u2019environnement, pour le transport, l\u2019entreposage et pour son personnel.\" \/>\n<meta property=\"og:url\" content=\"https:\/\/www.simard.ca\/fr\/a-propos\/environnement\/\" \/>\n<meta property=\"og:site_name\" content=\"Simard\" \/>\n<meta property=\"article:modified_time\" content=\"2016-02-17T18:56:05+00:00\" \/>\n<meta property=\"og:image\" content=\"https:\/\/www.simard.ca\/wp-content\/uploads\/2015\/08\/image-gauche-3col-transport-300x188.jpg\" \/>\n<meta name=\"twitter:card\" content=\"summary_large_image\" \/>\n<meta name=\"twitter:label1\" content=\"Dur\u00e9e de lecture estim\u00e9e\" \/>\n\t<meta name=\"twitter:data1\" content=\"4 minutes\" \/>\n<script type=\"application\/ld+json\" class=\"yoast-schema-graph\">{\"@context\":\"https:\\\/\\\/schema.org\",\"@graph\":[{\"@type\":\"WebPage\",\"@id\":\"https:\\\/\\\/www.simard.ca\\\/fr\\\/a-propos\\\/environnement\\\/\",\"url\":\"https:\\\/\\\/www.simard.ca\\\/fr\\\/a-propos\\\/environnement\\\/\",\"name\":\"Environnement - Simard\",\"isPartOf\":{\"@id\":\"https:\\\/\\\/www.simard.ca\\\/fr\\\/#website\"},\"primaryImageOfPage\":{\"@id\":\"https:\\\/\\\/www.simard.ca\\\/fr\\\/a-propos\\\/environnement\\\/#primaryimage\"},\"image\":{\"@id\":\"https:\\\/\\\/www.simard.ca\\\/fr\\\/a-propos\\\/environnement\\\/#primaryimage\"},\"thumbnailUrl\":\"https:\\\/\\\/www.simard.ca\\\/wp-content\\\/uploads\\\/2015\\\/08\\\/image-gauche-3col-transport-300x188.jpg\",\"datePublished\":\"2015-10-15T15:07:38+00:00\",\"dateModified\":\"2016-02-17T18:56:05+00:00\",\"description\":\"SIMARD est reconnu pour son\u00a0respect des lois et r\u00e8glements relatifs \u00e0 la qualit\u00e9 de l\u2019environnement, pour le transport, l\u2019entreposage et pour son personnel.\",\"breadcrumb\":{\"@id\":\"https:\\\/\\\/www.simard.ca\\\/fr\\\/a-propos\\\/environnement\\\/#breadcrumb\"},\"inLanguage\":\"fr-FR\",\"potentialAction\":[{\"@type\":\"ReadAction\",\"target\":[\"https:\\\/\\\/www.simard.ca\\\/fr\\\/a-propos\\\/environnement\\\/\"]}]},{\"@type\":\"ImageObject\",\"inLanguage\":\"fr-FR\",\"@id\":\"https:\\\/\\\/www.simard.ca\\\/fr\\\/a-propos\\\/environnement\\\/#primaryimage\",\"url\":\"https:\\\/\\\/www.simard.ca\\\/wp-content\\\/uploads\\\/2015\\\/08\\\/image-gauche-3col-transport-300x188.jpg\",\"contentUrl\":\"https:\\\/\\\/www.simard.ca\\\/wp-content\\\/uploads\\\/2015\\\/08\\\/image-gauche-3col-transport-300x188.jpg\"},{\"@type\":\"BreadcrumbList\",\"@id\":\"https:\\\/\\\/www.simard.ca\\\/fr\\\/a-propos\\\/environnement\\\/#breadcrumb\",\"itemListElement\":[{\"@type\":\"ListItem\",\"position\":1,\"name\":\"Home\",\"item\":\"https:\\\/\\\/www.simard.ca\\\/fr\\\/\"},{\"@type\":\"ListItem\",\"position\":2,\"name\":\"\u00c0 propos\",\"item\":\"https:\\\/\\\/www.simard.ca\\\/fr\\\/a-propos\\\/\"},{\"@type\":\"ListItem\",\"position\":3,\"name\":\"Environnement\"}]},{\"@type\":\"WebSite\",\"@id\":\"https:\\\/\\\/www.simard.ca\\\/fr\\\/#website\",\"url\":\"https:\\\/\\\/www.simard.ca\\\/fr\\\/\",\"name\":\"Simard\",\"description\":\"Transport - Entreposage - Logistique\",\"potentialAction\":[{\"@type\":\"SearchAction\",\"target\":{\"@type\":\"EntryPoint\",\"urlTemplate\":\"https:\\\/\\\/www.simard.ca\\\/fr\\\/?s={search_term_string}\"},\"query-input\":{\"@type\":\"PropertyValueSpecification\",\"valueRequired\":true,\"valueName\":\"search_term_string\"}}],\"inLanguage\":\"fr-FR\"}]}<\/script>\n<!-- \/ Yoast SEO plugin. -->","yoast_head_json":{"title":"Environnement - Simard","description":"SIMARD est reconnu pour son\u00a0respect des lois et r\u00e8glements relatifs \u00e0 la qualit\u00e9 de l\u2019environnement, pour le transport, l\u2019entreposage et pour son personnel.","robots":{"index":"index","follow":"follow","max-snippet":"max-snippet:-1","max-image-preview":"max-image-preview:large","max-video-preview":"max-video-preview:-1"},"canonical":"https:\/\/www.simard.ca\/fr\/a-propos\/environnement\/","og_locale":"fr_FR","og_type":"article","og_title":"Environnement - Simard","og_description":"SIMARD est reconnu pour son\u00a0respect des lois et r\u00e8glements relatifs \u00e0 la qualit\u00e9 de l\u2019environnement, pour le transport, l\u2019entreposage et pour son personnel.","og_url":"https:\/\/www.simard.ca\/fr\/a-propos\/environnement\/","og_site_name":"Simard","article_modified_time":"2016-02-17T18:56:05+00:00","og_image":[{"url":"https:\/\/www.simard.ca\/wp-content\/uploads\/2015\/08\/image-gauche-3col-transport-300x188.jpg","type":"","width":"","height":""}],"twitter_card":"summary_large_image","twitter_misc":{"Dur\u00e9e de lecture estim\u00e9e":"4 minutes"},"schema":{"@context":"https:\/\/schema.org","@graph":[{"@type":"WebPage","@id":"https:\/\/www.simard.ca\/fr\/a-propos\/environnement\/","url":"https:\/\/www.simard.ca\/fr\/a-propos\/environnement\/","name":"Environnement - Simard","isPartOf":{"@id":"https:\/\/www.simard.ca\/fr\/#website"},"primaryImageOfPage":{"@id":"https:\/\/www.simard.ca\/fr\/a-propos\/environnement\/#primaryimage"},"image":{"@id":"https:\/\/www.simard.ca\/fr\/a-propos\/environnement\/#primaryimage"},"thumbnailUrl":"https:\/\/www.simard.ca\/wp-content\/uploads\/2015\/08\/image-gauche-3col-transport-300x188.jpg","datePublished":"2015-10-15T15:07:38+00:00","dateModified":"2016-02-17T18:56:05+00:00","description":"SIMARD est reconnu pour son\u00a0respect des lois et r\u00e8glements relatifs \u00e0 la qualit\u00e9 de l\u2019environnement, pour le transport, l\u2019entreposage et pour son personnel.","breadcrumb":{"@id":"https:\/\/www.simard.ca\/fr\/a-propos\/environnement\/#breadcrumb"},"inLanguage":"fr-FR","potentialAction":[{"@type":"ReadAction","target":["https:\/\/www.simard.ca\/fr\/a-propos\/environnement\/"]}]},{"@type":"ImageObject","inLanguage":"fr-FR","@id":"https:\/\/www.simard.ca\/fr\/a-propos\/environnement\/#primaryimage","url":"https:\/\/www.simard.ca\/wp-content\/uploads\/2015\/08\/image-gauche-3col-transport-300x188.jpg","contentUrl":"https:\/\/www.simard.ca\/wp-content\/uploads\/2015\/08\/image-gauche-3col-transport-300x188.jpg"},{"@type":"BreadcrumbList","@id":"https:\/\/www.simard.ca\/fr\/a-propos\/environnement\/#breadcrumb","itemListElement":[{"@type":"ListItem","position":1,"name":"Home","item":"https:\/\/www.simard.ca\/fr\/"},{"@type":"ListItem","position":2,"name":"\u00c0 propos","item":"https:\/\/www.simard.ca\/fr\/a-propos\/"},{"@type":"ListItem","position":3,"name":"Environnement"}]},{"@type":"WebSite","@id":"https:\/\/www.simard.ca\/fr\/#website","url":"https:\/\/www.simard.ca\/fr\/","name":"Simard","description":"Transport - Entreposage - Logistique","potentialAction":[{"@type":"SearchAction","target":{"@type":"EntryPoint","urlTemplate":"https:\/\/www.simard.ca\/fr\/?s={search_term_string}"},"query-input":{"@type":"PropertyValueSpecification","valueRequired":true,"valueName":"search_term_string"}}],"inLanguage":"fr-FR"}]}},"publishpress_future_action":{"enabled":false,"date":"2026-04-25 08:47:28","action":"change-status","newStatus":"draft","terms":[],"taxonomy":"translation_priority","extraData":[]},"publishpress_future_workflow_manual_trigger":{"enabledWorkflows":[]},"_links":{"self":[{"href":"https:\/\/www.simard.ca\/fr\/wp-json\/wp\/v2\/pages\/260","targetHints":{"allow":["GET"]}}],"collection":[{"href":"https:\/\/www.simard.ca\/fr\/wp-json\/wp\/v2\/pages"}],"about":[{"href":"https:\/\/www.simard.ca\/fr\/wp-json\/wp\/v2\/types\/page"}],"author":[{"embeddable":true,"href":"https:\/\/www.simard.ca\/fr\/wp-json\/wp\/v2\/users\/1"}],"replies":[{"embeddable":true,"href":"https:\/\/www.simard.ca\/fr\/wp-json\/wp\/v2\/comments?post=260"}],"version-history":[{"count":0,"href":"https:\/\/www.simard.ca\/fr\/wp-json\/wp\/v2\/pages\/260\/revisions"}],"up":[{"embeddable":true,"href":"https:\/\/www.simard.ca\/fr\/wp-json\/wp\/v2\/pages\/191"}],"wp:attachment":[{"href":"https:\/\/www.simard.ca\/fr\/wp-json\/wp\/v2\/media?parent=260"}],"curies":[{"name":"wp","href":"https:\/\/api.w.org\/{rel}","templated":true}]}}