{"id":255,"date":"2015-10-15T14:47:35","date_gmt":"2015-10-15T14:47:35","guid":{"rendered":"https:\/\/simardweb.wpengine.com\/?page_id=255"},"modified":"2016-02-17T18:53:21","modified_gmt":"2016-02-17T18:53:21","slug":"securite","status":"publish","type":"page","link":"https:\/\/www.simard.ca\/fr\/a-propos\/securite\/","title":{"rendered":"S\u00e9curit\u00e9"},"content":{"rendered":"<p>[et_pb_section admin_label=\u00a0\u00bbSection\u00a0\u00bb fullwidth=\u00a0\u00bbon\u00a0\u00bb specialty=\u00a0\u00bboff\u00a0\u00bb background_image=\u00a0\u00bbhttps:\/\/www.simard.ca\/wp-content\/uploads\/2015\/10\/bandeau-bleu.jpg\u00a0\u00bb transparent_background=\u00a0\u00bboff\u00a0\u00bb allow_player_pause=\u00a0\u00bboff\u00a0\u00bb inner_shadow=\u00a0\u00bboff\u00a0\u00bb parallax=\u00a0\u00bboff\u00a0\u00bb parallax_method=\u00a0\u00bboff\u00a0\u00bb padding_mobile=\u00a0\u00bboff\u00a0\u00bb make_fullwidth=\u00a0\u00bboff\u00a0\u00bb use_custom_width=\u00a0\u00bboff\u00a0\u00bb width_unit=\u00a0\u00bbon\u00a0\u00bb make_equal=\u00a0\u00bboff\u00a0\u00bb use_custom_gutter=\u00a0\u00bboff\u00a0\u00bb][et_pb_fullwidth_header admin_label=\u00a0\u00bbEn-t\u00eate plein \u00e9cran\u00a0\u00bb background_layout=\u00a0\u00bblight\u00a0\u00bb text_orientation=\u00a0\u00bbleft\u00a0\u00bb header_fullscreen=\u00a0\u00bboff\u00a0\u00bb header_scroll_down=\u00a0\u00bboff\u00a0\u00bb parallax=\u00a0\u00bboff\u00a0\u00bb parallax_method=\u00a0\u00bboff\u00a0\u00bb content_orientation=\u00a0\u00bbcenter\u00a0\u00bb image_orientation=\u00a0\u00bbcenter\u00a0\u00bb content_font_size=\u00a0\u00bb20&Prime; custom_button_one=\u00a0\u00bboff\u00a0\u00bb button_one_border_radius=\u00a0\u00bb0&Prime; button_one_letter_spacing=\u00a0\u00bb0&Prime; button_one_use_icon=\u00a0\u00bbdefault\u00a0\u00bb button_one_icon_placement=\u00a0\u00bbright\u00a0\u00bb button_one_on_hover=\u00a0\u00bbon\u00a0\u00bb button_one_letter_spacing_hover=\u00a0\u00bb0&Prime; custom_button_two=\u00a0\u00bboff\u00a0\u00bb button_two_border_radius=\u00a0\u00bb0&Prime; button_two_letter_spacing=\u00a0\u00bb0&Prime; button_two_use_icon=\u00a0\u00bbdefault\u00a0\u00bb button_two_icon_placement=\u00a0\u00bbright\u00a0\u00bb button_two_on_hover=\u00a0\u00bbon\u00a0\u00bb button_two_letter_spacing_hover=\u00a0\u00bb0&Prime; title_font_size=\u00a0\u00bb36&Prime; content_font_color=\u00a0\u00bb#ffffff\u00a0\u00bb title_font=\u00a0\u00bb|on|on||\u00a0\u00bb title_font_color=\u00a0\u00bb#ffffff\u00a0\u00bb]<\/p>\n<h1><strong>S\u00e9curit\u00e9<\/strong><\/h1>\n<p>[\/et_pb_fullwidth_header][\/et_pb_section][et_pb_section admin_label=\u00a0\u00bbSection\u00a0\u00bb fullwidth=\u00a0\u00bboff\u00a0\u00bb specialty=\u00a0\u00bbon\u00a0\u00bb][et_pb_column type=\u00a0\u00bb2_3&Prime; specialty_columns=\u00a0\u00bb2&Prime;][et_pb_row_inner admin_label=\u00a0\u00bbLigne\u00a0\u00bb custom_padding=\u00a0\u00bb|\u00a0\u00bb padding_mobile=\u00a0\u00bboff\u00a0\u00bb use_custom_gutter=\u00a0\u00bboff\u00a0\u00bb column_padding_mobile=\u00a0\u00bbon\u00a0\u00bb make_equal=\u00a0\u00bboff\u00a0\u00bb][et_pb_column_inner type=\u00a0\u00bb4_4&Prime; saved_specialty_column_type=\u00a0\u00bb2_3&Prime;][et_pb_text admin_label=\u00a0\u00bbTexte\u00a0\u00bb background_layout=\u00a0\u00bblight\u00a0\u00bb text_orientation=\u00a0\u00bbleft\u00a0\u00bb use_border_color=\u00a0\u00bboff\u00a0\u00bb border_color=\u00a0\u00bb#ffffff\u00a0\u00bb border_style=\u00a0\u00bbsolid\u00a0\u00bb]<\/p>\n<h2 style=\"text-align: left;\"><strong><em>Optez pour des services qui d\u00e9passent les plus hautes normes de l\u2019industrie<\/em><\/strong><\/h2>\n<p>SIMARD prend toutes les pr\u00e9cautions n\u00e9cessaires pour assurer <strong>la responsabilit\u00e9 de votre marchandise<\/strong> et le suivi pr\u00e9cis de votre cargaison.<\/p>\n<p>&nbsp;<\/p>\n<ul>\n<li>Nos \u00e9quipements sont inspect\u00e9s r\u00e9guli\u00e8rement, suivant un <strong>programme d\u2019entretien rigoureux<\/strong>.<\/li>\n<li>Nos installations sont sous <strong>haute surveillance<\/strong>, 24 heures par jour, 7 jours sur 7, gr\u00e2ce \u00e0 notre personnel certifi\u00e9 et notre syst\u00e8me de s\u00e9curit\u00e9 vid\u00e9o.<\/li>\n<\/ul>\n<p>[\/et_pb_text][et_pb_divider admin_label=\u00a0\u00bbS\u00e9parateur\u00a0\u00bb color=\u00a0\u00bb#cccccc\u00a0\u00bb show_divider=\u00a0\u00bbon\u00a0\u00bb height=\u00a0\u00bb10&Prime; divider_style=\u00a0\u00bbsolid\u00a0\u00bb divider_position=\u00a0\u00bbtop\u00a0\u00bb hide_on_mobile=\u00a0\u00bbon\u00a0\u00bb divider_weight=\u00a0\u00bb1&Prime;]<\/p>\n<p>&nbsp;<\/p>\n<p>[\/et_pb_divider][et_pb_text admin_label=\u00a0\u00bbTexte\u00a0\u00bb background_layout=\u00a0\u00bblight\u00a0\u00bb text_orientation=\u00a0\u00bbleft\u00a0\u00bb use_border_color=\u00a0\u00bboff\u00a0\u00bb border_color=\u00a0\u00bb#ffffff\u00a0\u00bb border_style=\u00a0\u00bbsolid\u00a0\u00bb]<\/p>\n<p>Tous les nouveaux chauffeurs de SIMARD doivent suivre un p<strong>rogramme de formation de 3 jours<\/strong>. Nous donnons \u00e9galement de la <strong>formation continue<\/strong> pour nous assurer que nos employ\u00e9s respectent les lois et r\u00e8glements du Code de la route. Nous offrons \u00e9galement de la<strong> formation suppl\u00e9mentaire<\/strong> au besoin, concernant:<\/p>\n<p>[\/et_pb_text][\/et_pb_column_inner][\/et_pb_row_inner][et_pb_row_inner admin_label=\u00a0\u00bbLigne\u00a0\u00bb custom_padding=\u00a0\u00bb0px|0px\u00a0\u00bb padding_mobile=\u00a0\u00bboff\u00a0\u00bb use_custom_gutter=\u00a0\u00bboff\u00a0\u00bb column_padding_mobile=\u00a0\u00bbon\u00a0\u00bb make_equal=\u00a0\u00bboff\u00a0\u00bb][et_pb_column_inner type=\u00a0\u00bb1_2&Prime; saved_specialty_column_type=\u00a0\u00bb2_3&Prime;][et_pb_text admin_label=\u00a0\u00bbTexte\u00a0\u00bb background_layout=\u00a0\u00bblight\u00a0\u00bb text_orientation=\u00a0\u00bbleft\u00a0\u00bb use_border_color=\u00a0\u00bboff\u00a0\u00bb border_color=\u00a0\u00bb#ffffff\u00a0\u00bb border_style=\u00a0\u00bbsolid\u00a0\u00bb]<\/p>\n<ul>\n<li>Les heures de service et de repos<\/li>\n<li>La v\u00e9rification avant le d\u00e9part<\/li>\n<li>Les charges et dimensions<\/li>\n<\/ul>\n<p>[\/et_pb_text][\/et_pb_column_inner][et_pb_column_inner type=\u00a0\u00bb1_2&Prime; saved_specialty_column_type=\u00a0\u00bb2_3&Prime;][et_pb_text admin_label=\u00a0\u00bbTexte\u00a0\u00bb background_layout=\u00a0\u00bblight\u00a0\u00bb text_orientation=\u00a0\u00bbleft\u00a0\u00bb use_border_color=\u00a0\u00bboff\u00a0\u00bb border_color=\u00a0\u00bb#ffffff\u00a0\u00bb border_style=\u00a0\u00bbsolid\u00a0\u00bb]<\/p>\n<ul>\n<li>L\u2019arrimage des charges<\/li>\n<li>Le transport de mati\u00e8res dangereuses<\/li>\n<li>Les politiques et proc\u00e9dures de SIMARD<\/li>\n<\/ul>\n<p>[\/et_pb_text][\/et_pb_column_inner][\/et_pb_row_inner][et_pb_row_inner admin_label=\u00a0\u00bbLigne\u00a0\u00bb][et_pb_column_inner type=\u00a0\u00bb4_4&Prime; saved_specialty_column_type=\u00a0\u00bb2_3&Prime;][et_pb_divider admin_label=\u00a0\u00bbS\u00e9parateur\u00a0\u00bb color=\u00a0\u00bb#cccccc\u00a0\u00bb show_divider=\u00a0\u00bbon\u00a0\u00bb height=\u00a0\u00bb10&Prime; divider_style=\u00a0\u00bbsolid\u00a0\u00bb divider_position=\u00a0\u00bbtop\u00a0\u00bb hide_on_mobile=\u00a0\u00bbon\u00a0\u00bb divider_weight=\u00a0\u00bb1&Prime;]<\/p>\n<p>&nbsp;<\/p>\n<p>[\/et_pb_divider][et_pb_text admin_label=\u00a0\u00bbTexte\u00a0\u00bb background_layout=\u00a0\u00bblight\u00a0\u00bb text_orientation=\u00a0\u00bbleft\u00a0\u00bb use_border_color=\u00a0\u00bboff\u00a0\u00bb border_color=\u00a0\u00bb#ffffff\u00a0\u00bb border_style=\u00a0\u00bbsolid\u00a0\u00bb custom_margin=\u00a0\u00bb||0px|\u00a0\u00bb custom_padding=\u00a0\u00bb||0px|\u00a0\u00bb]<\/p>\n<p>SIMARD est <strong>membre des associations suivantes\u00a0<\/strong>:<\/p>\n<p>[\/et_pb_text][\/et_pb_column_inner][\/et_pb_row_inner][et_pb_row_inner admin_label=\u00a0\u00bbLigne\u00a0\u00bb custom_padding=\u00a0\u00bb0px|0px\u00a0\u00bb padding_mobile=\u00a0\u00bboff\u00a0\u00bb use_custom_gutter=\u00a0\u00bboff\u00a0\u00bb column_padding_mobile=\u00a0\u00bbon\u00a0\u00bb make_equal=\u00a0\u00bboff\u00a0\u00bb][et_pb_column_inner type=\u00a0\u00bb1_2&Prime; saved_specialty_column_type=\u00a0\u00bb2_3&Prime;][et_pb_text admin_label=\u00a0\u00bbTexte\u00a0\u00bb background_layout=\u00a0\u00bblight\u00a0\u00bb text_orientation=\u00a0\u00bbleft\u00a0\u00bb use_border_color=\u00a0\u00bboff\u00a0\u00bb border_color=\u00a0\u00bb#ffffff\u00a0\u00bb border_style=\u00a0\u00bbsolid\u00a0\u00bb]<\/p>\n<ul>\n<li>Association du Camionnage du Qu\u00e9bec\u00a0<em><a href=\"http:\/\/www.carrefour-acq.org\/\" target=\"_blank\">(ACQ)<\/a>\u00a0<\/em><\/li>\n<li>BC Trucking Association\u00a0<em><a href=\"http:\/\/www.bctrucking.com\/\" target=\"_blank\">(BCTA)<\/a><\/em><\/li>\n<li><em>\u00a0<\/em>Agence des Services Frontaliers du Canada<em>\u00a0<a href=\"http:\/\/www.cbsa-asfc.gc.ca\/menu-fra.html\" target=\"_blank\">(ASFC)<\/a><\/em><\/li>\n<li>Association des Transitaires Internationaux Canadiens\u00a0<em><a href=\"http:\/\/www.ciffa.com\/?lang=fr\" target=\"_blank\">(ATIC)<\/a>\u00a0<\/em><\/li>\n<\/ul>\n<p>[\/et_pb_text][\/et_pb_column_inner][et_pb_column_inner type=\u00a0\u00bb1_2&Prime; saved_specialty_column_type=\u00a0\u00bb2_3&Prime;][et_pb_text admin_label=\u00a0\u00bbTexte\u00a0\u00bb background_layout=\u00a0\u00bblight\u00a0\u00bb text_orientation=\u00a0\u00bbleft\u00a0\u00bb use_border_color=\u00a0\u00bboff\u00a0\u00bb border_color=\u00a0\u00bb#ffffff\u00a0\u00bb border_style=\u00a0\u00bbsolid\u00a0\u00bb]<\/p>\n<ul>\n<li>Ontario Trucking Association\u00a0<em><a href=\"http:\/\/ontruck.org\/\" target=\"_blank\">(OTA)<\/a>\u00a0<\/em><\/li>\n<li>Customs Trade Partnership Against Terrorism\u00a0<em><a href=\"http:\/\/www.c-tpat.ca\/ctpat.html\" target=\"_blank\">(C-TPAT)<\/a><\/em><\/li>\n<li>Ressources Naturelles Canada\u00a0<em><a href=\"http:\/\/www.rncan.gc.ca\/energie\/efficacite\/transports\/vehicules-commerciaux\/smartway\/7616\" target=\"_blank\">(SmartWay)<\/a><\/em><\/li>\n<li>Grappe M\u00e9tropolitaine de Logistique et de Transport de Montr\u00e9al\u00a0<em><a href=\"http:\/\/www.cargo-montreal.ca\/fr\/\" target=\"_blank\">(Cargo M)<\/a><\/em><\/li>\n<\/ul>\n<p>[\/et_pb_text][\/et_pb_column_inner][\/et_pb_row_inner][\/et_pb_column][et_pb_column type=\u00a0\u00bb1_3&Prime;][et_pb_text admin_label=\u00a0\u00bbSidebar transport\u00a0\u00bb global_module=\u00a0\u00bb309&Prime; background_layout=\u00a0\u00bblight\u00a0\u00bb text_orientation=\u00a0\u00bbleft\u00a0\u00bb text_font_size=\u00a0\u00bb16&Prime; text_text_color=\u00a0\u00bb#000000&Prime; use_border_color=\u00a0\u00bboff\u00a0\u00bb border_color=\u00a0\u00bb#ffffff\u00a0\u00bb border_style=\u00a0\u00bbsolid\u00a0\u00bb module_class=\u00a0\u00bbeurostile\u00a0\u00bb saved_tabs=\u00a0\u00bball\u00a0\u00bb]<\/p>\n<p><a href=\"https:\/\/www.simard.ca\/transport\"><img loading=\"lazy\" decoding=\"async\" class=\"alignnone wp-image-287 size-medium\" src=\"https:\/\/www.simard.ca\/wp-content\/uploads\/2015\/08\/image-gauche-3col-transport-300x188.jpg\" alt=\"image-gauche-3col-transport\" width=\"300\" height=\"188\" srcset=\"https:\/\/www.simard.ca\/wp-content\/uploads\/2015\/08\/image-gauche-3col-transport-300x188.jpg 300w, https:\/\/www.simard.ca\/wp-content\/uploads\/2015\/08\/image-gauche-3col-transport.jpg 320w\" sizes=\"(max-width: 300px) 100vw, 300px\" \/><\/a><\/p>\n<p><strong><em>TRANSPORT<br \/>\n<\/em><\/strong>Optimisez vos op\u00e9rations avec nos services de transport logistique.<br \/>\n<em><strong><a href=\"https:\/\/www.simard.ca\/transport\/\">EN SAVOIR PLUS\u00a0&gt;<\/a><\/strong><\/em><\/p>\n<p>[\/et_pb_text][et_pb_text admin_label=\u00a0\u00bbSidebar entreposage\u00a0\u00bb global_module=\u00a0\u00bb307&Prime; saved_tabs=\u00a0\u00bball\u00a0\u00bb background_layout=\u00a0\u00bblight\u00a0\u00bb text_orientation=\u00a0\u00bbleft\u00a0\u00bb module_class=\u00a0\u00bbeurostile\u00a0\u00bb text_font_size=\u00a0\u00bb16&Prime; text_text_color=\u00a0\u00bb#000000&Prime; use_border_color=\u00a0\u00bboff\u00a0\u00bb border_color=\u00a0\u00bb#ffffff\u00a0\u00bb border_style=\u00a0\u00bbsolid\u00a0\u00bb]<\/p>\n<p><a href=\"https:\/\/www.simard.ca\/entreposage\/\"><img loading=\"lazy\" decoding=\"async\" class=\"alignnone wp-image-582 size-medium\" src=\"https:\/\/www.simard.ca\/wp-content\/uploads\/2015\/07\/image-gauche-3col-entreposage_v2-300x188.jpg\" alt=\"image-gauche-3col-entreposage_v2\" width=\"300\" height=\"188\" srcset=\"https:\/\/www.simard.ca\/wp-content\/uploads\/2015\/07\/image-gauche-3col-entreposage_v2-300x188.jpg 300w, https:\/\/www.simard.ca\/wp-content\/uploads\/2015\/07\/image-gauche-3col-entreposage_v2.jpg 320w\" sizes=\"(max-width: 300px) 100vw, 300px\" \/><\/a><br \/>\n<strong><em>ENTREPOSAGE <\/em><\/strong><br \/>\nProfitez de nos solutions d&rsquo;entreposage logistique adapt\u00e9es \u00e0 vos besoins.<br \/>\n<em><strong><a href=\"https:\/\/www.simard.ca\/entreposage\/\">EN SAVOIR PLUS\u00a0&gt;<\/a><\/strong><\/em><\/p>\n<p>[\/et_pb_text][et_pb_text admin_label=\u00a0\u00bbSidebar Logistique\u00a0\u00bb global_module=\u00a0\u00bb308&Prime; saved_tabs=\u00a0\u00bball\u00a0\u00bb background_layout=\u00a0\u00bblight\u00a0\u00bb text_orientation=\u00a0\u00bbleft\u00a0\u00bb module_class=\u00a0\u00bbeurostile\u00a0\u00bb text_font_size=\u00a0\u00bb16&Prime; text_text_color=\u00a0\u00bb#000000&Prime; use_border_color=\u00a0\u00bboff\u00a0\u00bb border_color=\u00a0\u00bb#ffffff\u00a0\u00bb border_style=\u00a0\u00bbsolid\u00a0\u00bb]<\/p>\n<p><a href=\"https:\/\/www.simard.ca\/logistique\/\"><img loading=\"lazy\" decoding=\"async\" class=\"alignnone wp-image-342 size-medium\" src=\"https:\/\/www.simard.ca\/wp-content\/uploads\/2015\/10\/image-gauche-3col-logistique-300x188.jpg\" alt=\"image-gauche-3col-logistique\" width=\"300\" height=\"188\" srcset=\"https:\/\/www.simard.ca\/wp-content\/uploads\/2015\/10\/image-gauche-3col-logistique-300x188.jpg 300w, https:\/\/www.simard.ca\/wp-content\/uploads\/2015\/10\/image-gauche-3col-logistique.jpg 320w\" sizes=\"(max-width: 300px) 100vw, 300px\" \/><\/a><\/p>\n<p><em><strong>LOGISTIQUE<br \/>\n<\/strong><\/em>B\u00e9n\u00e9ficiez de notre vaste r\u00e9seau et de notre flexibilit\u00e9 exceptionnelle.<br \/>\n<em><strong><a href=\"https:\/\/www.simard.ca\/logistique\/\">EN SAVOIR PLUS\u00a0&gt;<\/a><\/strong><\/em><\/p>\n<p>[\/et_pb_text][\/et_pb_column][\/et_pb_section]<\/p>\n","protected":false},"excerpt":{"rendered":"<p>S\u00e9curit\u00e9 Optez pour des services qui d\u00e9passent les plus hautes normes de l\u2019industrie SIMARD prend toutes les pr\u00e9cautions n\u00e9cessaires pour assurer la responsabilit\u00e9 de votre marchandise et le suivi pr\u00e9cis de votre cargaison. &nbsp; Nos \u00e9quipements sont inspect\u00e9s r\u00e9guli\u00e8rement, suivant un programme d\u2019entretien rigoureux. Nos installations sont sous haute surveillance, 24 heures par jour, 7 [&hellip;]<\/p>\n","protected":false},"author":1,"featured_media":0,"parent":191,"menu_order":0,"comment_status":"closed","ping_status":"closed","template":"","meta":{"_et_pb_use_builder":"on","_et_pb_old_content":"","_et_gb_content_width":"","_monsterinsights_skip_tracking":false,"_monsterinsights_sitenote_active":false,"_monsterinsights_sitenote_note":"","_monsterinsights_sitenote_category":0,"footnotes":""},"class_list":["post-255","page","type-page","status-publish","hentry"],"yoast_head":"<!-- This site is optimized with the Yoast SEO plugin v27.5 - https:\/\/yoast.com\/product\/yoast-seo-wordpress\/ -->\n<title>S\u00e9curit\u00e9 - Simard<\/title>\n<meta name=\"description\" content=\"SIMARD prend toutes les pr\u00e9cautions n\u00e9cessaires pour assurer\u00a0la responsabilit\u00e9 de votre marchandise\u00a0et le suivi pr\u00e9cis de votre cargaison.\" \/>\n<meta name=\"robots\" content=\"index, follow, max-snippet:-1, max-image-preview:large, max-video-preview:-1\" \/>\n<link rel=\"canonical\" href=\"https:\/\/www.simard.ca\/fr\/a-propos\/securite\/\" \/>\n<meta property=\"og:locale\" content=\"fr_FR\" \/>\n<meta property=\"og:type\" content=\"article\" \/>\n<meta property=\"og:title\" content=\"S\u00e9curit\u00e9 - Simard\" \/>\n<meta property=\"og:description\" content=\"SIMARD prend toutes les pr\u00e9cautions n\u00e9cessaires pour assurer\u00a0la responsabilit\u00e9 de votre marchandise\u00a0et le suivi pr\u00e9cis de votre cargaison.\" \/>\n<meta property=\"og:url\" content=\"https:\/\/www.simard.ca\/fr\/a-propos\/securite\/\" \/>\n<meta property=\"og:site_name\" content=\"Simard\" \/>\n<meta property=\"article:modified_time\" content=\"2016-02-17T18:53:21+00:00\" \/>\n<meta property=\"og:image\" content=\"https:\/\/www.simard.ca\/wp-content\/uploads\/2015\/08\/image-gauche-3col-transport-300x188.jpg\" \/>\n<meta name=\"twitter:card\" content=\"summary_large_image\" \/>\n<meta name=\"twitter:label1\" content=\"Dur\u00e9e de lecture estim\u00e9e\" \/>\n\t<meta name=\"twitter:data1\" content=\"5 minutes\" \/>\n<script type=\"application\/ld+json\" class=\"yoast-schema-graph\">{\"@context\":\"https:\\\/\\\/schema.org\",\"@graph\":[{\"@type\":\"WebPage\",\"@id\":\"https:\\\/\\\/www.simard.ca\\\/fr\\\/a-propos\\\/securite\\\/\",\"url\":\"https:\\\/\\\/www.simard.ca\\\/fr\\\/a-propos\\\/securite\\\/\",\"name\":\"S\u00e9curit\u00e9 - Simard\",\"isPartOf\":{\"@id\":\"https:\\\/\\\/www.simard.ca\\\/fr\\\/#website\"},\"primaryImageOfPage\":{\"@id\":\"https:\\\/\\\/www.simard.ca\\\/fr\\\/a-propos\\\/securite\\\/#primaryimage\"},\"image\":{\"@id\":\"https:\\\/\\\/www.simard.ca\\\/fr\\\/a-propos\\\/securite\\\/#primaryimage\"},\"thumbnailUrl\":\"https:\\\/\\\/www.simard.ca\\\/wp-content\\\/uploads\\\/2015\\\/08\\\/image-gauche-3col-transport-300x188.jpg\",\"datePublished\":\"2015-10-15T14:47:35+00:00\",\"dateModified\":\"2016-02-17T18:53:21+00:00\",\"description\":\"SIMARD prend toutes les pr\u00e9cautions n\u00e9cessaires pour assurer\u00a0la responsabilit\u00e9 de votre marchandise\u00a0et le suivi pr\u00e9cis de votre cargaison.\",\"breadcrumb\":{\"@id\":\"https:\\\/\\\/www.simard.ca\\\/fr\\\/a-propos\\\/securite\\\/#breadcrumb\"},\"inLanguage\":\"fr-FR\",\"potentialAction\":[{\"@type\":\"ReadAction\",\"target\":[\"https:\\\/\\\/www.simard.ca\\\/fr\\\/a-propos\\\/securite\\\/\"]}]},{\"@type\":\"ImageObject\",\"inLanguage\":\"fr-FR\",\"@id\":\"https:\\\/\\\/www.simard.ca\\\/fr\\\/a-propos\\\/securite\\\/#primaryimage\",\"url\":\"https:\\\/\\\/www.simard.ca\\\/wp-content\\\/uploads\\\/2015\\\/08\\\/image-gauche-3col-transport-300x188.jpg\",\"contentUrl\":\"https:\\\/\\\/www.simard.ca\\\/wp-content\\\/uploads\\\/2015\\\/08\\\/image-gauche-3col-transport-300x188.jpg\"},{\"@type\":\"BreadcrumbList\",\"@id\":\"https:\\\/\\\/www.simard.ca\\\/fr\\\/a-propos\\\/securite\\\/#breadcrumb\",\"itemListElement\":[{\"@type\":\"ListItem\",\"position\":1,\"name\":\"Home\",\"item\":\"https:\\\/\\\/www.simard.ca\\\/fr\\\/\"},{\"@type\":\"ListItem\",\"position\":2,\"name\":\"\u00c0 propos\",\"item\":\"https:\\\/\\\/www.simard.ca\\\/fr\\\/a-propos\\\/\"},{\"@type\":\"ListItem\",\"position\":3,\"name\":\"S\u00e9curit\u00e9\"}]},{\"@type\":\"WebSite\",\"@id\":\"https:\\\/\\\/www.simard.ca\\\/fr\\\/#website\",\"url\":\"https:\\\/\\\/www.simard.ca\\\/fr\\\/\",\"name\":\"Simard\",\"description\":\"Transport - Entreposage - Logistique\",\"potentialAction\":[{\"@type\":\"SearchAction\",\"target\":{\"@type\":\"EntryPoint\",\"urlTemplate\":\"https:\\\/\\\/www.simard.ca\\\/fr\\\/?s={search_term_string}\"},\"query-input\":{\"@type\":\"PropertyValueSpecification\",\"valueRequired\":true,\"valueName\":\"search_term_string\"}}],\"inLanguage\":\"fr-FR\"}]}<\/script>\n<!-- \/ Yoast SEO plugin. -->","yoast_head_json":{"title":"S\u00e9curit\u00e9 - Simard","description":"SIMARD prend toutes les pr\u00e9cautions n\u00e9cessaires pour assurer\u00a0la responsabilit\u00e9 de votre marchandise\u00a0et le suivi pr\u00e9cis de votre cargaison.","robots":{"index":"index","follow":"follow","max-snippet":"max-snippet:-1","max-image-preview":"max-image-preview:large","max-video-preview":"max-video-preview:-1"},"canonical":"https:\/\/www.simard.ca\/fr\/a-propos\/securite\/","og_locale":"fr_FR","og_type":"article","og_title":"S\u00e9curit\u00e9 - Simard","og_description":"SIMARD prend toutes les pr\u00e9cautions n\u00e9cessaires pour assurer\u00a0la responsabilit\u00e9 de votre marchandise\u00a0et le suivi pr\u00e9cis de votre cargaison.","og_url":"https:\/\/www.simard.ca\/fr\/a-propos\/securite\/","og_site_name":"Simard","article_modified_time":"2016-02-17T18:53:21+00:00","og_image":[{"url":"https:\/\/www.simard.ca\/wp-content\/uploads\/2015\/08\/image-gauche-3col-transport-300x188.jpg","type":"","width":"","height":""}],"twitter_card":"summary_large_image","twitter_misc":{"Dur\u00e9e de lecture estim\u00e9e":"5 minutes"},"schema":{"@context":"https:\/\/schema.org","@graph":[{"@type":"WebPage","@id":"https:\/\/www.simard.ca\/fr\/a-propos\/securite\/","url":"https:\/\/www.simard.ca\/fr\/a-propos\/securite\/","name":"S\u00e9curit\u00e9 - Simard","isPartOf":{"@id":"https:\/\/www.simard.ca\/fr\/#website"},"primaryImageOfPage":{"@id":"https:\/\/www.simard.ca\/fr\/a-propos\/securite\/#primaryimage"},"image":{"@id":"https:\/\/www.simard.ca\/fr\/a-propos\/securite\/#primaryimage"},"thumbnailUrl":"https:\/\/www.simard.ca\/wp-content\/uploads\/2015\/08\/image-gauche-3col-transport-300x188.jpg","datePublished":"2015-10-15T14:47:35+00:00","dateModified":"2016-02-17T18:53:21+00:00","description":"SIMARD prend toutes les pr\u00e9cautions n\u00e9cessaires pour assurer\u00a0la responsabilit\u00e9 de votre marchandise\u00a0et le suivi pr\u00e9cis de votre cargaison.","breadcrumb":{"@id":"https:\/\/www.simard.ca\/fr\/a-propos\/securite\/#breadcrumb"},"inLanguage":"fr-FR","potentialAction":[{"@type":"ReadAction","target":["https:\/\/www.simard.ca\/fr\/a-propos\/securite\/"]}]},{"@type":"ImageObject","inLanguage":"fr-FR","@id":"https:\/\/www.simard.ca\/fr\/a-propos\/securite\/#primaryimage","url":"https:\/\/www.simard.ca\/wp-content\/uploads\/2015\/08\/image-gauche-3col-transport-300x188.jpg","contentUrl":"https:\/\/www.simard.ca\/wp-content\/uploads\/2015\/08\/image-gauche-3col-transport-300x188.jpg"},{"@type":"BreadcrumbList","@id":"https:\/\/www.simard.ca\/fr\/a-propos\/securite\/#breadcrumb","itemListElement":[{"@type":"ListItem","position":1,"name":"Home","item":"https:\/\/www.simard.ca\/fr\/"},{"@type":"ListItem","position":2,"name":"\u00c0 propos","item":"https:\/\/www.simard.ca\/fr\/a-propos\/"},{"@type":"ListItem","position":3,"name":"S\u00e9curit\u00e9"}]},{"@type":"WebSite","@id":"https:\/\/www.simard.ca\/fr\/#website","url":"https:\/\/www.simard.ca\/fr\/","name":"Simard","description":"Transport - Entreposage - Logistique","potentialAction":[{"@type":"SearchAction","target":{"@type":"EntryPoint","urlTemplate":"https:\/\/www.simard.ca\/fr\/?s={search_term_string}"},"query-input":{"@type":"PropertyValueSpecification","valueRequired":true,"valueName":"search_term_string"}}],"inLanguage":"fr-FR"}]}},"publishpress_future_action":{"enabled":false,"date":"2026-05-10 13:01:21","action":"change-status","newStatus":"draft","terms":[],"taxonomy":"translation_priority","extraData":[]},"publishpress_future_workflow_manual_trigger":{"enabledWorkflows":[]},"_links":{"self":[{"href":"https:\/\/www.simard.ca\/fr\/wp-json\/wp\/v2\/pages\/255","targetHints":{"allow":["GET"]}}],"collection":[{"href":"https:\/\/www.simard.ca\/fr\/wp-json\/wp\/v2\/pages"}],"about":[{"href":"https:\/\/www.simard.ca\/fr\/wp-json\/wp\/v2\/types\/page"}],"author":[{"embeddable":true,"href":"https:\/\/www.simard.ca\/fr\/wp-json\/wp\/v2\/users\/1"}],"replies":[{"embeddable":true,"href":"https:\/\/www.simard.ca\/fr\/wp-json\/wp\/v2\/comments?post=255"}],"version-history":[{"count":0,"href":"https:\/\/www.simard.ca\/fr\/wp-json\/wp\/v2\/pages\/255\/revisions"}],"up":[{"embeddable":true,"href":"https:\/\/www.simard.ca\/fr\/wp-json\/wp\/v2\/pages\/191"}],"wp:attachment":[{"href":"https:\/\/www.simard.ca\/fr\/wp-json\/wp\/v2\/media?parent=255"}],"curies":[{"name":"wp","href":"https:\/\/api.w.org\/{rel}","templated":true}]}}