{"id":250,"date":"2015-10-15T14:22:13","date_gmt":"2015-10-15T14:22:13","guid":{"rendered":"https:\/\/simardweb.wpengine.com\/?page_id=250"},"modified":"2016-02-16T19:08:52","modified_gmt":"2016-02-16T19:08:52","slug":"industries","status":"publish","type":"page","link":"https:\/\/www.simard.ca\/fr\/a-propos\/industries\/","title":{"rendered":"Industries"},"content":{"rendered":"<p>[et_pb_section admin_label=\u00a0\u00bbSection\u00a0\u00bb fullwidth=\u00a0\u00bbon\u00a0\u00bb specialty=\u00a0\u00bboff\u00a0\u00bb background_image=\u00a0\u00bbhttps:\/\/www.simard.ca\/wp-content\/uploads\/2015\/10\/bandeau-bleu.jpg\u00a0\u00bb transparent_background=\u00a0\u00bboff\u00a0\u00bb allow_player_pause=\u00a0\u00bboff\u00a0\u00bb inner_shadow=\u00a0\u00bboff\u00a0\u00bb parallax=\u00a0\u00bboff\u00a0\u00bb parallax_method=\u00a0\u00bboff\u00a0\u00bb padding_mobile=\u00a0\u00bboff\u00a0\u00bb make_fullwidth=\u00a0\u00bboff\u00a0\u00bb use_custom_width=\u00a0\u00bboff\u00a0\u00bb width_unit=\u00a0\u00bbon\u00a0\u00bb make_equal=\u00a0\u00bboff\u00a0\u00bb use_custom_gutter=\u00a0\u00bboff\u00a0\u00bb][et_pb_fullwidth_header admin_label=\u00a0\u00bbEn-t\u00eate plein \u00e9cran\u00a0\u00bb background_layout=\u00a0\u00bblight\u00a0\u00bb text_orientation=\u00a0\u00bbleft\u00a0\u00bb header_fullscreen=\u00a0\u00bboff\u00a0\u00bb header_scroll_down=\u00a0\u00bboff\u00a0\u00bb parallax=\u00a0\u00bboff\u00a0\u00bb parallax_method=\u00a0\u00bboff\u00a0\u00bb content_orientation=\u00a0\u00bbcenter\u00a0\u00bb image_orientation=\u00a0\u00bbcenter\u00a0\u00bb content_font_size=\u00a0\u00bb20&Prime; custom_button_one=\u00a0\u00bboff\u00a0\u00bb button_one_border_radius=\u00a0\u00bb0&Prime; button_one_letter_spacing=\u00a0\u00bb0&Prime; button_one_use_icon=\u00a0\u00bbdefault\u00a0\u00bb button_one_icon_placement=\u00a0\u00bbright\u00a0\u00bb button_one_on_hover=\u00a0\u00bbon\u00a0\u00bb button_one_letter_spacing_hover=\u00a0\u00bb0&Prime; custom_button_two=\u00a0\u00bboff\u00a0\u00bb button_two_border_radius=\u00a0\u00bb0&Prime; button_two_letter_spacing=\u00a0\u00bb0&Prime; button_two_use_icon=\u00a0\u00bbdefault\u00a0\u00bb button_two_icon_placement=\u00a0\u00bbright\u00a0\u00bb button_two_on_hover=\u00a0\u00bbon\u00a0\u00bb button_two_letter_spacing_hover=\u00a0\u00bb0&Prime; title_font_size=\u00a0\u00bb36&Prime; content_font_color=\u00a0\u00bb#ffffff\u00a0\u00bb title_font=\u00a0\u00bb|on|on||\u00a0\u00bb title_font_color=\u00a0\u00bb#ffffff\u00a0\u00bb]<\/p>\n<h1><strong>Industries<\/strong><\/h1>\n<p>[\/et_pb_fullwidth_header][\/et_pb_section][et_pb_section admin_label=\u00a0\u00bbSection\u00a0\u00bb fullwidth=\u00a0\u00bboff\u00a0\u00bb specialty=\u00a0\u00bbon\u00a0\u00bb transparent_background=\u00a0\u00bboff\u00a0\u00bb allow_player_pause=\u00a0\u00bboff\u00a0\u00bb inner_shadow=\u00a0\u00bboff\u00a0\u00bb parallax=\u00a0\u00bboff\u00a0\u00bb parallax_method=\u00a0\u00bboff\u00a0\u00bb padding_mobile=\u00a0\u00bboff\u00a0\u00bb make_fullwidth=\u00a0\u00bboff\u00a0\u00bb use_custom_width=\u00a0\u00bboff\u00a0\u00bb width_unit=\u00a0\u00bbon\u00a0\u00bb make_equal=\u00a0\u00bboff\u00a0\u00bb use_custom_gutter=\u00a0\u00bboff\u00a0\u00bb gutter_width=\u00a0\u00bb3&Prime; parallax_1=\u00a0\u00bboff\u00a0\u00bb parallax_method_1=\u00a0\u00bboff\u00a0\u00bb parallax_2=\u00a0\u00bboff\u00a0\u00bb parallax_method_2=\u00a0\u00bboff\u00a0\u00bb][et_pb_column type=\u00a0\u00bb2_3&Prime; specialty_columns=\u00a0\u00bb2&Prime;][et_pb_row_inner admin_label=\u00a0\u00bbLigne\u00a0\u00bb custom_padding=\u00a0\u00bb||10px|\u00a0\u00bb padding_mobile=\u00a0\u00bboff\u00a0\u00bb use_custom_gutter=\u00a0\u00bboff\u00a0\u00bb column_padding_mobile=\u00a0\u00bbon\u00a0\u00bb make_equal=\u00a0\u00bboff\u00a0\u00bb gutter_width=\u00a0\u00bb3&Prime; parallax_1=\u00a0\u00bboff\u00a0\u00bb parallax_method_1=\u00a0\u00bboff\u00a0\u00bb][et_pb_column_inner type=\u00a0\u00bb4_4&Prime; saved_specialty_column_type=\u00a0\u00bb2_3&Prime;][et_pb_text admin_label=\u00a0\u00bbTexte\u00a0\u00bb background_layout=\u00a0\u00bblight\u00a0\u00bb text_orientation=\u00a0\u00bbleft\u00a0\u00bb use_border_color=\u00a0\u00bboff\u00a0\u00bb border_color=\u00a0\u00bb#ffffff\u00a0\u00bb border_style=\u00a0\u00bbsolid\u00a0\u00bb text_font_size=\u00a0\u00bb14&Prime;]<\/p>\n<h2><strong><em>Am\u00e9liorer\u00a0l\u2019efficacit\u00e9\u00a0de votre chaine d\u2019approvisionnement selon votre\u00a0secteur d\u2019activit\u00e9<\/em><\/strong><\/h2>\n<p>Que vous soyez une petite firme, une moyenne entreprise ou une multinationale bas\u00e9e au Canada ou \u00e0 l&rsquo;\u00e9tranger, notre \u00e9quipe s\u2019engage \u00e0<strong> vous offrir des solutions flexibles et \u00e9conomiques<\/strong> adapt\u00e9 \u00e0 votre secteur d\u2019activit\u00e9\u00a0:<\/p>\n<p>[\/et_pb_text][\/et_pb_column_inner][\/et_pb_row_inner][et_pb_row_inner admin_label=\u00a0\u00bbLigne\u00a0\u00bb custom_padding=\u00a0\u00bb0px|0px\u00a0\u00bb padding_mobile=\u00a0\u00bboff\u00a0\u00bb use_custom_gutter=\u00a0\u00bboff\u00a0\u00bb column_padding_mobile=\u00a0\u00bbon\u00a0\u00bb make_equal=\u00a0\u00bboff\u00a0\u00bb][et_pb_column_inner type=\u00a0\u00bb1_2&Prime; saved_specialty_column_type=\u00a0\u00bb2_3&Prime;][et_pb_text admin_label=\u00a0\u00bbTexte\u00a0\u00bb background_layout=\u00a0\u00bblight\u00a0\u00bb text_orientation=\u00a0\u00bbleft\u00a0\u00bb use_border_color=\u00a0\u00bboff\u00a0\u00bb border_color=\u00a0\u00bb#ffffff\u00a0\u00bb border_style=\u00a0\u00bbsolid\u00a0\u00bb]<\/p>\n<ul>\n<li>A\u00e9rospatial<\/li>\n<li>Alimentation<\/li>\n<li>Automobile<\/li>\n<li>Construction<\/li>\n<li>Commerce de d\u00e9tail<\/li>\n<\/ul>\n<p>[\/et_pb_text][\/et_pb_column_inner][et_pb_column_inner type=\u00a0\u00bb1_2&Prime; saved_specialty_column_type=\u00a0\u00bb2_3&Prime;][et_pb_text admin_label=\u00a0\u00bbTexte\u00a0\u00bb background_layout=\u00a0\u00bblight\u00a0\u00bb text_orientation=\u00a0\u00bbleft\u00a0\u00bb use_border_color=\u00a0\u00bboff\u00a0\u00bb border_color=\u00a0\u00bb#ffffff\u00a0\u00bb border_style=\u00a0\u00bbsolid\u00a0\u00bb]<\/p>\n<ul>\n<li>Conteneurs maritimes<\/li>\n<li>Marchandise g\u00e9n\u00e9rale<\/li>\n<li>Pharmaceutique et cosm\u00e9tique<\/li>\n<li>Tabac<\/li>\n<li>V\u00eatements<\/li>\n<\/ul>\n<p>[\/et_pb_text][\/et_pb_column_inner][\/et_pb_row_inner][et_pb_row_inner admin_label=\u00a0\u00bbLigne\u00a0\u00bb custom_padding=\u00a0\u00bb|10px\u00a0\u00bb padding_mobile=\u00a0\u00bboff\u00a0\u00bb use_custom_gutter=\u00a0\u00bboff\u00a0\u00bb column_padding_mobile=\u00a0\u00bbon\u00a0\u00bb make_equal=\u00a0\u00bboff\u00a0\u00bb][et_pb_column_inner type=\u00a0\u00bb4_4&Prime; saved_specialty_column_type=\u00a0\u00bb2_3&Prime;][et_pb_divider admin_label=\u00a0\u00bbS\u00e9parateur\u00a0\u00bb color=\u00a0\u00bb#cccccc\u00a0\u00bb show_divider=\u00a0\u00bbon\u00a0\u00bb height=\u00a0\u00bb10&Prime; divider_style=\u00a0\u00bbsolid\u00a0\u00bb divider_position=\u00a0\u00bbtop\u00a0\u00bb hide_on_mobile=\u00a0\u00bbon\u00a0\u00bb divider_weight=\u00a0\u00bb1&Prime;]<\/p>\n<p>&nbsp;<\/p>\n<p>[\/et_pb_divider][et_pb_text admin_label=\u00a0\u00bbTexte\u00a0\u00bb background_layout=\u00a0\u00bblight\u00a0\u00bb text_orientation=\u00a0\u00bbleft\u00a0\u00bb use_border_color=\u00a0\u00bboff\u00a0\u00bb border_color=\u00a0\u00bb#ffffff\u00a0\u00bb border_style=\u00a0\u00bbsolid\u00a0\u00bb text_font_size=\u00a0\u00bb14&Prime;]<\/p>\n<p>Quelle que soit votre destination, <strong>SIMARD s\u2019adapte \u00e0 tous les types de cargaison<\/strong>, gr\u00e2ce \u00e0 des ententes strat\u00e9giques conclues avec des partenaires d\u2019affaires reconnus :<\/p>\n<p>[\/et_pb_text][\/et_pb_column_inner][\/et_pb_row_inner][et_pb_row_inner admin_label=\u00a0\u00bbLigne\u00a0\u00bb custom_padding=\u00a0\u00bb0px|0px\u00a0\u00bb padding_mobile=\u00a0\u00bboff\u00a0\u00bb use_custom_gutter=\u00a0\u00bboff\u00a0\u00bb column_padding_mobile=\u00a0\u00bbon\u00a0\u00bb make_equal=\u00a0\u00bboff\u00a0\u00bb][et_pb_column_inner type=\u00a0\u00bb1_2&Prime; saved_specialty_column_type=\u00a0\u00bb2_3&Prime;][et_pb_text admin_label=\u00a0\u00bbTexte\u00a0\u00bb background_layout=\u00a0\u00bblight\u00a0\u00bb text_orientation=\u00a0\u00bbleft\u00a0\u00bb use_border_color=\u00a0\u00bboff\u00a0\u00bb border_color=\u00a0\u00bb#ffffff\u00a0\u00bb border_style=\u00a0\u00bbsolid\u00a0\u00bb text_font_size=\u00a0\u00bb14&Prime;]<\/p>\n<ul>\n<li>D\u00e9taillants<\/li>\n<li>Manufacturiers<\/li>\n<li>Grossistes<\/li>\n<li>Distributeurs<\/li>\n<\/ul>\n<p>[\/et_pb_text][\/et_pb_column_inner][et_pb_column_inner type=\u00a0\u00bb1_2&Prime; saved_specialty_column_type=\u00a0\u00bb2_3&Prime;][et_pb_text admin_label=\u00a0\u00bbTexte\u00a0\u00bb background_layout=\u00a0\u00bblight\u00a0\u00bb text_orientation=\u00a0\u00bbleft\u00a0\u00bb use_border_color=\u00a0\u00bboff\u00a0\u00bb border_color=\u00a0\u00bb#ffffff\u00a0\u00bb border_style=\u00a0\u00bbsolid\u00a0\u00bb text_font_size=\u00a0\u00bb14&Prime;]<\/p>\n<ul>\n<li>Transitaires<\/li>\n<li>Compagnies a\u00e9riennes<\/li>\n<li>Chemins de fer<\/li>\n<li>Importateurs<\/li>\n<\/ul>\n<p>[\/et_pb_text][\/et_pb_column_inner][\/et_pb_row_inner][et_pb_row_inner admin_label=\u00a0\u00bbLigne\u00a0\u00bb][et_pb_column_inner type=\u00a0\u00bb4_4&Prime; saved_specialty_column_type=\u00a0\u00bb2_3&Prime;][et_pb_divider admin_label=\u00a0\u00bbS\u00e9parateur\u00a0\u00bb color=\u00a0\u00bb#ffffff\u00a0\u00bb show_divider=\u00a0\u00bboff\u00a0\u00bb divider_style=\u00a0\u00bbsolid\u00a0\u00bb divider_position=\u00a0\u00bbtop\u00a0\u00bb divider_weight=\u00a0\u00bb1&Prime; hide_on_mobile=\u00a0\u00bbon\u00a0\u00bb] [\/et_pb_divider][\/et_pb_column_inner][\/et_pb_row_inner][\/et_pb_column][et_pb_column type=\u00a0\u00bb1_3&Prime;][et_pb_text admin_label=\u00a0\u00bbEntreprosage\u00a0\u00bb global_module=\u00a0\u00bb307&Prime; saved_tabs=\u00a0\u00bball\u00a0\u00bb background_layout=\u00a0\u00bblight\u00a0\u00bb text_orientation=\u00a0\u00bbleft\u00a0\u00bb module_class=\u00a0\u00bbeurostile\u00a0\u00bb text_font_size=\u00a0\u00bb16&Prime; text_text_color=\u00a0\u00bb#000000&Prime; use_border_color=\u00a0\u00bboff\u00a0\u00bb border_color=\u00a0\u00bb#ffffff\u00a0\u00bb border_style=\u00a0\u00bbsolid\u00a0\u00bb]<\/p>\n<p><a href=\"https:\/\/www.simard.ca\/fr\/entreposage\/\"><img loading=\"lazy\" decoding=\"async\" class=\"alignnone wp-image-1271 size-full\" src=\"https:\/\/www.simard.ca\/wp-content\/uploads\/2015\/10\/ENTREPOSAGE.jpg\" alt=\"\" width=\"320\" height=\"200\" srcset=\"https:\/\/www.simard.ca\/wp-content\/uploads\/2015\/10\/ENTREPOSAGE.jpg 320w, https:\/\/www.simard.ca\/wp-content\/uploads\/2015\/10\/ENTREPOSAGE-300x188.jpg 300w\" sizes=\"(max-width: 320px) 100vw, 320px\" \/><\/a><br \/>\n<strong><em>ENTREPOSAGE<\/em><\/strong><br \/>\nProfitez de nos solutions d&rsquo;entreposage logistique adapt\u00e9es \u00e0 vos besoins.<br \/>\n<em><strong><a href=\"https:\/\/www.simard.ca\/fr\/entreprosage\">EN SAVOIR PLUS\u00a0&gt;<\/a><\/strong><\/em><\/p>\n<p>[\/et_pb_text][\/et_pb_column][\/et_pb_section]<\/p>\n","protected":false},"excerpt":{"rendered":"<p>Industries Am\u00e9liorer\u00a0l\u2019efficacit\u00e9\u00a0de votre chaine d\u2019approvisionnement selon votre\u00a0secteur d\u2019activit\u00e9 Que vous soyez une petite firme, une moyenne entreprise ou une multinationale bas\u00e9e au Canada ou \u00e0 l&rsquo;\u00e9tranger, notre \u00e9quipe s\u2019engage \u00e0 vous offrir des solutions flexibles et \u00e9conomiques adapt\u00e9 \u00e0 votre secteur d\u2019activit\u00e9\u00a0: A\u00e9rospatial Alimentation Automobile Construction Commerce de d\u00e9tail Conteneurs maritimes Marchandise g\u00e9n\u00e9rale Pharmaceutique et [&hellip;]<\/p>\n","protected":false},"author":1,"featured_media":0,"parent":191,"menu_order":0,"comment_status":"closed","ping_status":"closed","template":"","meta":{"_et_pb_use_builder":"on","_et_pb_old_content":"","_et_gb_content_width":"","_monsterinsights_skip_tracking":false,"_monsterinsights_sitenote_active":false,"_monsterinsights_sitenote_note":"","_monsterinsights_sitenote_category":0,"footnotes":""},"class_list":["post-250","page","type-page","status-publish","hentry"],"yoast_head":"<!-- This site is optimized with the Yoast SEO plugin v27.5 - https:\/\/yoast.com\/product\/yoast-seo-wordpress\/ -->\n<title>Solutions de transport pour Industries - Simard<\/title>\n<meta name=\"robots\" content=\"index, follow, max-snippet:-1, max-image-preview:large, max-video-preview:-1\" \/>\n<link rel=\"canonical\" href=\"https:\/\/www.simard.ca\/fr\/a-propos\/industries\/\" \/>\n<meta property=\"og:locale\" content=\"fr_FR\" \/>\n<meta property=\"og:type\" content=\"article\" \/>\n<meta property=\"og:title\" content=\"Solutions de transport pour Industries - Simard\" \/>\n<meta property=\"og:description\" content=\"Industries Am\u00e9liorer\u00a0l\u2019efficacit\u00e9\u00a0de votre chaine d\u2019approvisionnement selon votre\u00a0secteur d\u2019activit\u00e9 Que vous soyez une petite firme, une moyenne entreprise ou une multinationale bas\u00e9e au Canada ou \u00e0 l&#039;\u00e9tranger, notre \u00e9quipe s\u2019engage \u00e0 vous offrir des solutions flexibles et \u00e9conomiques adapt\u00e9 \u00e0 votre secteur d\u2019activit\u00e9\u00a0: A\u00e9rospatial Alimentation Automobile Construction Commerce de d\u00e9tail Conteneurs maritimes Marchandise g\u00e9n\u00e9rale Pharmaceutique et [&hellip;]\" \/>\n<meta property=\"og:url\" content=\"https:\/\/www.simard.ca\/fr\/a-propos\/industries\/\" \/>\n<meta property=\"og:site_name\" content=\"Simard\" \/>\n<meta property=\"article:modified_time\" content=\"2016-02-16T19:08:52+00:00\" \/>\n<meta property=\"og:image\" content=\"https:\/\/www.simard.ca\/wp-content\/uploads\/2015\/10\/ENTREPOSAGE.jpg\" \/>\n<meta name=\"twitter:card\" content=\"summary_large_image\" \/>\n<meta name=\"twitter:label1\" content=\"Dur\u00e9e de lecture estim\u00e9e\" \/>\n\t<meta name=\"twitter:data1\" content=\"4 minutes\" \/>\n<script type=\"application\/ld+json\" class=\"yoast-schema-graph\">{\"@context\":\"https:\\\/\\\/schema.org\",\"@graph\":[{\"@type\":\"WebPage\",\"@id\":\"https:\\\/\\\/www.simard.ca\\\/fr\\\/a-propos\\\/industries\\\/\",\"url\":\"https:\\\/\\\/www.simard.ca\\\/fr\\\/a-propos\\\/industries\\\/\",\"name\":\"Solutions de transport pour Industries - Simard\",\"isPartOf\":{\"@id\":\"https:\\\/\\\/www.simard.ca\\\/fr\\\/#website\"},\"primaryImageOfPage\":{\"@id\":\"https:\\\/\\\/www.simard.ca\\\/fr\\\/a-propos\\\/industries\\\/#primaryimage\"},\"image\":{\"@id\":\"https:\\\/\\\/www.simard.ca\\\/fr\\\/a-propos\\\/industries\\\/#primaryimage\"},\"thumbnailUrl\":\"https:\\\/\\\/www.simard.ca\\\/wp-content\\\/uploads\\\/2015\\\/10\\\/ENTREPOSAGE.jpg\",\"datePublished\":\"2015-10-15T14:22:13+00:00\",\"dateModified\":\"2016-02-16T19:08:52+00:00\",\"breadcrumb\":{\"@id\":\"https:\\\/\\\/www.simard.ca\\\/fr\\\/a-propos\\\/industries\\\/#breadcrumb\"},\"inLanguage\":\"fr-FR\",\"potentialAction\":[{\"@type\":\"ReadAction\",\"target\":[\"https:\\\/\\\/www.simard.ca\\\/fr\\\/a-propos\\\/industries\\\/\"]}]},{\"@type\":\"ImageObject\",\"inLanguage\":\"fr-FR\",\"@id\":\"https:\\\/\\\/www.simard.ca\\\/fr\\\/a-propos\\\/industries\\\/#primaryimage\",\"url\":\"https:\\\/\\\/www.simard.ca\\\/wp-content\\\/uploads\\\/2015\\\/10\\\/ENTREPOSAGE.jpg\",\"contentUrl\":\"https:\\\/\\\/www.simard.ca\\\/wp-content\\\/uploads\\\/2015\\\/10\\\/ENTREPOSAGE.jpg\"},{\"@type\":\"BreadcrumbList\",\"@id\":\"https:\\\/\\\/www.simard.ca\\\/fr\\\/a-propos\\\/industries\\\/#breadcrumb\",\"itemListElement\":[{\"@type\":\"ListItem\",\"position\":1,\"name\":\"Home\",\"item\":\"https:\\\/\\\/www.simard.ca\\\/fr\\\/\"},{\"@type\":\"ListItem\",\"position\":2,\"name\":\"\u00c0 propos\",\"item\":\"https:\\\/\\\/www.simard.ca\\\/fr\\\/a-propos\\\/\"},{\"@type\":\"ListItem\",\"position\":3,\"name\":\"Industries\"}]},{\"@type\":\"WebSite\",\"@id\":\"https:\\\/\\\/www.simard.ca\\\/fr\\\/#website\",\"url\":\"https:\\\/\\\/www.simard.ca\\\/fr\\\/\",\"name\":\"Simard\",\"description\":\"Transport - Entreposage - Logistique\",\"potentialAction\":[{\"@type\":\"SearchAction\",\"target\":{\"@type\":\"EntryPoint\",\"urlTemplate\":\"https:\\\/\\\/www.simard.ca\\\/fr\\\/?s={search_term_string}\"},\"query-input\":{\"@type\":\"PropertyValueSpecification\",\"valueRequired\":true,\"valueName\":\"search_term_string\"}}],\"inLanguage\":\"fr-FR\"}]}<\/script>\n<!-- \/ Yoast SEO plugin. -->","yoast_head_json":{"title":"Solutions de transport pour Industries - Simard","robots":{"index":"index","follow":"follow","max-snippet":"max-snippet:-1","max-image-preview":"max-image-preview:large","max-video-preview":"max-video-preview:-1"},"canonical":"https:\/\/www.simard.ca\/fr\/a-propos\/industries\/","og_locale":"fr_FR","og_type":"article","og_title":"Solutions de transport pour Industries - Simard","og_description":"Industries Am\u00e9liorer\u00a0l\u2019efficacit\u00e9\u00a0de votre chaine d\u2019approvisionnement selon votre\u00a0secteur d\u2019activit\u00e9 Que vous soyez une petite firme, une moyenne entreprise ou une multinationale bas\u00e9e au Canada ou \u00e0 l'\u00e9tranger, notre \u00e9quipe s\u2019engage \u00e0 vous offrir des solutions flexibles et \u00e9conomiques adapt\u00e9 \u00e0 votre secteur d\u2019activit\u00e9\u00a0: A\u00e9rospatial Alimentation Automobile Construction Commerce de d\u00e9tail Conteneurs maritimes Marchandise g\u00e9n\u00e9rale Pharmaceutique et [&hellip;]","og_url":"https:\/\/www.simard.ca\/fr\/a-propos\/industries\/","og_site_name":"Simard","article_modified_time":"2016-02-16T19:08:52+00:00","og_image":[{"url":"https:\/\/www.simard.ca\/wp-content\/uploads\/2015\/10\/ENTREPOSAGE.jpg","type":"","width":"","height":""}],"twitter_card":"summary_large_image","twitter_misc":{"Dur\u00e9e de lecture estim\u00e9e":"4 minutes"},"schema":{"@context":"https:\/\/schema.org","@graph":[{"@type":"WebPage","@id":"https:\/\/www.simard.ca\/fr\/a-propos\/industries\/","url":"https:\/\/www.simard.ca\/fr\/a-propos\/industries\/","name":"Solutions de transport pour Industries - Simard","isPartOf":{"@id":"https:\/\/www.simard.ca\/fr\/#website"},"primaryImageOfPage":{"@id":"https:\/\/www.simard.ca\/fr\/a-propos\/industries\/#primaryimage"},"image":{"@id":"https:\/\/www.simard.ca\/fr\/a-propos\/industries\/#primaryimage"},"thumbnailUrl":"https:\/\/www.simard.ca\/wp-content\/uploads\/2015\/10\/ENTREPOSAGE.jpg","datePublished":"2015-10-15T14:22:13+00:00","dateModified":"2016-02-16T19:08:52+00:00","breadcrumb":{"@id":"https:\/\/www.simard.ca\/fr\/a-propos\/industries\/#breadcrumb"},"inLanguage":"fr-FR","potentialAction":[{"@type":"ReadAction","target":["https:\/\/www.simard.ca\/fr\/a-propos\/industries\/"]}]},{"@type":"ImageObject","inLanguage":"fr-FR","@id":"https:\/\/www.simard.ca\/fr\/a-propos\/industries\/#primaryimage","url":"https:\/\/www.simard.ca\/wp-content\/uploads\/2015\/10\/ENTREPOSAGE.jpg","contentUrl":"https:\/\/www.simard.ca\/wp-content\/uploads\/2015\/10\/ENTREPOSAGE.jpg"},{"@type":"BreadcrumbList","@id":"https:\/\/www.simard.ca\/fr\/a-propos\/industries\/#breadcrumb","itemListElement":[{"@type":"ListItem","position":1,"name":"Home","item":"https:\/\/www.simard.ca\/fr\/"},{"@type":"ListItem","position":2,"name":"\u00c0 propos","item":"https:\/\/www.simard.ca\/fr\/a-propos\/"},{"@type":"ListItem","position":3,"name":"Industries"}]},{"@type":"WebSite","@id":"https:\/\/www.simard.ca\/fr\/#website","url":"https:\/\/www.simard.ca\/fr\/","name":"Simard","description":"Transport - Entreposage - Logistique","potentialAction":[{"@type":"SearchAction","target":{"@type":"EntryPoint","urlTemplate":"https:\/\/www.simard.ca\/fr\/?s={search_term_string}"},"query-input":{"@type":"PropertyValueSpecification","valueRequired":true,"valueName":"search_term_string"}}],"inLanguage":"fr-FR"}]}},"publishpress_future_action":{"enabled":false,"date":"2026-05-10 13:03:30","action":"change-status","newStatus":"draft","terms":[],"taxonomy":"translation_priority","extraData":[]},"publishpress_future_workflow_manual_trigger":{"enabledWorkflows":[]},"_links":{"self":[{"href":"https:\/\/www.simard.ca\/fr\/wp-json\/wp\/v2\/pages\/250","targetHints":{"allow":["GET"]}}],"collection":[{"href":"https:\/\/www.simard.ca\/fr\/wp-json\/wp\/v2\/pages"}],"about":[{"href":"https:\/\/www.simard.ca\/fr\/wp-json\/wp\/v2\/types\/page"}],"author":[{"embeddable":true,"href":"https:\/\/www.simard.ca\/fr\/wp-json\/wp\/v2\/users\/1"}],"replies":[{"embeddable":true,"href":"https:\/\/www.simard.ca\/fr\/wp-json\/wp\/v2\/comments?post=250"}],"version-history":[{"count":0,"href":"https:\/\/www.simard.ca\/fr\/wp-json\/wp\/v2\/pages\/250\/revisions"}],"up":[{"embeddable":true,"href":"https:\/\/www.simard.ca\/fr\/wp-json\/wp\/v2\/pages\/191"}],"wp:attachment":[{"href":"https:\/\/www.simard.ca\/fr\/wp-json\/wp\/v2\/media?parent=250"}],"curies":[{"name":"wp","href":"https:\/\/api.w.org\/{rel}","templated":true}]}}