{"id":244,"date":"2015-10-15T13:59:53","date_gmt":"2015-10-15T13:59:53","guid":{"rendered":"https:\/\/simardweb.wpengine.com\/?page_id=244"},"modified":"2016-01-05T20:34:12","modified_gmt":"2016-01-05T20:34:12","slug":"transport-de-conteneurs","status":"publish","type":"page","link":"https:\/\/www.simard.ca\/fr\/transport\/transport-de-conteneurs\/","title":{"rendered":"Transport de conteneurs"},"content":{"rendered":"<p>[et_pb_section admin_label=\u00a0\u00bbsection\u00a0\u00bb fullwidth=\u00a0\u00bbon\u00a0\u00bb specialty=\u00a0\u00bboff\u00a0\u00bb background_image=\u00a0\u00bbhttps:\/\/www.simard.ca\/wp-content\/uploads\/2015\/07\/bandeau-transport-conteneur-mb.jpg\u00a0\u00bb transparent_background=\u00a0\u00bboff\u00a0\u00bb allow_player_pause=\u00a0\u00bboff\u00a0\u00bb inner_shadow=\u00a0\u00bboff\u00a0\u00bb parallax=\u00a0\u00bboff\u00a0\u00bb parallax_method=\u00a0\u00bbon\u00a0\u00bb padding_mobile=\u00a0\u00bboff\u00a0\u00bb make_fullwidth=\u00a0\u00bboff\u00a0\u00bb use_custom_width=\u00a0\u00bboff\u00a0\u00bb width_unit=\u00a0\u00bbon\u00a0\u00bb make_equal=\u00a0\u00bboff\u00a0\u00bb use_custom_gutter=\u00a0\u00bboff\u00a0\u00bb gutter_width=\u00a0\u00bb3&Prime;][et_pb_fullwidth_header admin_label=\u00a0\u00bbEn-t\u00eate plein \u00e9cran\u00a0\u00bb background_layout=\u00a0\u00bblight\u00a0\u00bb text_orientation=\u00a0\u00bbleft\u00a0\u00bb header_fullscreen=\u00a0\u00bboff\u00a0\u00bb header_scroll_down=\u00a0\u00bboff\u00a0\u00bb parallax=\u00a0\u00bboff\u00a0\u00bb parallax_method=\u00a0\u00bboff\u00a0\u00bb content_orientation=\u00a0\u00bbcenter\u00a0\u00bb image_orientation=\u00a0\u00bbcenter\u00a0\u00bb title_font=\u00a0\u00bb|on|on||\u00a0\u00bb title_font_size=\u00a0\u00bb36&Prime; custom_button_one=\u00a0\u00bboff\u00a0\u00bb button_one_border_radius=\u00a0\u00bb0&Prime; button_one_letter_spacing=\u00a0\u00bb0&Prime; button_one_use_icon=\u00a0\u00bbdefault\u00a0\u00bb button_one_icon_placement=\u00a0\u00bbright\u00a0\u00bb button_one_on_hover=\u00a0\u00bbon\u00a0\u00bb button_one_letter_spacing_hover=\u00a0\u00bb0&Prime; custom_button_two=\u00a0\u00bboff\u00a0\u00bb button_two_border_radius=\u00a0\u00bb0&Prime; button_two_letter_spacing=\u00a0\u00bb0&Prime; button_two_use_icon=\u00a0\u00bbdefault\u00a0\u00bb button_two_icon_placement=\u00a0\u00bbright\u00a0\u00bb button_two_on_hover=\u00a0\u00bbon\u00a0\u00bb button_two_letter_spacing_hover=\u00a0\u00bb0&Prime; title_font_color=\u00a0\u00bb#ffffff\u00a0\u00bb content_font_color=\u00a0\u00bb#ffffff\u00a0\u00bb content_font_size=\u00a0\u00bb20&Prime; button_one_text_size=\u00a0\u00bb20&Prime; button_one_border_width=\u00a0\u00bb2&Prime; button_one_border_radius_hover=\u00a0\u00bb3&Prime; button_two_text_size=\u00a0\u00bb20&Prime; button_two_border_width=\u00a0\u00bb2&Prime; button_two_border_radius_hover=\u00a0\u00bb3&Prime;]<\/p>\n<h1>Transport de <strong>conteneurs<\/strong><\/h1>\n<p>[\/et_pb_fullwidth_header][\/et_pb_section][et_pb_section admin_label=\u00a0\u00bbSection\u00a0\u00bb fullwidth=\u00a0\u00bboff\u00a0\u00bb specialty=\u00a0\u00bboff\u00a0\u00bb][et_pb_row admin_label=\u00a0\u00bbLigne\u00a0\u00bb make_fullwidth=\u00a0\u00bboff\u00a0\u00bb use_custom_width=\u00a0\u00bboff\u00a0\u00bb width_unit=\u00a0\u00bbon\u00a0\u00bb use_custom_gutter=\u00a0\u00bboff\u00a0\u00bb custom_padding=\u00a0\u00bb|0px\u00a0\u00bb padding_mobile=\u00a0\u00bboff\u00a0\u00bb allow_player_pause=\u00a0\u00bboff\u00a0\u00bb parallax=\u00a0\u00bboff\u00a0\u00bb parallax_method=\u00a0\u00bboff\u00a0\u00bb make_equal=\u00a0\u00bboff\u00a0\u00bb column_padding_mobile=\u00a0\u00bbon\u00a0\u00bb][et_pb_column type=\u00a0\u00bb4_4&Prime;][et_pb_text admin_label=\u00a0\u00bbTexte\u00a0\u00bb background_layout=\u00a0\u00bblight\u00a0\u00bb text_orientation=\u00a0\u00bbleft\u00a0\u00bb use_border_color=\u00a0\u00bboff\u00a0\u00bb border_color=\u00a0\u00bb#ffffff\u00a0\u00bb border_style=\u00a0\u00bbsolid\u00a0\u00bb]<\/p>\n<h2 style=\"text-align: left;\"><strong>Profitez de notre expertise pour optimiser vos frais de livraison<\/strong><\/h2>\n<p>[\/et_pb_text][\/et_pb_column][\/et_pb_row][et_pb_row admin_label=\u00a0\u00bbLigne\u00a0\u00bb][et_pb_column type=\u00a0\u00bb3_4&Prime;][et_pb_text admin_label=\u00a0\u00bbTexte\u00a0\u00bb background_layout=\u00a0\u00bblight\u00a0\u00bb text_orientation=\u00a0\u00bbleft\u00a0\u00bb use_border_color=\u00a0\u00bboff\u00a0\u00bb border_color=\u00a0\u00bb#ffffff\u00a0\u00bb border_style=\u00a0\u00bbsolid\u00a0\u00bb]<\/p>\n<p style=\"text-align: left;\">SIMARD propose le service de <strong>transport de conteneurs de chargements complets<\/strong> <strong>(FCL ou <em>Full container load<\/em>) en provenance d\u2019outre-mer \u00e0 travers le Canada.<\/strong> Notre importante flotte de ch\u00e2ssis et nos installations s\u00e9curis\u00e9es sont situ\u00e9es en bordure des diff\u00e9rents terminaux maritimes, a\u00e9roportuaires et ferroviaires afin d\u2019optimiser l\u2019ensemble de nos op\u00e9rations.<\/p>\n<p>SIMARD est reconnu pour son service logistique de livraison porte-\u00e0-porte,<strong> 7 jours sur 7<\/strong>. [\/et_pb_text][\/et_pb_column][et_pb_column type=\u00a0\u00bb1_4&Prime;][et_pb_image admin_label=\u00a0\u00bbImage\u00a0\u00bb src=\u00a0\u00bbhttps:\/\/www.simard.ca\/wp-content\/uploads\/2015\/10\/ENTREPOT320-TER.jpg\u00a0\u00bb show_in_lightbox=\u00a0\u00bboff\u00a0\u00bb url_new_window=\u00a0\u00bboff\u00a0\u00bb animation=\u00a0\u00bbfade_in\u00a0\u00bb sticky=\u00a0\u00bboff\u00a0\u00bb align=\u00a0\u00bbleft\u00a0\u00bb force_fullwidth=\u00a0\u00bboff\u00a0\u00bb always_center_on_mobile=\u00a0\u00bbon\u00a0\u00bb use_border_color=\u00a0\u00bboff\u00a0\u00bb border_color=\u00a0\u00bb#ffffff\u00a0\u00bb border_style=\u00a0\u00bbsolid\u00a0\u00bb] [\/et_pb_image][\/et_pb_column][\/et_pb_row][et_pb_row admin_label=\u00a0\u00bbLigne\u00a0\u00bb make_fullwidth=\u00a0\u00bboff\u00a0\u00bb use_custom_width=\u00a0\u00bboff\u00a0\u00bb width_unit=\u00a0\u00bbon\u00a0\u00bb use_custom_gutter=\u00a0\u00bboff\u00a0\u00bb gutter_width=\u00a0\u00bb3&Prime; custom_padding=\u00a0\u00bb||0px|\u00a0\u00bb padding_mobile=\u00a0\u00bboff\u00a0\u00bb allow_player_pause=\u00a0\u00bboff\u00a0\u00bb parallax=\u00a0\u00bboff\u00a0\u00bb parallax_method=\u00a0\u00bboff\u00a0\u00bb make_equal=\u00a0\u00bboff\u00a0\u00bb parallax_1=\u00a0\u00bboff\u00a0\u00bb parallax_method_1=\u00a0\u00bboff\u00a0\u00bb column_padding_mobile=\u00a0\u00bbon\u00a0\u00bb][et_pb_column type=\u00a0\u00bb4_4&Prime;][et_pb_divider admin_label=\u00a0\u00bbS\u00e9parateur\u00a0\u00bb color=\u00a0\u00bb#cccccc\u00a0\u00bb show_divider=\u00a0\u00bbon\u00a0\u00bb height=\u00a0\u00bb20&Prime; divider_style=\u00a0\u00bbsolid\u00a0\u00bb divider_position=\u00a0\u00bbtop\u00a0\u00bb hide_on_mobile=\u00a0\u00bbon\u00a0\u00bb] [\/et_pb_divider][\/et_pb_column][\/et_pb_row][\/et_pb_section][et_pb_section admin_label=\u00a0\u00bbSection\u00a0\u00bb fullwidth=\u00a0\u00bboff\u00a0\u00bb specialty=\u00a0\u00bboff\u00a0\u00bb transparent_background=\u00a0\u00bboff\u00a0\u00bb allow_player_pause=\u00a0\u00bboff\u00a0\u00bb inner_shadow=\u00a0\u00bboff\u00a0\u00bb parallax=\u00a0\u00bboff\u00a0\u00bb parallax_method=\u00a0\u00bboff\u00a0\u00bb padding_mobile=\u00a0\u00bboff\u00a0\u00bb make_fullwidth=\u00a0\u00bboff\u00a0\u00bb use_custom_width=\u00a0\u00bboff\u00a0\u00bb width_unit=\u00a0\u00bbon\u00a0\u00bb make_equal=\u00a0\u00bboff\u00a0\u00bb use_custom_gutter=\u00a0\u00bboff\u00a0\u00bb][et_pb_row admin_label=\u00a0\u00bbLigne\u00a0\u00bb make_fullwidth=\u00a0\u00bboff\u00a0\u00bb use_custom_width=\u00a0\u00bboff\u00a0\u00bb width_unit=\u00a0\u00bbon\u00a0\u00bb use_custom_gutter=\u00a0\u00bboff\u00a0\u00bb padding_mobile=\u00a0\u00bboff\u00a0\u00bb allow_player_pause=\u00a0\u00bboff\u00a0\u00bb parallax=\u00a0\u00bboff\u00a0\u00bb parallax_method=\u00a0\u00bboff\u00a0\u00bb make_equal=\u00a0\u00bboff\u00a0\u00bb column_padding_mobile=\u00a0\u00bbon\u00a0\u00bb custom_padding=\u00a0\u00bb0px|\u00a0\u00bb][et_pb_column type=\u00a0\u00bb1_4&Prime;][et_pb_text admin_label=\u00a0\u00bbTRANSPORT D\u00c9DI\u00c9\u00a0\u00bb global_module=\u00a0\u00bb1094&Prime; background_layout=\u00a0\u00bblight\u00a0\u00bb text_orientation=\u00a0\u00bbleft\u00a0\u00bb use_border_color=\u00a0\u00bboff\u00a0\u00bb border_color=\u00a0\u00bb#ffffff\u00a0\u00bb border_style=\u00a0\u00bbsolid\u00a0\u00bb text_text_color=\u00a0\u00bb#000000&Prime; text_font_size=\u00a0\u00bb16px\u00a0\u00bb text_line_height=\u00a0\u00bb1.7&Prime; saved_tabs=\u00a0\u00bball\u00a0\u00bb module_class=\u00a0\u00bbeurostile\u00a0\u00bb]<\/p>\n<p><a href=\"https:\/\/www.simard.ca\/wp-content\/uploads\/2015\/11\/DEDICATED-TRANSPORT2-320.jpg\"><img loading=\"lazy\" decoding=\"async\" class=\"alignnone size-full wp-image-938\" src=\"https:\/\/www.simard.ca\/wp-content\/uploads\/2015\/11\/DEDICATED-TRANSPORT2-320.jpg\" alt=\"DEDICATED-TRANSPORT2-320\" width=\"320\" height=\"200\" srcset=\"https:\/\/www.simard.ca\/wp-content\/uploads\/2015\/11\/DEDICATED-TRANSPORT2-320.jpg 320w, https:\/\/www.simard.ca\/wp-content\/uploads\/2015\/11\/DEDICATED-TRANSPORT2-320-300x188.jpg 300w\" sizes=\"(max-width: 320px) 100vw, 320px\" \/><\/a><\/p>\n<p><em><strong>TRANSPORT D\u00c9DI\u00c9<\/strong><\/em><br \/>\nOffrez-vous la tranquillit\u00e9 d\u2019esprit avec nos services de transport d\u00e9di\u00e9.<br \/>\n<em><strong><a href=\"https:\/\/www.simard.ca\/transport\/transport-dedie\/\">EN SAVOIR PLUS\u00a0&gt;<\/a><\/strong><\/em><\/p>\n<p>[\/et_pb_text][\/et_pb_column][et_pb_column type=\u00a0\u00bb1_4&Prime;][et_pb_text admin_label=\u00a0\u00bbTRANSPORT FTL\u00a0\u00bb global_module=\u00a0\u00bb1090&Prime; saved_tabs=\u00a0\u00bball\u00a0\u00bb background_layout=\u00a0\u00bblight\u00a0\u00bb text_orientation=\u00a0\u00bbleft\u00a0\u00bb module_class=\u00a0\u00bbeurostile\u00a0\u00bb text_font_size=\u00a0\u00bb16px\u00a0\u00bb text_text_color=\u00a0\u00bb#000000&Prime; use_border_color=\u00a0\u00bboff\u00a0\u00bb border_color=\u00a0\u00bb#ffffff\u00a0\u00bb border_style=\u00a0\u00bbsolid\u00a0\u00bb]<\/p>\n<p><a href=\"https:\/\/www.simard.ca\/wp-content\/uploads\/2015\/08\/image-centre-3col-transport-ftl1.jpg\"><img loading=\"lazy\" decoding=\"async\" class=\"alignnone size-full wp-image-671\" src=\"https:\/\/www.simard.ca\/wp-content\/uploads\/2015\/08\/image-centre-3col-transport-ftl1.jpg\" alt=\"image-centre-3col-transport-ftl\" width=\"320\" height=\"200\" srcset=\"https:\/\/www.simard.ca\/wp-content\/uploads\/2015\/08\/image-centre-3col-transport-ftl1.jpg 320w, https:\/\/www.simard.ca\/wp-content\/uploads\/2015\/08\/image-centre-3col-transport-ftl1-300x188.jpg 300w\" sizes=\"(max-width: 320px) 100vw, 320px\" \/><\/a><\/p>\n<p><em><strong>TRANSPORT FTL<\/strong><\/em><br \/>\nB\u00e9n\u00e9ficiez du service le plus efficace et le plus performant de l\u2019industrie.<br \/>\n<em><strong><a href=\"https:\/\/www.simard.ca\/transport\/transport-ftl\/\">EN SAVOIR PLUS\u00a0&gt;<\/a><\/strong><\/em><\/p>\n<p>[\/et_pb_text][\/et_pb_column][et_pb_column type=\u00a0\u00bb1_4&Prime;][et_pb_text admin_label=\u00a0\u00bbTRANSPORT INTERMODAL\u00a0\u00bb global_module=\u00a0\u00bb1095&Prime; background_layout=\u00a0\u00bblight\u00a0\u00bb text_orientation=\u00a0\u00bbleft\u00a0\u00bb use_border_color=\u00a0\u00bboff\u00a0\u00bb border_color=\u00a0\u00bb#ffffff\u00a0\u00bb border_style=\u00a0\u00bbsolid\u00a0\u00bb text_text_color=\u00a0\u00bb#000000&Prime; text_font_size=\u00a0\u00bb16px\u00a0\u00bb text_line_height=\u00a0\u00bb1.7&Prime; saved_tabs=\u00a0\u00bball\u00a0\u00bb module_class=\u00a0\u00bbeurostile\u00a0\u00bb]<\/p>\n<p><a href=\"https:\/\/www.simard.ca\/wp-content\/uploads\/2015\/08\/image-centre-3col-transport-intermodal2.jpg\"><img loading=\"lazy\" decoding=\"async\" class=\"alignnone size-full wp-image-948\" src=\"https:\/\/www.simard.ca\/wp-content\/uploads\/2015\/08\/image-centre-3col-transport-intermodal2.jpg\" alt=\"image-centre-3col-transport-intermodal\" width=\"320\" height=\"200\" srcset=\"https:\/\/www.simard.ca\/wp-content\/uploads\/2015\/08\/image-centre-3col-transport-intermodal2.jpg 320w, https:\/\/www.simard.ca\/wp-content\/uploads\/2015\/08\/image-centre-3col-transport-intermodal2-300x188.jpg 300w\" sizes=\"(max-width: 320px) 100vw, 320px\" \/><\/a><\/p>\n<p><em><strong>TRANSPORT INTERMODAL<\/strong><\/em><br \/>\nPrenez le moyen le plus efficace pour vous rendre \u00e0 destination.<br \/>\n<em><strong><a href=\"https:\/\/www.simard.ca\/transport\/transport-intermodal\/\">EN SAVOIR PLUS\u00a0&gt;<\/a><\/strong><\/em><\/p>\n<p>[\/et_pb_text][\/et_pb_column][et_pb_column type=\u00a0\u00bb1_4&Prime;][et_pb_text admin_label=\u00a0\u00bbTRANSPORT LTL\u00a0\u00bb global_module=\u00a0\u00bb1091&Prime; saved_tabs=\u00a0\u00bball\u00a0\u00bb background_layout=\u00a0\u00bblight\u00a0\u00bb text_orientation=\u00a0\u00bbleft\u00a0\u00bb module_class=\u00a0\u00bbeurostile\u00a0\u00bb text_font_size=\u00a0\u00bb16px\u00a0\u00bb text_text_color=\u00a0\u00bb#000000&Prime; text_line_height=\u00a0\u00bb1.7&Prime; use_border_color=\u00a0\u00bboff\u00a0\u00bb border_color=\u00a0\u00bb#ffffff\u00a0\u00bb border_style=\u00a0\u00bbsolid\u00a0\u00bb]<\/p>\n<p><a href=\"https:\/\/www.simard.ca\/wp-content\/uploads\/2015\/11\/LTL-TRANSPORT1-320.jpg\"><img loading=\"lazy\" decoding=\"async\" class=\"alignnone size-full wp-image-937\" src=\"https:\/\/www.simard.ca\/wp-content\/uploads\/2015\/11\/LTL-TRANSPORT1-320.jpg\" alt=\"LTL-TRANSPORT1-320\" width=\"320\" height=\"200\" srcset=\"https:\/\/www.simard.ca\/wp-content\/uploads\/2015\/11\/LTL-TRANSPORT1-320.jpg 320w, https:\/\/www.simard.ca\/wp-content\/uploads\/2015\/11\/LTL-TRANSPORT1-320-300x188.jpg 300w\" sizes=\"(max-width: 320px) 100vw, 320px\" \/><\/a><\/p>\n<p><em><strong>TRANSPORT LTL<\/strong><\/em><br \/>\nUtilisez notre r\u00e9seau pour consolider votre cargaison et minimiser des co\u00fbts.<br \/>\n<em><strong><a href=\"https:\/\/www.simard.ca\/transport\/transport-ltl\/\">EN SAVOIR PLUS\u00a0&gt;<\/a><\/strong><\/em><\/p>\n<p>[\/et_pb_text][\/et_pb_column][\/et_pb_row][\/et_pb_section]<\/p>\n","protected":false},"excerpt":{"rendered":"<p>Transport de conteneurs Profitez de notre expertise pour optimiser vos frais de livraison SIMARD propose le service de transport de conteneurs de chargements complets (FCL ou Full container load) en provenance d\u2019outre-mer \u00e0 travers le Canada. Notre importante flotte de ch\u00e2ssis et nos installations s\u00e9curis\u00e9es sont situ\u00e9es en bordure des diff\u00e9rents terminaux maritimes, a\u00e9roportuaires et [&hellip;]<\/p>\n","protected":false},"author":1,"featured_media":0,"parent":117,"menu_order":0,"comment_status":"closed","ping_status":"closed","template":"","meta":{"_et_pb_use_builder":"on","_et_pb_old_content":"","_et_gb_content_width":"","_monsterinsights_skip_tracking":false,"_monsterinsights_sitenote_active":false,"_monsterinsights_sitenote_note":"","_monsterinsights_sitenote_category":0,"footnotes":""},"class_list":["post-244","page","type-page","status-publish","hentry"],"yoast_head":"<!-- This site is optimized with the Yoast SEO plugin v27.5 - https:\/\/yoast.com\/product\/yoast-seo-wordpress\/ -->\n<title>Transport de conteneurs - Simard<\/title>\n<meta name=\"robots\" content=\"index, follow, max-snippet:-1, max-image-preview:large, max-video-preview:-1\" \/>\n<link rel=\"canonical\" href=\"https:\/\/www.simard.ca\/fr\/transport\/transport-de-conteneurs\/\" \/>\n<meta property=\"og:locale\" content=\"fr_FR\" \/>\n<meta property=\"og:type\" content=\"article\" \/>\n<meta property=\"og:title\" content=\"Transport de conteneurs - Simard\" \/>\n<meta property=\"og:description\" content=\"Transport de conteneurs Profitez de notre expertise pour optimiser vos frais de livraison SIMARD propose le service de transport de conteneurs de chargements complets (FCL ou Full container load) en provenance d\u2019outre-mer \u00e0 travers le Canada. Notre importante flotte de ch\u00e2ssis et nos installations s\u00e9curis\u00e9es sont situ\u00e9es en bordure des diff\u00e9rents terminaux maritimes, a\u00e9roportuaires et [&hellip;]\" \/>\n<meta property=\"og:url\" content=\"https:\/\/www.simard.ca\/fr\/transport\/transport-de-conteneurs\/\" \/>\n<meta property=\"og:site_name\" content=\"Simard\" \/>\n<meta property=\"article:modified_time\" content=\"2016-01-05T20:34:12+00:00\" \/>\n<meta property=\"og:image\" content=\"https:\/\/www.simard.ca\/wp-content\/uploads\/2015\/11\/DEDICATED-TRANSPORT2-320.jpg\" \/>\n<meta name=\"twitter:card\" content=\"summary_large_image\" \/>\n<meta name=\"twitter:label1\" content=\"Dur\u00e9e de lecture estim\u00e9e\" \/>\n\t<meta name=\"twitter:data1\" content=\"5 minutes\" \/>\n<script type=\"application\/ld+json\" class=\"yoast-schema-graph\">{\"@context\":\"https:\\\/\\\/schema.org\",\"@graph\":[{\"@type\":\"WebPage\",\"@id\":\"https:\\\/\\\/www.simard.ca\\\/fr\\\/transport\\\/transport-de-conteneurs\\\/\",\"url\":\"https:\\\/\\\/www.simard.ca\\\/fr\\\/transport\\\/transport-de-conteneurs\\\/\",\"name\":\"Transport de conteneurs - Simard\",\"isPartOf\":{\"@id\":\"https:\\\/\\\/www.simard.ca\\\/fr\\\/#website\"},\"primaryImageOfPage\":{\"@id\":\"https:\\\/\\\/www.simard.ca\\\/fr\\\/transport\\\/transport-de-conteneurs\\\/#primaryimage\"},\"image\":{\"@id\":\"https:\\\/\\\/www.simard.ca\\\/fr\\\/transport\\\/transport-de-conteneurs\\\/#primaryimage\"},\"thumbnailUrl\":\"https:\\\/\\\/www.simard.ca\\\/wp-content\\\/uploads\\\/2015\\\/11\\\/DEDICATED-TRANSPORT2-320.jpg\",\"datePublished\":\"2015-10-15T13:59:53+00:00\",\"dateModified\":\"2016-01-05T20:34:12+00:00\",\"breadcrumb\":{\"@id\":\"https:\\\/\\\/www.simard.ca\\\/fr\\\/transport\\\/transport-de-conteneurs\\\/#breadcrumb\"},\"inLanguage\":\"fr-FR\",\"potentialAction\":[{\"@type\":\"ReadAction\",\"target\":[\"https:\\\/\\\/www.simard.ca\\\/fr\\\/transport\\\/transport-de-conteneurs\\\/\"]}]},{\"@type\":\"ImageObject\",\"inLanguage\":\"fr-FR\",\"@id\":\"https:\\\/\\\/www.simard.ca\\\/fr\\\/transport\\\/transport-de-conteneurs\\\/#primaryimage\",\"url\":\"https:\\\/\\\/www.simard.ca\\\/wp-content\\\/uploads\\\/2015\\\/11\\\/DEDICATED-TRANSPORT2-320.jpg\",\"contentUrl\":\"https:\\\/\\\/www.simard.ca\\\/wp-content\\\/uploads\\\/2015\\\/11\\\/DEDICATED-TRANSPORT2-320.jpg\"},{\"@type\":\"BreadcrumbList\",\"@id\":\"https:\\\/\\\/www.simard.ca\\\/fr\\\/transport\\\/transport-de-conteneurs\\\/#breadcrumb\",\"itemListElement\":[{\"@type\":\"ListItem\",\"position\":1,\"name\":\"Home\",\"item\":\"https:\\\/\\\/www.simard.ca\\\/fr\\\/\"},{\"@type\":\"ListItem\",\"position\":2,\"name\":\"Transport\",\"item\":\"https:\\\/\\\/www.simard.ca\\\/fr\\\/transport\\\/\"},{\"@type\":\"ListItem\",\"position\":3,\"name\":\"Transport de conteneurs\"}]},{\"@type\":\"WebSite\",\"@id\":\"https:\\\/\\\/www.simard.ca\\\/fr\\\/#website\",\"url\":\"https:\\\/\\\/www.simard.ca\\\/fr\\\/\",\"name\":\"Simard\",\"description\":\"Transport - Entreposage - Logistique\",\"potentialAction\":[{\"@type\":\"SearchAction\",\"target\":{\"@type\":\"EntryPoint\",\"urlTemplate\":\"https:\\\/\\\/www.simard.ca\\\/fr\\\/?s={search_term_string}\"},\"query-input\":{\"@type\":\"PropertyValueSpecification\",\"valueRequired\":true,\"valueName\":\"search_term_string\"}}],\"inLanguage\":\"fr-FR\"}]}<\/script>\n<!-- \/ Yoast SEO plugin. -->","yoast_head_json":{"title":"Transport de conteneurs - Simard","robots":{"index":"index","follow":"follow","max-snippet":"max-snippet:-1","max-image-preview":"max-image-preview:large","max-video-preview":"max-video-preview:-1"},"canonical":"https:\/\/www.simard.ca\/fr\/transport\/transport-de-conteneurs\/","og_locale":"fr_FR","og_type":"article","og_title":"Transport de conteneurs - Simard","og_description":"Transport de conteneurs Profitez de notre expertise pour optimiser vos frais de livraison SIMARD propose le service de transport de conteneurs de chargements complets (FCL ou Full container load) en provenance d\u2019outre-mer \u00e0 travers le Canada. Notre importante flotte de ch\u00e2ssis et nos installations s\u00e9curis\u00e9es sont situ\u00e9es en bordure des diff\u00e9rents terminaux maritimes, a\u00e9roportuaires et [&hellip;]","og_url":"https:\/\/www.simard.ca\/fr\/transport\/transport-de-conteneurs\/","og_site_name":"Simard","article_modified_time":"2016-01-05T20:34:12+00:00","og_image":[{"url":"https:\/\/www.simard.ca\/wp-content\/uploads\/2015\/11\/DEDICATED-TRANSPORT2-320.jpg","type":"","width":"","height":""}],"twitter_card":"summary_large_image","twitter_misc":{"Dur\u00e9e de lecture estim\u00e9e":"5 minutes"},"schema":{"@context":"https:\/\/schema.org","@graph":[{"@type":"WebPage","@id":"https:\/\/www.simard.ca\/fr\/transport\/transport-de-conteneurs\/","url":"https:\/\/www.simard.ca\/fr\/transport\/transport-de-conteneurs\/","name":"Transport de conteneurs - Simard","isPartOf":{"@id":"https:\/\/www.simard.ca\/fr\/#website"},"primaryImageOfPage":{"@id":"https:\/\/www.simard.ca\/fr\/transport\/transport-de-conteneurs\/#primaryimage"},"image":{"@id":"https:\/\/www.simard.ca\/fr\/transport\/transport-de-conteneurs\/#primaryimage"},"thumbnailUrl":"https:\/\/www.simard.ca\/wp-content\/uploads\/2015\/11\/DEDICATED-TRANSPORT2-320.jpg","datePublished":"2015-10-15T13:59:53+00:00","dateModified":"2016-01-05T20:34:12+00:00","breadcrumb":{"@id":"https:\/\/www.simard.ca\/fr\/transport\/transport-de-conteneurs\/#breadcrumb"},"inLanguage":"fr-FR","potentialAction":[{"@type":"ReadAction","target":["https:\/\/www.simard.ca\/fr\/transport\/transport-de-conteneurs\/"]}]},{"@type":"ImageObject","inLanguage":"fr-FR","@id":"https:\/\/www.simard.ca\/fr\/transport\/transport-de-conteneurs\/#primaryimage","url":"https:\/\/www.simard.ca\/wp-content\/uploads\/2015\/11\/DEDICATED-TRANSPORT2-320.jpg","contentUrl":"https:\/\/www.simard.ca\/wp-content\/uploads\/2015\/11\/DEDICATED-TRANSPORT2-320.jpg"},{"@type":"BreadcrumbList","@id":"https:\/\/www.simard.ca\/fr\/transport\/transport-de-conteneurs\/#breadcrumb","itemListElement":[{"@type":"ListItem","position":1,"name":"Home","item":"https:\/\/www.simard.ca\/fr\/"},{"@type":"ListItem","position":2,"name":"Transport","item":"https:\/\/www.simard.ca\/fr\/transport\/"},{"@type":"ListItem","position":3,"name":"Transport de conteneurs"}]},{"@type":"WebSite","@id":"https:\/\/www.simard.ca\/fr\/#website","url":"https:\/\/www.simard.ca\/fr\/","name":"Simard","description":"Transport - Entreposage - Logistique","potentialAction":[{"@type":"SearchAction","target":{"@type":"EntryPoint","urlTemplate":"https:\/\/www.simard.ca\/fr\/?s={search_term_string}"},"query-input":{"@type":"PropertyValueSpecification","valueRequired":true,"valueName":"search_term_string"}}],"inLanguage":"fr-FR"}]}},"publishpress_future_action":{"enabled":false,"date":"2026-05-10 13:02:28","action":"change-status","newStatus":"draft","terms":[],"taxonomy":"translation_priority","extraData":[]},"publishpress_future_workflow_manual_trigger":{"enabledWorkflows":[]},"_links":{"self":[{"href":"https:\/\/www.simard.ca\/fr\/wp-json\/wp\/v2\/pages\/244","targetHints":{"allow":["GET"]}}],"collection":[{"href":"https:\/\/www.simard.ca\/fr\/wp-json\/wp\/v2\/pages"}],"about":[{"href":"https:\/\/www.simard.ca\/fr\/wp-json\/wp\/v2\/types\/page"}],"author":[{"embeddable":true,"href":"https:\/\/www.simard.ca\/fr\/wp-json\/wp\/v2\/users\/1"}],"replies":[{"embeddable":true,"href":"https:\/\/www.simard.ca\/fr\/wp-json\/wp\/v2\/comments?post=244"}],"version-history":[{"count":0,"href":"https:\/\/www.simard.ca\/fr\/wp-json\/wp\/v2\/pages\/244\/revisions"}],"up":[{"embeddable":true,"href":"https:\/\/www.simard.ca\/fr\/wp-json\/wp\/v2\/pages\/117"}],"wp:attachment":[{"href":"https:\/\/www.simard.ca\/fr\/wp-json\/wp\/v2\/media?parent=244"}],"curies":[{"name":"wp","href":"https:\/\/api.w.org\/{rel}","templated":true}]}}