{"id":241,"date":"2015-10-15T13:51:02","date_gmt":"2015-10-15T13:51:02","guid":{"rendered":"https:\/\/simardweb.wpengine.com\/?page_id=241"},"modified":"2016-01-15T15:11:40","modified_gmt":"2016-01-15T15:11:40","slug":"lavantage-simard","status":"publish","type":"page","link":"https:\/\/www.simard.ca\/fr\/a-propos\/lavantage-simard\/","title":{"rendered":"L\u2019avantage SIMARD"},"content":{"rendered":"<p>[et_pb_section admin_label=\u00a0\u00bbsection\u00a0\u00bb fullwidth=\u00a0\u00bbon\u00a0\u00bb specialty=\u00a0\u00bboff\u00a0\u00bb background_image=\u00a0\u00bbhttps:\/\/www.simard.ca\/wp-content\/uploads\/2015\/07\/8116_SIMARD_site-web_maqB_v2a_1-home_171.jpg\u00a0\u00bb transparent_background=\u00a0\u00bboff\u00a0\u00bb allow_player_pause=\u00a0\u00bboff\u00a0\u00bb inner_shadow=\u00a0\u00bboff\u00a0\u00bb parallax=\u00a0\u00bboff\u00a0\u00bb parallax_method=\u00a0\u00bboff\u00a0\u00bb padding_mobile=\u00a0\u00bboff\u00a0\u00bb make_fullwidth=\u00a0\u00bboff\u00a0\u00bb use_custom_width=\u00a0\u00bboff\u00a0\u00bb width_unit=\u00a0\u00bbon\u00a0\u00bb make_equal=\u00a0\u00bboff\u00a0\u00bb use_custom_gutter=\u00a0\u00bboff\u00a0\u00bb][et_pb_fullwidth_header admin_label=\u00a0\u00bbEn-t\u00eate plein \u00e9cran\u00a0\u00bb background_layout=\u00a0\u00bblight\u00a0\u00bb text_orientation=\u00a0\u00bbleft\u00a0\u00bb header_fullscreen=\u00a0\u00bboff\u00a0\u00bb header_scroll_down=\u00a0\u00bboff\u00a0\u00bb parallax=\u00a0\u00bbon\u00a0\u00bb parallax_method=\u00a0\u00bboff\u00a0\u00bb content_orientation=\u00a0\u00bbcenter\u00a0\u00bb image_orientation=\u00a0\u00bbcenter\u00a0\u00bb title_font=\u00a0\u00bb|on|on||\u00a0\u00bb title_font_size=\u00a0\u00bb36&Prime; custom_button_one=\u00a0\u00bboff\u00a0\u00bb button_one_border_radius=\u00a0\u00bb0&Prime; button_one_letter_spacing=\u00a0\u00bb0&Prime; button_one_use_icon=\u00a0\u00bbdefault\u00a0\u00bb button_one_icon_placement=\u00a0\u00bbright\u00a0\u00bb button_one_on_hover=\u00a0\u00bbon\u00a0\u00bb button_one_letter_spacing_hover=\u00a0\u00bb0&Prime; custom_button_two=\u00a0\u00bboff\u00a0\u00bb button_two_border_radius=\u00a0\u00bb0&Prime; button_two_letter_spacing=\u00a0\u00bb0&Prime; button_two_use_icon=\u00a0\u00bbdefault\u00a0\u00bb button_two_icon_placement=\u00a0\u00bbright\u00a0\u00bb button_two_on_hover=\u00a0\u00bbon\u00a0\u00bb button_two_letter_spacing_hover=\u00a0\u00bb0&Prime; title_font_color=\u00a0\u00bb#ffffff\u00a0\u00bb content_font_color=\u00a0\u00bb#ffffff\u00a0\u00bb content_font_size=\u00a0\u00bb20&Prime;]<\/p>\n<h1>L\u2019avantage SIMARD<\/h1>\n<p>[\/et_pb_fullwidth_header][\/et_pb_section][et_pb_section admin_label=\u00a0\u00bbsection\u00a0\u00bb][et_pb_row admin_label=\u00a0\u00bbrow\u00a0\u00bb make_fullwidth=\u00a0\u00bboff\u00a0\u00bb use_custom_width=\u00a0\u00bboff\u00a0\u00bb width_unit=\u00a0\u00bbon\u00a0\u00bb use_custom_gutter=\u00a0\u00bboff\u00a0\u00bb custom_padding=\u00a0\u00bb|0px\u00a0\u00bb padding_mobile=\u00a0\u00bboff\u00a0\u00bb allow_player_pause=\u00a0\u00bboff\u00a0\u00bb parallax=\u00a0\u00bboff\u00a0\u00bb parallax_method=\u00a0\u00bboff\u00a0\u00bb make_equal=\u00a0\u00bboff\u00a0\u00bb column_padding_mobile=\u00a0\u00bbon\u00a0\u00bb][et_pb_column type=\u00a0\u00bb4_4&Prime;][et_pb_text admin_label=\u00a0\u00bbTexte\u00a0\u00bb background_layout=\u00a0\u00bblight\u00a0\u00bb text_orientation=\u00a0\u00bbleft\u00a0\u00bb use_border_color=\u00a0\u00bboff\u00a0\u00bb border_color=\u00a0\u00bb#ffffff\u00a0\u00bb border_style=\u00a0\u00bbsolid\u00a0\u00bb text_font_size=\u00a0\u00bb14&Prime;]<\/p>\n<h3 style=\"text-align: left;\"><em><strong>Prenez la route avec nous pour d\u00e9passer vos objectifs<\/strong><\/em><\/h3>\n<p>Depuis plus de 70 ans, SIMARD est un <strong>chef de file<\/strong> dans le transport, l\u2019entreposage et la logistique au Canada. Nous b\u00e9n\u00e9ficions d\u2019une gamme compl\u00e8te d\u2019\u00e9quipements et d\u2019installations <strong>\u00e0 la fine pointe de la technologie<\/strong>, situ\u00e9s en bordure de terminaux maritimes, a\u00e9roportuaires et ferroviaires des principales m\u00e9tropoles canadiennes \u2013 Montr\u00e9al, Toronto et Vancouver.<\/p>\n<ul>\n<li>Nous proposons des <strong>services cl\u00e9s en main<\/strong> personnalis\u00e9s \u00e0 prix comp\u00e9titifs pour optimiser vos co\u00fbts et simplifier vos op\u00e9rations.<\/li>\n<li>Notre exp\u00e9rience et notre expertise vous garantissent des <strong>solutions logistiques flexibles<\/strong> qui s\u2019adaptent \u00e0 vos besoins.<\/li>\n<li>Nous pr\u00e9servons une<strong> communication transparente<\/strong> et professionnelle en tout temps avec notre client\u00e8le pour vous offrir un service d\u2019une qualit\u00e9 exceptionnelle.<\/li>\n<li>Nous effectuons pour vous le dernier kilom\u00e8tre (ou, Last Mile Transportation en anglais) et vous certifions une <strong>livraison \u00e0 l\u2019heure<\/strong> juste pour respecter vos d\u00e9lais les plus serr\u00e9s.<\/li>\n<li>Nous assurons enti\u00e8rement la s\u00e9curit\u00e9 de votre marchandise en notre possession et prenons en charge la <strong>gestion des risques<\/strong> dans le cadre de notre service d\u00e9di\u00e9.<\/li>\n<\/ul>\n<p><div class='et-box et-shadow'>\n\t\t\t\t\t<div class='et-box-content'>Nous sommes pr\u00eats \u00e0 relever vos d\u00e9fis! Que vous soyez une petite firme, une moyenne entreprise ou une multinationale bas\u00e9e au Canada ou \u00e0 l&rsquo;\u00e9tranger, notre \u00e9quipe s\u2019engage \u00e0 surpasser vos attentes.<\/div><\/div><a href='https:\/\/www.simard.ca\/fr\/contactez-nous\/' class='small-button smallred'>Contactez-nous!<\/a><\/p>\n<p>[\/et_pb_text][\/et_pb_column][\/et_pb_row][\/et_pb_section][et_pb_section admin_label=\u00a0\u00bbSection\u00a0\u00bb global_module=\u00a0\u00bb270&Prime; fullwidth=\u00a0\u00bboff\u00a0\u00bb specialty=\u00a0\u00bboff\u00a0\u00bb transparent_background=\u00a0\u00bboff\u00a0\u00bb allow_player_pause=\u00a0\u00bboff\u00a0\u00bb inner_shadow=\u00a0\u00bboff\u00a0\u00bb parallax=\u00a0\u00bboff\u00a0\u00bb parallax_method=\u00a0\u00bboff\u00a0\u00bb padding_mobile=\u00a0\u00bboff\u00a0\u00bb make_fullwidth=\u00a0\u00bboff\u00a0\u00bb use_custom_width=\u00a0\u00bboff\u00a0\u00bb width_unit=\u00a0\u00bbon\u00a0\u00bb make_equal=\u00a0\u00bboff\u00a0\u00bb use_custom_gutter=\u00a0\u00bboff\u00a0\u00bb custom_padding=\u00a0\u00bb10px|||\u00a0\u00bb gutter_width=\u00a0\u00bb3&Prime;][et_pb_row global_parent=\u00a0\u00bb270&Prime; admin_label=\u00a0\u00bbLigne\u00a0\u00bb make_fullwidth=\u00a0\u00bboff\u00a0\u00bb use_custom_width=\u00a0\u00bboff\u00a0\u00bb width_unit=\u00a0\u00bbon\u00a0\u00bb use_custom_gutter=\u00a0\u00bboff\u00a0\u00bb padding_mobile=\u00a0\u00bboff\u00a0\u00bb allow_player_pause=\u00a0\u00bboff\u00a0\u00bb parallax=\u00a0\u00bboff\u00a0\u00bb parallax_method=\u00a0\u00bboff\u00a0\u00bb make_equal=\u00a0\u00bboff\u00a0\u00bb column_padding_mobile=\u00a0\u00bbon\u00a0\u00bb custom_padding=\u00a0\u00bb0px|||\u00a0\u00bb gutter_width=\u00a0\u00bb3&Prime; parallax_1=\u00a0\u00bboff\u00a0\u00bb parallax_method_1=\u00a0\u00bboff\u00a0\u00bb parallax_2=\u00a0\u00bboff\u00a0\u00bb parallax_method_2=\u00a0\u00bboff\u00a0\u00bb parallax_3=\u00a0\u00bboff\u00a0\u00bb parallax_method_3=\u00a0\u00bboff\u00a0\u00bb][et_pb_column type=\u00a0\u00bb1_3&Prime;][et_pb_image global_parent=\u00a0\u00bb270&Prime; admin_label=\u00a0\u00bbImage\u00a0\u00bb src=\u00a0\u00bbhttps:\/\/www.simard.ca\/wp-content\/uploads\/2015\/07\/TRANSPORT320.jpg\u00a0\u00bb show_in_lightbox=\u00a0\u00bboff\u00a0\u00bb url_new_window=\u00a0\u00bboff\u00a0\u00bb animation=\u00a0\u00bbleft\u00a0\u00bb sticky=\u00a0\u00bboff\u00a0\u00bb align=\u00a0\u00bbleft\u00a0\u00bb force_fullwidth=\u00a0\u00bboff\u00a0\u00bb always_center_on_mobile=\u00a0\u00bbon\u00a0\u00bb use_border_color=\u00a0\u00bboff\u00a0\u00bb border_color=\u00a0\u00bb#ffffff\u00a0\u00bb border_style=\u00a0\u00bbsolid\u00a0\u00bb url=\u00a0\u00bbhttps:\/\/www.simard.ca\/transport\/\u00a0\u00bb]<\/p>\n<p>&nbsp;<\/p>\n<p>[\/et_pb_image][et_pb_text global_parent=\u00a0\u00bb270&Prime; admin_label=\u00a0\u00bbTexte\u00a0\u00bb saved_tabs=\u00a0\u00bball\u00a0\u00bb background_layout=\u00a0\u00bblight\u00a0\u00bb text_orientation=\u00a0\u00bbleft\u00a0\u00bb module_class=\u00a0\u00bbeurostile\u00a0\u00bb text_font_size=\u00a0\u00bb16px\u00a0\u00bb text_text_color=\u00a0\u00bb#000000&Prime; text_line_height=\u00a0\u00bb1.7&Prime; use_border_color=\u00a0\u00bboff\u00a0\u00bb border_color=\u00a0\u00bb#ffffff\u00a0\u00bb border_style=\u00a0\u00bbsolid\u00a0\u00bb]<\/p>\n<p><strong><em>TRANSPORT<br \/>\n<\/em><\/strong>L&rsquo;expertise n\u00e9cessaire\u00a0pour optimiser votre cha\u00eene d&rsquo;approvisionnement.<br \/>\n<em><strong><a href=\"https:\/\/www.simard.ca\/transport\/\">EN SAVOIR PLUS\u00a0&gt;<\/a><\/strong><\/em><\/p>\n<p>[\/et_pb_text][\/et_pb_column][et_pb_column type=\u00a0\u00bb1_3&Prime;][et_pb_image global_parent=\u00a0\u00bb270&Prime; admin_label=\u00a0\u00bbImage\u00a0\u00bb src=\u00a0\u00bbhttps:\/\/www.simard.ca\/wp-content\/uploads\/2015\/08\/image-centre-3col-entreposage_v3.jpg\u00a0\u00bb show_in_lightbox=\u00a0\u00bboff\u00a0\u00bb url_new_window=\u00a0\u00bboff\u00a0\u00bb animation=\u00a0\u00bbbottom\u00a0\u00bb sticky=\u00a0\u00bboff\u00a0\u00bb align=\u00a0\u00bbleft\u00a0\u00bb force_fullwidth=\u00a0\u00bboff\u00a0\u00bb always_center_on_mobile=\u00a0\u00bbon\u00a0\u00bb use_border_color=\u00a0\u00bboff\u00a0\u00bb border_color=\u00a0\u00bb#ffffff\u00a0\u00bb border_style=\u00a0\u00bbsolid\u00a0\u00bb url=\u00a0\u00bbhttps:\/\/www.simard.ca\/entreposage\/\u00a0\u00bb]<\/p>\n<p>&nbsp;<\/p>\n<p>[\/et_pb_image][et_pb_text global_parent=\u00a0\u00bb270&Prime; admin_label=\u00a0\u00bbTexte\u00a0\u00bb saved_tabs=\u00a0\u00bball\u00a0\u00bb background_layout=\u00a0\u00bblight\u00a0\u00bb text_orientation=\u00a0\u00bbleft\u00a0\u00bb module_class=\u00a0\u00bbeurostile\u00a0\u00bb text_font_size=\u00a0\u00bb16px\u00a0\u00bb text_text_color=\u00a0\u00bb#000000&Prime; text_line_height=\u00a0\u00bb1.7&Prime; use_border_color=\u00a0\u00bboff\u00a0\u00bb border_color=\u00a0\u00bb#ffffff\u00a0\u00bb border_style=\u00a0\u00bbsolid\u00a0\u00bb]<\/p>\n<p><strong><em>ENTREPOSAGE<br \/>\n<\/em><\/strong>Profitez de nos solutions d&rsquo;entreposage logistique adapt\u00e9es \u00e0 vos besoins.<br \/>\n<em><strong><a href=\"https:\/\/www.simard.ca\/entreposage\/\">EN SAVOIR PLUS\u00a0&gt;<\/a><\/strong><\/em><\/p>\n<p>[\/et_pb_text][\/et_pb_column][et_pb_column type=\u00a0\u00bb1_3&Prime;][et_pb_image global_parent=\u00a0\u00bb270&Prime; admin_label=\u00a0\u00bbImage\u00a0\u00bb src=\u00a0\u00bbhttps:\/\/www.simard.ca\/wp-content\/uploads\/2015\/07\/LOGISTIQUE.jpg\u00a0\u00bb show_in_lightbox=\u00a0\u00bboff\u00a0\u00bb url_new_window=\u00a0\u00bboff\u00a0\u00bb animation=\u00a0\u00bbright\u00a0\u00bb sticky=\u00a0\u00bboff\u00a0\u00bb align=\u00a0\u00bbleft\u00a0\u00bb force_fullwidth=\u00a0\u00bboff\u00a0\u00bb always_center_on_mobile=\u00a0\u00bbon\u00a0\u00bb use_border_color=\u00a0\u00bboff\u00a0\u00bb border_color=\u00a0\u00bb#ffffff\u00a0\u00bb border_style=\u00a0\u00bbsolid\u00a0\u00bb url=\u00a0\u00bbhttps:\/\/www.simard.ca\/logistique\/\u00a0\u00bb]<\/p>\n<p>&nbsp;<\/p>\n<p>[\/et_pb_image][et_pb_text global_parent=\u00a0\u00bb270&Prime; admin_label=\u00a0\u00bbTexte\u00a0\u00bb saved_tabs=\u00a0\u00bball\u00a0\u00bb background_layout=\u00a0\u00bblight\u00a0\u00bb text_orientation=\u00a0\u00bbleft\u00a0\u00bb module_class=\u00a0\u00bbeurostile\u00a0\u00bb text_font_size=\u00a0\u00bb16px\u00a0\u00bb text_text_color=\u00a0\u00bb#000000&Prime; text_line_height=\u00a0\u00bb1.7&Prime; use_border_color=\u00a0\u00bboff\u00a0\u00bb border_color=\u00a0\u00bb#ffffff\u00a0\u00bb border_style=\u00a0\u00bbsolid\u00a0\u00bb]<\/p>\n<p><em><strong>LOGISTIQUE<br \/>\n<\/strong><\/em>B\u00e9n\u00e9ficiez de notre vaste r\u00e9seau et de notre flexibilit\u00e9 exceptionnelle.<br \/>\n<em><strong><a href=\"https:\/\/www.simard.ca\/logistique\/\">EN SAVOIR PLUS\u00a0&gt;<\/a><\/strong><\/em><\/p>\n<p>[\/et_pb_text][\/et_pb_column][\/et_pb_row][\/et_pb_section]<\/p>\n","protected":false},"excerpt":{"rendered":"<p>L\u2019avantage SIMARD Prenez la route avec nous pour d\u00e9passer vos objectifs Depuis plus de 70 ans, SIMARD est un chef de file dans le transport, l\u2019entreposage et la logistique au Canada. Nous b\u00e9n\u00e9ficions d\u2019une gamme compl\u00e8te d\u2019\u00e9quipements et d\u2019installations \u00e0 la fine pointe de la technologie, situ\u00e9s en bordure de terminaux maritimes, a\u00e9roportuaires et ferroviaires [&hellip;]<\/p>\n","protected":false},"author":1,"featured_media":0,"parent":191,"menu_order":0,"comment_status":"closed","ping_status":"closed","template":"","meta":{"_et_pb_use_builder":"on","_et_pb_old_content":"","_et_gb_content_width":"","_monsterinsights_skip_tracking":false,"_monsterinsights_sitenote_active":false,"_monsterinsights_sitenote_note":"","_monsterinsights_sitenote_category":0,"footnotes":""},"class_list":["post-241","page","type-page","status-publish","hentry"],"yoast_head":"<!-- This site is optimized with the Yoast SEO plugin v27.5 - https:\/\/yoast.com\/product\/yoast-seo-wordpress\/ -->\n<title>Transport au Canada - Solution logisitque Simard<\/title>\n<meta name=\"description\" content=\"Simard vous garantit une exp\u00e9rience et une expertise sur des solutions de transports logistiques flexibles qui s\u2019adaptent \u00e0 tous vos besoins.\" \/>\n<meta name=\"robots\" content=\"index, follow, max-snippet:-1, max-image-preview:large, max-video-preview:-1\" \/>\n<link rel=\"canonical\" href=\"https:\/\/www.simard.ca\/fr\/a-propos\/lavantage-simard\/\" \/>\n<meta property=\"og:locale\" content=\"fr_FR\" \/>\n<meta property=\"og:type\" content=\"article\" \/>\n<meta property=\"og:title\" content=\"Transport au Canada - Solution logisitque Simard\" \/>\n<meta property=\"og:description\" content=\"Simard vous garantit une exp\u00e9rience et une expertise sur des solutions de transports logistiques flexibles qui s\u2019adaptent \u00e0 tous vos besoins.\" \/>\n<meta property=\"og:url\" content=\"https:\/\/www.simard.ca\/fr\/a-propos\/lavantage-simard\/\" \/>\n<meta property=\"og:site_name\" content=\"Simard\" \/>\n<meta property=\"article:modified_time\" content=\"2016-01-15T15:11:40+00:00\" \/>\n<meta name=\"twitter:card\" content=\"summary_large_image\" \/>\n<meta name=\"twitter:label1\" content=\"Dur\u00e9e de lecture estim\u00e9e\" \/>\n\t<meta name=\"twitter:data1\" content=\"5 minutes\" \/>\n<script type=\"application\/ld+json\" class=\"yoast-schema-graph\">{\"@context\":\"https:\\\/\\\/schema.org\",\"@graph\":[{\"@type\":\"WebPage\",\"@id\":\"https:\\\/\\\/www.simard.ca\\\/fr\\\/a-propos\\\/lavantage-simard\\\/\",\"url\":\"https:\\\/\\\/www.simard.ca\\\/fr\\\/a-propos\\\/lavantage-simard\\\/\",\"name\":\"Transport au Canada - Solution logisitque Simard\",\"isPartOf\":{\"@id\":\"https:\\\/\\\/www.simard.ca\\\/fr\\\/#website\"},\"datePublished\":\"2015-10-15T13:51:02+00:00\",\"dateModified\":\"2016-01-15T15:11:40+00:00\",\"description\":\"Simard vous garantit une exp\u00e9rience et une expertise sur des solutions de transports logistiques flexibles qui s\u2019adaptent \u00e0 tous vos besoins.\",\"breadcrumb\":{\"@id\":\"https:\\\/\\\/www.simard.ca\\\/fr\\\/a-propos\\\/lavantage-simard\\\/#breadcrumb\"},\"inLanguage\":\"fr-FR\",\"potentialAction\":[{\"@type\":\"ReadAction\",\"target\":[\"https:\\\/\\\/www.simard.ca\\\/fr\\\/a-propos\\\/lavantage-simard\\\/\"]}]},{\"@type\":\"BreadcrumbList\",\"@id\":\"https:\\\/\\\/www.simard.ca\\\/fr\\\/a-propos\\\/lavantage-simard\\\/#breadcrumb\",\"itemListElement\":[{\"@type\":\"ListItem\",\"position\":1,\"name\":\"Home\",\"item\":\"https:\\\/\\\/www.simard.ca\\\/fr\\\/\"},{\"@type\":\"ListItem\",\"position\":2,\"name\":\"\u00c0 propos\",\"item\":\"https:\\\/\\\/www.simard.ca\\\/fr\\\/a-propos\\\/\"},{\"@type\":\"ListItem\",\"position\":3,\"name\":\"L\u2019avantage SIMARD\"}]},{\"@type\":\"WebSite\",\"@id\":\"https:\\\/\\\/www.simard.ca\\\/fr\\\/#website\",\"url\":\"https:\\\/\\\/www.simard.ca\\\/fr\\\/\",\"name\":\"Simard\",\"description\":\"Transport - Entreposage - Logistique\",\"potentialAction\":[{\"@type\":\"SearchAction\",\"target\":{\"@type\":\"EntryPoint\",\"urlTemplate\":\"https:\\\/\\\/www.simard.ca\\\/fr\\\/?s={search_term_string}\"},\"query-input\":{\"@type\":\"PropertyValueSpecification\",\"valueRequired\":true,\"valueName\":\"search_term_string\"}}],\"inLanguage\":\"fr-FR\"}]}<\/script>\n<!-- \/ Yoast SEO plugin. -->","yoast_head_json":{"title":"Transport au Canada - Solution logisitque Simard","description":"Simard vous garantit une exp\u00e9rience et une expertise sur des solutions de transports logistiques flexibles qui s\u2019adaptent \u00e0 tous vos besoins.","robots":{"index":"index","follow":"follow","max-snippet":"max-snippet:-1","max-image-preview":"max-image-preview:large","max-video-preview":"max-video-preview:-1"},"canonical":"https:\/\/www.simard.ca\/fr\/a-propos\/lavantage-simard\/","og_locale":"fr_FR","og_type":"article","og_title":"Transport au Canada - Solution logisitque Simard","og_description":"Simard vous garantit une exp\u00e9rience et une expertise sur des solutions de transports logistiques flexibles qui s\u2019adaptent \u00e0 tous vos besoins.","og_url":"https:\/\/www.simard.ca\/fr\/a-propos\/lavantage-simard\/","og_site_name":"Simard","article_modified_time":"2016-01-15T15:11:40+00:00","twitter_card":"summary_large_image","twitter_misc":{"Dur\u00e9e de lecture estim\u00e9e":"5 minutes"},"schema":{"@context":"https:\/\/schema.org","@graph":[{"@type":"WebPage","@id":"https:\/\/www.simard.ca\/fr\/a-propos\/lavantage-simard\/","url":"https:\/\/www.simard.ca\/fr\/a-propos\/lavantage-simard\/","name":"Transport au Canada - Solution logisitque Simard","isPartOf":{"@id":"https:\/\/www.simard.ca\/fr\/#website"},"datePublished":"2015-10-15T13:51:02+00:00","dateModified":"2016-01-15T15:11:40+00:00","description":"Simard vous garantit une exp\u00e9rience et une expertise sur des solutions de transports logistiques flexibles qui s\u2019adaptent \u00e0 tous vos besoins.","breadcrumb":{"@id":"https:\/\/www.simard.ca\/fr\/a-propos\/lavantage-simard\/#breadcrumb"},"inLanguage":"fr-FR","potentialAction":[{"@type":"ReadAction","target":["https:\/\/www.simard.ca\/fr\/a-propos\/lavantage-simard\/"]}]},{"@type":"BreadcrumbList","@id":"https:\/\/www.simard.ca\/fr\/a-propos\/lavantage-simard\/#breadcrumb","itemListElement":[{"@type":"ListItem","position":1,"name":"Home","item":"https:\/\/www.simard.ca\/fr\/"},{"@type":"ListItem","position":2,"name":"\u00c0 propos","item":"https:\/\/www.simard.ca\/fr\/a-propos\/"},{"@type":"ListItem","position":3,"name":"L\u2019avantage SIMARD"}]},{"@type":"WebSite","@id":"https:\/\/www.simard.ca\/fr\/#website","url":"https:\/\/www.simard.ca\/fr\/","name":"Simard","description":"Transport - Entreposage - Logistique","potentialAction":[{"@type":"SearchAction","target":{"@type":"EntryPoint","urlTemplate":"https:\/\/www.simard.ca\/fr\/?s={search_term_string}"},"query-input":{"@type":"PropertyValueSpecification","valueRequired":true,"valueName":"search_term_string"}}],"inLanguage":"fr-FR"}]}},"publishpress_future_action":{"enabled":false,"date":"2026-05-10 14:33:30","action":"change-status","newStatus":"draft","terms":[],"taxonomy":"translation_priority","extraData":[]},"publishpress_future_workflow_manual_trigger":{"enabledWorkflows":[]},"_links":{"self":[{"href":"https:\/\/www.simard.ca\/fr\/wp-json\/wp\/v2\/pages\/241","targetHints":{"allow":["GET"]}}],"collection":[{"href":"https:\/\/www.simard.ca\/fr\/wp-json\/wp\/v2\/pages"}],"about":[{"href":"https:\/\/www.simard.ca\/fr\/wp-json\/wp\/v2\/types\/page"}],"author":[{"embeddable":true,"href":"https:\/\/www.simard.ca\/fr\/wp-json\/wp\/v2\/users\/1"}],"replies":[{"embeddable":true,"href":"https:\/\/www.simard.ca\/fr\/wp-json\/wp\/v2\/comments?post=241"}],"version-history":[{"count":0,"href":"https:\/\/www.simard.ca\/fr\/wp-json\/wp\/v2\/pages\/241\/revisions"}],"up":[{"embeddable":true,"href":"https:\/\/www.simard.ca\/fr\/wp-json\/wp\/v2\/pages\/191"}],"wp:attachment":[{"href":"https:\/\/www.simard.ca\/fr\/wp-json\/wp\/v2\/media?parent=241"}],"curies":[{"name":"wp","href":"https:\/\/api.w.org\/{rel}","templated":true}]}}