{"id":238,"date":"2015-10-14T14:49:13","date_gmt":"2015-10-14T14:49:13","guid":{"rendered":"https:\/\/simardweb.wpengine.com\/?page_id=238"},"modified":"2015-12-07T18:49:43","modified_gmt":"2015-12-07T18:49:43","slug":"transport-routier-vancouver","status":"publish","type":"page","link":"https:\/\/www.simard.ca\/fr\/contactez-nous\/transport-routier-vancouver\/","title":{"rendered":"Simard Vancouver"},"content":{"rendered":"<p>[et_pb_section admin_label=\u00a0\u00bbsection\u00a0\u00bb fullwidth=\u00a0\u00bbon\u00a0\u00bb specialty=\u00a0\u00bboff\u00a0\u00bb background_image=\u00a0\u00bbhttps:\/\/www.simard.ca\/wp-content\/uploads\/2015\/07\/8116_SIMARD_site-web_maqB_v2a_1-home_171.jpg\u00a0\u00bb transparent_background=\u00a0\u00bboff\u00a0\u00bb allow_player_pause=\u00a0\u00bboff\u00a0\u00bb inner_shadow=\u00a0\u00bboff\u00a0\u00bb parallax=\u00a0\u00bboff\u00a0\u00bb parallax_method=\u00a0\u00bboff\u00a0\u00bb padding_mobile=\u00a0\u00bboff\u00a0\u00bb make_fullwidth=\u00a0\u00bboff\u00a0\u00bb use_custom_width=\u00a0\u00bboff\u00a0\u00bb width_unit=\u00a0\u00bbon\u00a0\u00bb make_equal=\u00a0\u00bboff\u00a0\u00bb use_custom_gutter=\u00a0\u00bboff\u00a0\u00bb][et_pb_fullwidth_header admin_label=\u00a0\u00bbEn-t\u00eate plein \u00e9cran\u00a0\u00bb background_layout=\u00a0\u00bblight\u00a0\u00bb text_orientation=\u00a0\u00bbleft\u00a0\u00bb header_fullscreen=\u00a0\u00bboff\u00a0\u00bb header_scroll_down=\u00a0\u00bboff\u00a0\u00bb parallax=\u00a0\u00bboff\u00a0\u00bb parallax_method=\u00a0\u00bboff\u00a0\u00bb content_orientation=\u00a0\u00bbcenter\u00a0\u00bb image_orientation=\u00a0\u00bbcenter\u00a0\u00bb title_font=\u00a0\u00bb|on|on||\u00a0\u00bb title_font_size=\u00a0\u00bb36&Prime; custom_button_one=\u00a0\u00bboff\u00a0\u00bb button_one_border_radius=\u00a0\u00bb0&Prime; button_one_letter_spacing=\u00a0\u00bb0&Prime; button_one_use_icon=\u00a0\u00bbdefault\u00a0\u00bb button_one_icon_placement=\u00a0\u00bbright\u00a0\u00bb button_one_on_hover=\u00a0\u00bbon\u00a0\u00bb button_one_letter_spacing_hover=\u00a0\u00bb0&Prime; custom_button_two=\u00a0\u00bboff\u00a0\u00bb button_two_border_radius=\u00a0\u00bb0&Prime; button_two_letter_spacing=\u00a0\u00bb0&Prime; button_two_use_icon=\u00a0\u00bbdefault\u00a0\u00bb button_two_icon_placement=\u00a0\u00bbright\u00a0\u00bb button_two_on_hover=\u00a0\u00bbon\u00a0\u00bb button_two_letter_spacing_hover=\u00a0\u00bb0&Prime; title_font_color=\u00a0\u00bb#ffffff\u00a0\u00bb content_font_color=\u00a0\u00bb#ffffff\u00a0\u00bb content_font_size=\u00a0\u00bb20&Prime; button_one_text_size=\u00a0\u00bb20&Prime; button_one_border_width=\u00a0\u00bb2&Prime; button_one_border_radius_hover=\u00a0\u00bb3&Prime; button_two_text_size=\u00a0\u00bb20&Prime; button_two_border_width=\u00a0\u00bb2&Prime; button_two_border_radius_hover=\u00a0\u00bb3&Prime;]<\/p>\n<h1>Simard\u00a0Vancouver<\/h1>\n<p>[\/et_pb_fullwidth_header][\/et_pb_section][et_pb_section admin_label=\u00a0\u00bbSection\u00a0\u00bb fullwidth=\u00a0\u00bboff\u00a0\u00bb specialty=\u00a0\u00bbon\u00a0\u00bb][et_pb_column type=\u00a0\u00bb2_3&Prime; specialty_columns=\u00a0\u00bb2&Prime;][et_pb_row_inner admin_label=\u00a0\u00bbLigne\u00a0\u00bb custom_padding=\u00a0\u00bb|0px\u00a0\u00bb padding_mobile=\u00a0\u00bboff\u00a0\u00bb use_custom_gutter=\u00a0\u00bboff\u00a0\u00bb column_padding_mobile=\u00a0\u00bbon\u00a0\u00bb make_equal=\u00a0\u00bboff\u00a0\u00bb][et_pb_column_inner type=\u00a0\u00bb4_4&Prime; saved_specialty_column_type=\u00a0\u00bb2_3&Prime;][et_pb_text admin_label=\u00a0\u00bbTexte\u00a0\u00bb background_layout=\u00a0\u00bblight\u00a0\u00bb text_orientation=\u00a0\u00bbleft\u00a0\u00bb use_border_color=\u00a0\u00bboff\u00a0\u00bb border_color=\u00a0\u00bb#ffffff\u00a0\u00bb border_style=\u00a0\u00bbsolid\u00a0\u00bb]<\/p>\n<p>Pour d\u00e9passer vos attentes, SIMARD propose des services de transport et d\u2019entreposage \u00e0 partir de Vancouver depuis 2003. Pour r\u00e9pondre \u00e0 tous vos besoins en consolidation, d\u00e9consolidation et transbordement, <strong>nos installations sont situ\u00e9es \u00e0 Richmond, \u00e0 proximit\u00e9 de l\u2019A\u00e9roport International de Vancouver et des ports de Vancouver; du Deltaport et des quais de Vanterm, Centerm et Fraser Surrey<\/strong>.<\/p>\n<p>Nous b\u00e9n\u00e9ficions d\u2019une superficie d\u2019entreposage de plus de 400 000 pieds carr\u00e9s pour d\u00e9passer vos attentes en mati\u00e8re de distribution.<\/p>\n<p>[\/et_pb_text][\/et_pb_column_inner][\/et_pb_row_inner][et_pb_row_inner admin_label=\u00a0\u00bbLigne\u00a0\u00bb custom_padding=\u00a0\u00bb|\u00a0\u00bb padding_mobile=\u00a0\u00bboff\u00a0\u00bb use_custom_gutter=\u00a0\u00bboff\u00a0\u00bb column_padding_mobile=\u00a0\u00bbon\u00a0\u00bb make_equal=\u00a0\u00bboff\u00a0\u00bb][et_pb_column_inner type=\u00a0\u00bb1_2&Prime; saved_specialty_column_type=\u00a0\u00bb2_3&Prime;][et_pb_text admin_label=\u00a0\u00bbTexte\u00a0\u00bb background_layout=\u00a0\u00bblight\u00a0\u00bb text_orientation=\u00a0\u00bbleft\u00a0\u00bb use_border_color=\u00a0\u00bboff\u00a0\u00bb border_color=\u00a0\u00bb#ffffff\u00a0\u00bb border_style=\u00a0\u00bbsolid\u00a0\u00bb text_font_size=\u00a0\u00bb14&Prime;]<\/p>\n<h4><strong>Simard\u00a0Vancouver<\/strong><\/h4>\n<h5>Simard Westlink<\/h5>\n<p>16062, Portside\u00a0Road<br \/>\nRichmond (C.-B.) \u00a0V6W\u00a01M1<br \/>\n<em><a href=\"https:\/\/goo.gl\/maps\/zW886udiCbS2\" target=\"_blank\">OBETENIR L&rsquo;ITIN\u00c9RAIRE &gt;<\/a><\/em><\/p>\n<p>T\u00e9l. : 604\u00a0231-8756<br \/>\n<span style=\"line-height: 1.5;\">T\u00e9lec. : 604\u00a0231-9756<\/span><br \/>\n<a href=\"mailto:sales@simard.ca\">sales@simard.ca<\/a><\/p>\n<p>[\/et_pb_text][\/et_pb_column_inner][et_pb_column_inner type=\u00a0\u00bb1_2&Prime; saved_specialty_column_type=\u00a0\u00bb2_3&Prime;][et_pb_image admin_label=\u00a0\u00bbImage\u00a0\u00bb src=\u00a0\u00bbhttps:\/\/www.simard.ca\/wp-content\/uploads\/2015\/08\/image-droite-3col-vancouver.jpg\u00a0\u00bb show_in_lightbox=\u00a0\u00bboff\u00a0\u00bb url_new_window=\u00a0\u00bboff\u00a0\u00bb animation=\u00a0\u00bbright\u00a0\u00bb sticky=\u00a0\u00bboff\u00a0\u00bb align=\u00a0\u00bbleft\u00a0\u00bb force_fullwidth=\u00a0\u00bboff\u00a0\u00bb always_center_on_mobile=\u00a0\u00bbon\u00a0\u00bb use_border_color=\u00a0\u00bboff\u00a0\u00bb border_color=\u00a0\u00bb#ffffff\u00a0\u00bb border_style=\u00a0\u00bbsolid\u00a0\u00bb] [\/et_pb_image][\/et_pb_column_inner][\/et_pb_row_inner][\/et_pb_column][et_pb_column type=\u00a0\u00bb1_3&Prime;][et_pb_text admin_label=\u00a0\u00bbSidebar entreposage\u00a0\u00bb global_module=\u00a0\u00bb307&Prime; saved_tabs=\u00a0\u00bball\u00a0\u00bb background_layout=\u00a0\u00bblight\u00a0\u00bb text_orientation=\u00a0\u00bbleft\u00a0\u00bb module_class=\u00a0\u00bbeurostile\u00a0\u00bb text_font_size=\u00a0\u00bb16&Prime; text_text_color=\u00a0\u00bb#000000&Prime; use_border_color=\u00a0\u00bboff\u00a0\u00bb border_color=\u00a0\u00bb#ffffff\u00a0\u00bb border_style=\u00a0\u00bbsolid\u00a0\u00bb]<\/p>\n<p><a href=\"https:\/\/www.simard.ca\/entreposage\/\"><img loading=\"lazy\" decoding=\"async\" class=\"alignnone wp-image-582 size-medium\" src=\"https:\/\/www.simard.ca\/wp-content\/uploads\/2015\/07\/image-gauche-3col-entreposage_v2-300x188.jpg\" alt=\"image-gauche-3col-entreposage_v2\" width=\"300\" height=\"188\" srcset=\"https:\/\/www.simard.ca\/wp-content\/uploads\/2015\/07\/image-gauche-3col-entreposage_v2-300x188.jpg 300w, https:\/\/www.simard.ca\/wp-content\/uploads\/2015\/07\/image-gauche-3col-entreposage_v2.jpg 320w\" sizes=\"(max-width: 300px) 100vw, 300px\" \/><\/a><br \/>\n<strong><em>ENTREPOSAGE <\/em><\/strong><br \/>\nProfitez de nos solutions d&rsquo;entreposage logistique adapt\u00e9es \u00e0 vos besoins.<br \/>\n<em><strong><a href=\"https:\/\/www.simard.ca\/entreposage\/\">EN SAVOIR PLUS\u00a0&gt;<\/a><\/strong><\/em><\/p>\n<p>[\/et_pb_text][\/et_pb_column][\/et_pb_section][et_pb_section admin_label=\u00a0\u00bbSection\u00a0\u00bb fullwidth=\u00a0\u00bbon\u00a0\u00bb specialty=\u00a0\u00bboff\u00a0\u00bb][et_pb_fullwidth_map admin_label=\u00a0\u00bbCarte plein \u00e9cran\u00a0\u00bb address=\u00a0\u00bb16062 Portside Rd, Richmond, BC V6W, Canada\u00a0\u00bb zoom_level=\u00a0\u00bb11&Prime; address_lat=\u00a0\u00bb49.15411752407841&Prime; address_lng=\u00a0\u00bb-123.0368466956877&Prime; mouse_wheel=\u00a0\u00bboff\u00a0\u00bb] [et_pb_map_pin title=\u00a0\u00bbSimard Westlink\u00a0\u00bb pin_address=\u00a0\u00bb16062 Portside Rd, Richmond, BC V6W, Canada\u00a0\u00bb pin_address_lat=\u00a0\u00bb49.1512768&Prime; pin_address_lng=\u00a0\u00bb-123.04082240000002&Prime;] [\/et_pb_map_pin] [\/et_pb_fullwidth_map][\/et_pb_section]<\/p>\n","protected":false},"excerpt":{"rendered":"<p>Simard\u00a0Vancouver Pour d\u00e9passer vos attentes, SIMARD propose des services de transport et d\u2019entreposage \u00e0 partir de Vancouver depuis 2003. Pour r\u00e9pondre \u00e0 tous vos besoins en consolidation, d\u00e9consolidation et transbordement, nos installations sont situ\u00e9es \u00e0 Richmond, \u00e0 proximit\u00e9 de l\u2019A\u00e9roport International de Vancouver et des ports de Vancouver; du Deltaport et des quais de Vanterm, [&hellip;]<\/p>\n","protected":false},"author":1,"featured_media":0,"parent":121,"menu_order":3,"comment_status":"closed","ping_status":"closed","template":"","meta":{"_et_pb_use_builder":"on","_et_pb_old_content":"","_et_gb_content_width":"","_monsterinsights_skip_tracking":false,"_monsterinsights_sitenote_active":false,"_monsterinsights_sitenote_note":"","_monsterinsights_sitenote_category":0,"footnotes":""},"class_list":["post-238","page","type-page","status-publish","hentry"],"yoast_head":"<!-- This site is optimized with the Yoast SEO plugin v27.3 - https:\/\/yoast.com\/product\/yoast-seo-wordpress\/ -->\n<title>Simard - Transport routier, entreposage et logistique Vancouver<\/title>\n<meta name=\"description\" content=\"Simard est la compagnie incontournable de transport routier et d&#039;entreposage \u00e0 Vancouver. Nous poss\u00e9dons une capacit\u00e9 d\u2019entreposage de plus de 400 000 pi2.\" \/>\n<meta name=\"robots\" content=\"index, follow, max-snippet:-1, max-image-preview:large, max-video-preview:-1\" \/>\n<link rel=\"canonical\" href=\"https:\/\/www.simard.ca\/fr\/contactez-nous\/transport-routier-vancouver\/\" \/>\n<meta property=\"og:locale\" content=\"fr_FR\" \/>\n<meta property=\"og:type\" content=\"article\" \/>\n<meta property=\"og:title\" content=\"Simard - Transport routier, entreposage et logistique Vancouver\" \/>\n<meta property=\"og:description\" content=\"Simard est la compagnie incontournable de transport routier et d&#039;entreposage \u00e0 Vancouver. Nous poss\u00e9dons une capacit\u00e9 d\u2019entreposage de plus de 400 000 pi2.\" \/>\n<meta property=\"og:url\" content=\"https:\/\/www.simard.ca\/fr\/contactez-nous\/transport-routier-vancouver\/\" \/>\n<meta property=\"og:site_name\" content=\"Simard\" \/>\n<meta property=\"article:modified_time\" content=\"2015-12-07T18:49:43+00:00\" \/>\n<meta property=\"og:image\" content=\"https:\/\/www.simard.ca\/wp-content\/uploads\/2015\/07\/image-gauche-3col-entreposage_v2-300x188.jpg\" \/>\n<meta name=\"twitter:card\" content=\"summary_large_image\" \/>\n<meta name=\"twitter:label1\" content=\"Dur\u00e9e de lecture estim\u00e9e\" \/>\n\t<meta name=\"twitter:data1\" content=\"3 minutes\" \/>\n<script type=\"application\/ld+json\" class=\"yoast-schema-graph\">{\"@context\":\"https:\\\/\\\/schema.org\",\"@graph\":[{\"@type\":\"WebPage\",\"@id\":\"https:\\\/\\\/www.simard.ca\\\/fr\\\/contactez-nous\\\/transport-routier-vancouver\\\/\",\"url\":\"https:\\\/\\\/www.simard.ca\\\/fr\\\/contactez-nous\\\/transport-routier-vancouver\\\/\",\"name\":\"Simard - Transport routier, entreposage et logistique Vancouver\",\"isPartOf\":{\"@id\":\"https:\\\/\\\/www.simard.ca\\\/fr\\\/#website\"},\"primaryImageOfPage\":{\"@id\":\"https:\\\/\\\/www.simard.ca\\\/fr\\\/contactez-nous\\\/transport-routier-vancouver\\\/#primaryimage\"},\"image\":{\"@id\":\"https:\\\/\\\/www.simard.ca\\\/fr\\\/contactez-nous\\\/transport-routier-vancouver\\\/#primaryimage\"},\"thumbnailUrl\":\"https:\\\/\\\/www.simard.ca\\\/wp-content\\\/uploads\\\/2015\\\/07\\\/image-gauche-3col-entreposage_v2-300x188.jpg\",\"datePublished\":\"2015-10-14T14:49:13+00:00\",\"dateModified\":\"2015-12-07T18:49:43+00:00\",\"description\":\"Simard est la compagnie incontournable de transport routier et d'entreposage \u00e0 Vancouver. Nous poss\u00e9dons une capacit\u00e9 d\u2019entreposage de plus de 400 000 pi2.\",\"breadcrumb\":{\"@id\":\"https:\\\/\\\/www.simard.ca\\\/fr\\\/contactez-nous\\\/transport-routier-vancouver\\\/#breadcrumb\"},\"inLanguage\":\"fr-FR\",\"potentialAction\":[{\"@type\":\"ReadAction\",\"target\":[\"https:\\\/\\\/www.simard.ca\\\/fr\\\/contactez-nous\\\/transport-routier-vancouver\\\/\"]}]},{\"@type\":\"ImageObject\",\"inLanguage\":\"fr-FR\",\"@id\":\"https:\\\/\\\/www.simard.ca\\\/fr\\\/contactez-nous\\\/transport-routier-vancouver\\\/#primaryimage\",\"url\":\"https:\\\/\\\/www.simard.ca\\\/wp-content\\\/uploads\\\/2015\\\/07\\\/image-gauche-3col-entreposage_v2-300x188.jpg\",\"contentUrl\":\"https:\\\/\\\/www.simard.ca\\\/wp-content\\\/uploads\\\/2015\\\/07\\\/image-gauche-3col-entreposage_v2-300x188.jpg\"},{\"@type\":\"BreadcrumbList\",\"@id\":\"https:\\\/\\\/www.simard.ca\\\/fr\\\/contactez-nous\\\/transport-routier-vancouver\\\/#breadcrumb\",\"itemListElement\":[{\"@type\":\"ListItem\",\"position\":1,\"name\":\"Home\",\"item\":\"https:\\\/\\\/www.simard.ca\\\/fr\\\/\"},{\"@type\":\"ListItem\",\"position\":2,\"name\":\"Contactez-nous\",\"item\":\"https:\\\/\\\/www.simard.ca\\\/fr\\\/contactez-nous\\\/\"},{\"@type\":\"ListItem\",\"position\":3,\"name\":\"Simard Vancouver\"}]},{\"@type\":\"WebSite\",\"@id\":\"https:\\\/\\\/www.simard.ca\\\/fr\\\/#website\",\"url\":\"https:\\\/\\\/www.simard.ca\\\/fr\\\/\",\"name\":\"Simard\",\"description\":\"Transport - Entreposage - Logistique\",\"potentialAction\":[{\"@type\":\"SearchAction\",\"target\":{\"@type\":\"EntryPoint\",\"urlTemplate\":\"https:\\\/\\\/www.simard.ca\\\/fr\\\/?s={search_term_string}\"},\"query-input\":{\"@type\":\"PropertyValueSpecification\",\"valueRequired\":true,\"valueName\":\"search_term_string\"}}],\"inLanguage\":\"fr-FR\"}]}<\/script>\n<!-- \/ Yoast SEO plugin. -->","yoast_head_json":{"title":"Simard - Transport routier, entreposage et logistique Vancouver","description":"Simard est la compagnie incontournable de transport routier et d'entreposage \u00e0 Vancouver. Nous poss\u00e9dons une capacit\u00e9 d\u2019entreposage de plus de 400 000 pi2.","robots":{"index":"index","follow":"follow","max-snippet":"max-snippet:-1","max-image-preview":"max-image-preview:large","max-video-preview":"max-video-preview:-1"},"canonical":"https:\/\/www.simard.ca\/fr\/contactez-nous\/transport-routier-vancouver\/","og_locale":"fr_FR","og_type":"article","og_title":"Simard - Transport routier, entreposage et logistique Vancouver","og_description":"Simard est la compagnie incontournable de transport routier et d'entreposage \u00e0 Vancouver. Nous poss\u00e9dons une capacit\u00e9 d\u2019entreposage de plus de 400 000 pi2.","og_url":"https:\/\/www.simard.ca\/fr\/contactez-nous\/transport-routier-vancouver\/","og_site_name":"Simard","article_modified_time":"2015-12-07T18:49:43+00:00","og_image":[{"url":"https:\/\/www.simard.ca\/wp-content\/uploads\/2015\/07\/image-gauche-3col-entreposage_v2-300x188.jpg","type":"","width":"","height":""}],"twitter_card":"summary_large_image","twitter_misc":{"Dur\u00e9e de lecture estim\u00e9e":"3 minutes"},"schema":{"@context":"https:\/\/schema.org","@graph":[{"@type":"WebPage","@id":"https:\/\/www.simard.ca\/fr\/contactez-nous\/transport-routier-vancouver\/","url":"https:\/\/www.simard.ca\/fr\/contactez-nous\/transport-routier-vancouver\/","name":"Simard - Transport routier, entreposage et logistique Vancouver","isPartOf":{"@id":"https:\/\/www.simard.ca\/fr\/#website"},"primaryImageOfPage":{"@id":"https:\/\/www.simard.ca\/fr\/contactez-nous\/transport-routier-vancouver\/#primaryimage"},"image":{"@id":"https:\/\/www.simard.ca\/fr\/contactez-nous\/transport-routier-vancouver\/#primaryimage"},"thumbnailUrl":"https:\/\/www.simard.ca\/wp-content\/uploads\/2015\/07\/image-gauche-3col-entreposage_v2-300x188.jpg","datePublished":"2015-10-14T14:49:13+00:00","dateModified":"2015-12-07T18:49:43+00:00","description":"Simard est la compagnie incontournable de transport routier et d'entreposage \u00e0 Vancouver. Nous poss\u00e9dons une capacit\u00e9 d\u2019entreposage de plus de 400 000 pi2.","breadcrumb":{"@id":"https:\/\/www.simard.ca\/fr\/contactez-nous\/transport-routier-vancouver\/#breadcrumb"},"inLanguage":"fr-FR","potentialAction":[{"@type":"ReadAction","target":["https:\/\/www.simard.ca\/fr\/contactez-nous\/transport-routier-vancouver\/"]}]},{"@type":"ImageObject","inLanguage":"fr-FR","@id":"https:\/\/www.simard.ca\/fr\/contactez-nous\/transport-routier-vancouver\/#primaryimage","url":"https:\/\/www.simard.ca\/wp-content\/uploads\/2015\/07\/image-gauche-3col-entreposage_v2-300x188.jpg","contentUrl":"https:\/\/www.simard.ca\/wp-content\/uploads\/2015\/07\/image-gauche-3col-entreposage_v2-300x188.jpg"},{"@type":"BreadcrumbList","@id":"https:\/\/www.simard.ca\/fr\/contactez-nous\/transport-routier-vancouver\/#breadcrumb","itemListElement":[{"@type":"ListItem","position":1,"name":"Home","item":"https:\/\/www.simard.ca\/fr\/"},{"@type":"ListItem","position":2,"name":"Contactez-nous","item":"https:\/\/www.simard.ca\/fr\/contactez-nous\/"},{"@type":"ListItem","position":3,"name":"Simard Vancouver"}]},{"@type":"WebSite","@id":"https:\/\/www.simard.ca\/fr\/#website","url":"https:\/\/www.simard.ca\/fr\/","name":"Simard","description":"Transport - Entreposage - Logistique","potentialAction":[{"@type":"SearchAction","target":{"@type":"EntryPoint","urlTemplate":"https:\/\/www.simard.ca\/fr\/?s={search_term_string}"},"query-input":{"@type":"PropertyValueSpecification","valueRequired":true,"valueName":"search_term_string"}}],"inLanguage":"fr-FR"}]}},"publishpress_future_action":{"enabled":false,"date":"2026-04-11 14:14:50","action":"change-status","newStatus":"draft","terms":[],"taxonomy":"translation_priority","extraData":[]},"publishpress_future_workflow_manual_trigger":{"enabledWorkflows":[]},"_links":{"self":[{"href":"https:\/\/www.simard.ca\/fr\/wp-json\/wp\/v2\/pages\/238","targetHints":{"allow":["GET"]}}],"collection":[{"href":"https:\/\/www.simard.ca\/fr\/wp-json\/wp\/v2\/pages"}],"about":[{"href":"https:\/\/www.simard.ca\/fr\/wp-json\/wp\/v2\/types\/page"}],"author":[{"embeddable":true,"href":"https:\/\/www.simard.ca\/fr\/wp-json\/wp\/v2\/users\/1"}],"replies":[{"embeddable":true,"href":"https:\/\/www.simard.ca\/fr\/wp-json\/wp\/v2\/comments?post=238"}],"version-history":[{"count":0,"href":"https:\/\/www.simard.ca\/fr\/wp-json\/wp\/v2\/pages\/238\/revisions"}],"up":[{"embeddable":true,"href":"https:\/\/www.simard.ca\/fr\/wp-json\/wp\/v2\/pages\/121"}],"wp:attachment":[{"href":"https:\/\/www.simard.ca\/fr\/wp-json\/wp\/v2\/media?parent=238"}],"curies":[{"name":"wp","href":"https:\/\/api.w.org\/{rel}","templated":true}]}}