{"id":237,"date":"2015-10-14T14:34:53","date_gmt":"2015-10-14T14:34:53","guid":{"rendered":"https:\/\/simardweb.wpengine.com\/?page_id=237"},"modified":"2021-02-10T13:37:35","modified_gmt":"2021-02-10T13:37:35","slug":"transport-routier-toronto","status":"publish","type":"page","link":"https:\/\/www.simard.ca\/fr\/contactez-nous\/transport-routier-toronto\/","title":{"rendered":"Simard Toronto"},"content":{"rendered":"<p>[et_pb_section fb_built=\u00a0\u00bb1&Prime; fullwidth=\u00a0\u00bbon\u00a0\u00bb custom_padding_last_edited=\u00a0\u00bbon|desktop\u00a0\u00bb admin_label=\u00a0\u00bbsection\u00a0\u00bb _builder_version=\u00a0\u00bb3.22&Prime; background_image=\u00a0\u00bbhttps:\/\/www.simard.ca\/wp-content\/uploads\/2015\/07\/8116_SIMARD_site-web_maqB_v2a_1-home_171.jpg\u00a0\u00bb custom_padding_tablet=\u00a0\u00bb50px|0|50px|0&Prime; transparent_background=\u00a0\u00bboff\u00a0\u00bb padding_mobile=\u00a0\u00bboff\u00a0\u00bb make_fullwidth=\u00a0\u00bboff\u00a0\u00bb use_custom_width=\u00a0\u00bboff\u00a0\u00bb width_unit=\u00a0\u00bbon\u00a0\u00bb][et_pb_fullwidth_header content_max_width=\u00a0\u00bbnone\u00a0\u00bb title_font_color=\u00a0\u00bb#ffffff\u00a0\u00bb content_font_color=\u00a0\u00bb#ffffff\u00a0\u00bb admin_label=\u00a0\u00bbEn-t\u00eate plein \u00e9cran\u00a0\u00bb _builder_version=\u00a0\u00bb3.16&Prime; title_font=\u00a0\u00bb|on|on||\u00a0\u00bb title_text_color=\u00a0\u00bb#ffffff\u00a0\u00bb title_font_size=\u00a0\u00bb36&Prime; content_text_color=\u00a0\u00bb#ffffff\u00a0\u00bb content_font_size=\u00a0\u00bb20&Prime; background_color=\u00a0\u00bbrgba(255, 255, 255, 0)\u00a0\u00bb background_layout=\u00a0\u00bblight\u00a0\u00bb button_one_border_radius_hover=\u00a0\u00bb3&Prime; button_two_border_radius_hover=\u00a0\u00bb3&Prime; button_one_letter_spacing_hover=\u00a0\u00bb0&Prime; button_two_letter_spacing_hover=\u00a0\u00bb0&Prime; button_one_text_size__hover_enabled=\u00a0\u00bboff\u00a0\u00bb button_two_text_size__hover_enabled=\u00a0\u00bboff\u00a0\u00bb button_one_text_color__hover_enabled=\u00a0\u00bboff\u00a0\u00bb button_two_text_color__hover_enabled=\u00a0\u00bboff\u00a0\u00bb button_one_border_width__hover_enabled=\u00a0\u00bboff\u00a0\u00bb button_two_border_width__hover_enabled=\u00a0\u00bboff\u00a0\u00bb button_one_border_color__hover_enabled=\u00a0\u00bboff\u00a0\u00bb button_two_border_color__hover_enabled=\u00a0\u00bboff\u00a0\u00bb button_one_border_radius__hover_enabled=\u00a0\u00bbon\u00a0\u00bb button_one_border_radius__hover=\u00a0\u00bb3&Prime; button_two_border_radius__hover_enabled=\u00a0\u00bbon\u00a0\u00bb button_two_border_radius__hover=\u00a0\u00bb3&Prime; button_one_letter_spacing__hover_enabled=\u00a0\u00bbon\u00a0\u00bb button_one_letter_spacing__hover=\u00a0\u00bb0&Prime; button_two_letter_spacing__hover_enabled=\u00a0\u00bbon\u00a0\u00bb button_two_letter_spacing__hover=\u00a0\u00bb0&Prime; button_one_bg_color__hover_enabled=\u00a0\u00bboff\u00a0\u00bb button_two_bg_color__hover_enabled=\u00a0\u00bboff\u00a0\u00bb]<\/p>\n<h1>Simard Toronto<\/h1>\n<p>[\/et_pb_fullwidth_header][\/et_pb_section][et_pb_section fb_built=\u00a0\u00bb1&Prime; specialty=\u00a0\u00bbon\u00a0\u00bb admin_label=\u00a0\u00bbSection\u00a0\u00bb _builder_version=\u00a0\u00bb3.22&Prime;][et_pb_column type=\u00a0\u00bb2_3&Prime; specialty_columns=\u00a0\u00bb2&Prime; _builder_version=\u00a0\u00bb3.25&Prime; custom_padding=\u00a0\u00bb|||\u00a0\u00bb custom_padding__hover=\u00a0\u00bb|||\u00a0\u00bb][et_pb_row_inner padding_mobile=\u00a0\u00bboff\u00a0\u00bb column_padding_mobile=\u00a0\u00bbon\u00a0\u00bb admin_label=\u00a0\u00bbLigne\u00a0\u00bb _builder_version=\u00a0\u00bb3.25&Prime; custom_padding=\u00a0\u00bb|0px\u00a0\u00bb][et_pb_column_inner saved_specialty_column_type=\u00a0\u00bb2_3&Prime; _builder_version=\u00a0\u00bb3.25&Prime; custom_padding=\u00a0\u00bb|||\u00a0\u00bb custom_padding__hover=\u00a0\u00bb|||\u00a0\u00bb][et_pb_text admin_label=\u00a0\u00bbTexte\u00a0\u00bb _builder_version=\u00a0\u00bb4.7.7&Prime; background_size=\u00a0\u00bbinitial\u00a0\u00bb background_position=\u00a0\u00bbtop_left\u00a0\u00bb background_repeat=\u00a0\u00bbrepeat\u00a0\u00bb hover_enabled=\u00a0\u00bb0&Prime; use_border_color=\u00a0\u00bboff\u00a0\u00bb border_color=\u00a0\u00bb#ffffff\u00a0\u00bb border_style=\u00a0\u00bbsolid\u00a0\u00bb sticky_enabled=\u00a0\u00bb0&Prime;]<\/p>\n<p>Depuis 1997, SIMARD offre des services d\u2019exception pour le transport et l\u2019entreposage \u00e0 partir de Toronto.\u00a0<strong>Situ\u00e9es pr\u00e8s des r\u00e9seaux ferroviaires du CN et du CP et l\u2019A\u00e9roport International Toronto Pearson<\/strong>, nos installations offrent un acc\u00e8s strat\u00e9gique aux principales autoroutes de la ville, dont la 401, la 403, la 407, la 409 et la 410.<\/p>\n<p>[\/et_pb_text][\/et_pb_column_inner][\/et_pb_row_inner][et_pb_row_inner padding_mobile=\u00a0\u00bboff\u00a0\u00bb column_padding_mobile=\u00a0\u00bbon\u00a0\u00bb admin_label=\u00a0\u00bbLigne\u00a0\u00bb _builder_version=\u00a0\u00bb3.25&Prime; custom_padding=\u00a0\u00bb|\u00a0\u00bb column_structure=\u00a0\u00bb1_2,1_2&Prime;][et_pb_column_inner type=\u00a0\u00bb1_2&Prime; saved_specialty_column_type=\u00a0\u00bb2_3&Prime; _builder_version=\u00a0\u00bb3.25&Prime; custom_padding=\u00a0\u00bb|||\u00a0\u00bb custom_padding__hover=\u00a0\u00bb|||\u00a0\u00bb][et_pb_text admin_label=\u00a0\u00bbTexte\u00a0\u00bb _builder_version=\u00a0\u00bb4.7.7&Prime; background_size=\u00a0\u00bbinitial\u00a0\u00bb background_position=\u00a0\u00bbtop_left\u00a0\u00bb background_repeat=\u00a0\u00bbrepeat\u00a0\u00bb hover_enabled=\u00a0\u00bb0&Prime; use_border_color=\u00a0\u00bboff\u00a0\u00bb border_color=\u00a0\u00bb#ffffff\u00a0\u00bb border_style=\u00a0\u00bbsolid\u00a0\u00bb sticky_enabled=\u00a0\u00bb0&Prime;]<\/p>\n<h4><strong>Simard\u00a0Toronto<\/strong><\/h4>\n<h5>Sim-Tran\u00a0Ontario<\/h5>\n<p>200 Boul. Westcreek<br \/> Brampton, ON L6T 5T7<br \/> <em><a href=\"https:\/\/goo.gl\/maps\/SM2e7S5CPiW63G9y6\" target=\"_blank\" rel=\"noopener noreferrer\">OBTENIR L&rsquo;ITIN\u00c9RAIRE &gt;<\/a><\/em><\/p>\n<p>T\u00e9l. : 905\u00a0670-2005<br \/> <span style=\"line-height: 1.5;\">T\u00e9lec. : 905\u00a0670-2169<br \/> Sans frais : 1 866 993-5578<br \/> <a href=\"mailto:sales@simard.ca\">sales@simard.ca<\/a><\/span><\/p>\n<p>[\/et_pb_text][\/et_pb_column_inner][et_pb_column_inner type=\u00a0\u00bb1_2&Prime; saved_specialty_column_type=\u00a0\u00bb2_3&Prime; _builder_version=\u00a0\u00bb3.25&Prime; custom_padding=\u00a0\u00bb|||\u00a0\u00bb custom_padding__hover=\u00a0\u00bb|||\u00a0\u00bb][et_pb_image src=\u00a0\u00bbhttps:\/\/www.simard.ca\/wp-content\/uploads\/2015\/10\/image-droite-3col-toronto.jpg\u00a0\u00bb align_tablet=\u00a0\u00bbcenter\u00a0\u00bb align_last_edited=\u00a0\u00bbon|desktop\u00a0\u00bb admin_label=\u00a0\u00bbImage\u00a0\u00bb _builder_version=\u00a0\u00bb3.23&Prime; animation_style=\u00a0\u00bbslide\u00a0\u00bb animation_direction=\u00a0\u00bbright\u00a0\u00bb animation_duration=\u00a0\u00bb500ms\u00a0\u00bb animation_intensity_slide=\u00a0\u00bb10%\u00a0\u00bb use_border_color=\u00a0\u00bboff\u00a0\u00bb border_color=\u00a0\u00bb#ffffff\u00a0\u00bb border_style=\u00a0\u00bbsolid\u00a0\u00bb animation=\u00a0\u00bbright\u00a0\u00bb sticky=\u00a0\u00bboff\u00a0\u00bb always_center_on_mobile=\u00a0\u00bbon\u00a0\u00bb] [\/et_pb_image][\/et_pb_column_inner][\/et_pb_row_inner][\/et_pb_column][et_pb_column type=\u00a0\u00bb1_3&Prime; _builder_version=\u00a0\u00bb3.25&Prime; custom_padding=\u00a0\u00bb|||\u00a0\u00bb custom_padding__hover=\u00a0\u00bb|||\u00a0\u00bb][et_pb_text admin_label=\u00a0\u00bbSidebar transport\u00a0\u00bb module_class=\u00a0\u00bbeurostile\u00a0\u00bb _builder_version=\u00a0\u00bb3.0.87&Prime; text_text_color=\u00a0\u00bb#000000&Prime; text_font_size=\u00a0\u00bb16&Prime; background_size=\u00a0\u00bbinitial\u00a0\u00bb background_position=\u00a0\u00bbtop_left\u00a0\u00bb background_repeat=\u00a0\u00bbrepeat\u00a0\u00bb use_border_color=\u00a0\u00bboff\u00a0\u00bb border_color=\u00a0\u00bb#ffffff\u00a0\u00bb border_style=\u00a0\u00bbsolid\u00a0\u00bb global_module=\u00a0\u00bb309&Prime; saved_tabs=\u00a0\u00bball\u00a0\u00bb]<\/p>\n<p><a href=\"https:\/\/www.simard.ca\/fr\/transport\/\"><img loading=\"lazy\" decoding=\"async\" class=\"alignnone wp-image-974 size-medium\" src=\"https:\/\/www.simard.ca\/wp-content\/uploads\/2015\/07\/TRANSPORT320-300x188.jpg\" alt=\"\" width=\"300\" height=\"188\" srcset=\"https:\/\/www.simard.ca\/wp-content\/uploads\/2015\/07\/TRANSPORT320-300x188.jpg 300w, https:\/\/www.simard.ca\/wp-content\/uploads\/2015\/07\/TRANSPORT320.jpg 320w\" sizes=\"(max-width: 300px) 100vw, 300px\" \/><\/a><\/p>\n<p><strong><em>TRANSPORT<br \/> <\/em><\/strong>L&rsquo;expertise n\u00e9cessaire pour optimiser votre cha\u00eene d&rsquo;approvisionnement.<br \/> <em><strong><a href=\"https:\/\/www.simard.ca\/fr\/transport\/\">EN SAVOIR PLUS\u00a0&gt;<\/a><\/strong><\/em><\/p>\n<p>[\/et_pb_text][\/et_pb_column][\/et_pb_section][et_pb_section fb_built=\u00a0\u00bb1&Prime; fullwidth=\u00a0\u00bbon\u00a0\u00bb admin_label=\u00a0\u00bbSection\u00a0\u00bb _builder_version=\u00a0\u00bb3.22&Prime;][et_pb_fullwidth_map address=\u00a0\u00bb7595 Tranmere Dr, Mississauga, ON L5S 1L4, Canada\u00a0\u00bb zoom_level=\u00a0\u00bb12&Prime; address_lat=\u00a0\u00bb43.68704778032088&Prime; address_lng=\u00a0\u00bb-79.68194107381898&Prime; mouse_wheel=\u00a0\u00bboff\u00a0\u00bb admin_label=\u00a0\u00bbCarte plein \u00e9cran\u00a0\u00bb _builder_version=\u00a0\u00bb3.0.91&Prime;][et_pb_map_pin title=\u00a0\u00bbSim-Tran Ontario\u00a0\u00bb pin_address=\u00a0\u00bb7595 Tranmere Dr, Mississauga, ON L5S 1L4, Canada\u00a0\u00bb pin_address_lat=\u00a0\u00bb43.6862751&Prime; pin_address_lng=\u00a0\u00bb-79.68068579999999&Prime; _builder_version=\u00a0\u00bb3.0.47&Prime;] [\/et_pb_map_pin][\/et_pb_fullwidth_map][\/et_pb_section]<\/p>\n","protected":false},"excerpt":{"rendered":"<p>Simard Toronto Depuis 1997, SIMARD offre des services d\u2019exception pour le transport et l\u2019entreposage \u00e0 partir de Toronto.\u00a0Situ\u00e9es pr\u00e8s des r\u00e9seaux ferroviaires du CN et du CP et l\u2019A\u00e9roport International Toronto Pearson, nos installations offrent un acc\u00e8s strat\u00e9gique aux principales autoroutes de la ville, dont la 401, la 403, la 407, la 409 et la [&hellip;]<\/p>\n","protected":false},"author":1,"featured_media":0,"parent":121,"menu_order":2,"comment_status":"closed","ping_status":"closed","template":"","meta":{"_et_pb_use_builder":"on","_et_pb_old_content":"","_et_gb_content_width":"","_monsterinsights_skip_tracking":false,"_monsterinsights_sitenote_active":false,"_monsterinsights_sitenote_note":"","_monsterinsights_sitenote_category":0,"footnotes":""},"class_list":["post-237","page","type-page","status-publish","hentry"],"yoast_head":"<!-- This site is optimized with the Yoast SEO plugin v27.5 - https:\/\/yoast.com\/product\/yoast-seo-wordpress\/ -->\n<title>Simard - Transport routier, entreposage et logistique \u00e0 Toronto<\/title>\n<meta name=\"description\" content=\"Simard est la compagnie incontournable de transport routier et d&#039;entreposage \u00e0 Toronto. Nous poss\u00e9dons une capacit\u00e9 d\u2019entreposage de plus de 100 000 pi2.\" \/>\n<meta name=\"robots\" content=\"index, follow, max-snippet:-1, max-image-preview:large, max-video-preview:-1\" \/>\n<link rel=\"canonical\" href=\"https:\/\/www.simard.ca\/fr\/contactez-nous\/transport-routier-toronto\/\" \/>\n<meta property=\"og:locale\" content=\"fr_FR\" \/>\n<meta property=\"og:type\" content=\"article\" \/>\n<meta property=\"og:title\" content=\"Simard - Transport routier, entreposage et logistique \u00e0 Toronto\" \/>\n<meta property=\"og:description\" content=\"Simard est la compagnie incontournable de transport routier et d&#039;entreposage \u00e0 Toronto. Nous poss\u00e9dons une capacit\u00e9 d\u2019entreposage de plus de 100 000 pi2.\" \/>\n<meta property=\"og:url\" content=\"https:\/\/www.simard.ca\/fr\/contactez-nous\/transport-routier-toronto\/\" \/>\n<meta property=\"og:site_name\" content=\"Simard\" \/>\n<meta property=\"article:modified_time\" content=\"2021-02-10T13:37:35+00:00\" \/>\n<meta property=\"og:image\" content=\"https:\/\/www.simard.ca\/wp-content\/uploads\/2015\/07\/TRANSPORT320-300x188.jpg\" \/>\n<meta name=\"twitter:card\" content=\"summary_large_image\" \/>\n<meta name=\"twitter:label1\" content=\"Dur\u00e9e de lecture estim\u00e9e\" \/>\n\t<meta name=\"twitter:data1\" content=\"4 minutes\" \/>\n<script type=\"application\/ld+json\" class=\"yoast-schema-graph\">{\"@context\":\"https:\\\/\\\/schema.org\",\"@graph\":[{\"@type\":\"WebPage\",\"@id\":\"https:\\\/\\\/www.simard.ca\\\/fr\\\/contactez-nous\\\/transport-routier-toronto\\\/\",\"url\":\"https:\\\/\\\/www.simard.ca\\\/fr\\\/contactez-nous\\\/transport-routier-toronto\\\/\",\"name\":\"Simard - Transport routier, entreposage et logistique \u00e0 Toronto\",\"isPartOf\":{\"@id\":\"https:\\\/\\\/www.simard.ca\\\/fr\\\/#website\"},\"primaryImageOfPage\":{\"@id\":\"https:\\\/\\\/www.simard.ca\\\/fr\\\/contactez-nous\\\/transport-routier-toronto\\\/#primaryimage\"},\"image\":{\"@id\":\"https:\\\/\\\/www.simard.ca\\\/fr\\\/contactez-nous\\\/transport-routier-toronto\\\/#primaryimage\"},\"thumbnailUrl\":\"https:\\\/\\\/www.simard.ca\\\/wp-content\\\/uploads\\\/2015\\\/07\\\/TRANSPORT320-300x188.jpg\",\"datePublished\":\"2015-10-14T14:34:53+00:00\",\"dateModified\":\"2021-02-10T13:37:35+00:00\",\"description\":\"Simard est la compagnie incontournable de transport routier et d'entreposage \u00e0 Toronto. Nous poss\u00e9dons une capacit\u00e9 d\u2019entreposage de plus de 100 000 pi2.\",\"breadcrumb\":{\"@id\":\"https:\\\/\\\/www.simard.ca\\\/fr\\\/contactez-nous\\\/transport-routier-toronto\\\/#breadcrumb\"},\"inLanguage\":\"fr-FR\",\"potentialAction\":[{\"@type\":\"ReadAction\",\"target\":[\"https:\\\/\\\/www.simard.ca\\\/fr\\\/contactez-nous\\\/transport-routier-toronto\\\/\"]}]},{\"@type\":\"ImageObject\",\"inLanguage\":\"fr-FR\",\"@id\":\"https:\\\/\\\/www.simard.ca\\\/fr\\\/contactez-nous\\\/transport-routier-toronto\\\/#primaryimage\",\"url\":\"https:\\\/\\\/www.simard.ca\\\/wp-content\\\/uploads\\\/2015\\\/07\\\/TRANSPORT320-300x188.jpg\",\"contentUrl\":\"https:\\\/\\\/www.simard.ca\\\/wp-content\\\/uploads\\\/2015\\\/07\\\/TRANSPORT320-300x188.jpg\"},{\"@type\":\"BreadcrumbList\",\"@id\":\"https:\\\/\\\/www.simard.ca\\\/fr\\\/contactez-nous\\\/transport-routier-toronto\\\/#breadcrumb\",\"itemListElement\":[{\"@type\":\"ListItem\",\"position\":1,\"name\":\"Home\",\"item\":\"https:\\\/\\\/www.simard.ca\\\/fr\\\/\"},{\"@type\":\"ListItem\",\"position\":2,\"name\":\"Contactez-nous\",\"item\":\"https:\\\/\\\/www.simard.ca\\\/fr\\\/contactez-nous\\\/\"},{\"@type\":\"ListItem\",\"position\":3,\"name\":\"Simard Toronto\"}]},{\"@type\":\"WebSite\",\"@id\":\"https:\\\/\\\/www.simard.ca\\\/fr\\\/#website\",\"url\":\"https:\\\/\\\/www.simard.ca\\\/fr\\\/\",\"name\":\"Simard\",\"description\":\"Transport - Entreposage - Logistique\",\"potentialAction\":[{\"@type\":\"SearchAction\",\"target\":{\"@type\":\"EntryPoint\",\"urlTemplate\":\"https:\\\/\\\/www.simard.ca\\\/fr\\\/?s={search_term_string}\"},\"query-input\":{\"@type\":\"PropertyValueSpecification\",\"valueRequired\":true,\"valueName\":\"search_term_string\"}}],\"inLanguage\":\"fr-FR\"}]}<\/script>\n<!-- \/ Yoast SEO plugin. -->","yoast_head_json":{"title":"Simard - Transport routier, entreposage et logistique \u00e0 Toronto","description":"Simard est la compagnie incontournable de transport routier et d'entreposage \u00e0 Toronto. Nous poss\u00e9dons une capacit\u00e9 d\u2019entreposage de plus de 100 000 pi2.","robots":{"index":"index","follow":"follow","max-snippet":"max-snippet:-1","max-image-preview":"max-image-preview:large","max-video-preview":"max-video-preview:-1"},"canonical":"https:\/\/www.simard.ca\/fr\/contactez-nous\/transport-routier-toronto\/","og_locale":"fr_FR","og_type":"article","og_title":"Simard - Transport routier, entreposage et logistique \u00e0 Toronto","og_description":"Simard est la compagnie incontournable de transport routier et d'entreposage \u00e0 Toronto. Nous poss\u00e9dons une capacit\u00e9 d\u2019entreposage de plus de 100 000 pi2.","og_url":"https:\/\/www.simard.ca\/fr\/contactez-nous\/transport-routier-toronto\/","og_site_name":"Simard","article_modified_time":"2021-02-10T13:37:35+00:00","og_image":[{"url":"https:\/\/www.simard.ca\/wp-content\/uploads\/2015\/07\/TRANSPORT320-300x188.jpg","type":"","width":"","height":""}],"twitter_card":"summary_large_image","twitter_misc":{"Dur\u00e9e de lecture estim\u00e9e":"4 minutes"},"schema":{"@context":"https:\/\/schema.org","@graph":[{"@type":"WebPage","@id":"https:\/\/www.simard.ca\/fr\/contactez-nous\/transport-routier-toronto\/","url":"https:\/\/www.simard.ca\/fr\/contactez-nous\/transport-routier-toronto\/","name":"Simard - Transport routier, entreposage et logistique \u00e0 Toronto","isPartOf":{"@id":"https:\/\/www.simard.ca\/fr\/#website"},"primaryImageOfPage":{"@id":"https:\/\/www.simard.ca\/fr\/contactez-nous\/transport-routier-toronto\/#primaryimage"},"image":{"@id":"https:\/\/www.simard.ca\/fr\/contactez-nous\/transport-routier-toronto\/#primaryimage"},"thumbnailUrl":"https:\/\/www.simard.ca\/wp-content\/uploads\/2015\/07\/TRANSPORT320-300x188.jpg","datePublished":"2015-10-14T14:34:53+00:00","dateModified":"2021-02-10T13:37:35+00:00","description":"Simard est la compagnie incontournable de transport routier et d'entreposage \u00e0 Toronto. Nous poss\u00e9dons une capacit\u00e9 d\u2019entreposage de plus de 100 000 pi2.","breadcrumb":{"@id":"https:\/\/www.simard.ca\/fr\/contactez-nous\/transport-routier-toronto\/#breadcrumb"},"inLanguage":"fr-FR","potentialAction":[{"@type":"ReadAction","target":["https:\/\/www.simard.ca\/fr\/contactez-nous\/transport-routier-toronto\/"]}]},{"@type":"ImageObject","inLanguage":"fr-FR","@id":"https:\/\/www.simard.ca\/fr\/contactez-nous\/transport-routier-toronto\/#primaryimage","url":"https:\/\/www.simard.ca\/wp-content\/uploads\/2015\/07\/TRANSPORT320-300x188.jpg","contentUrl":"https:\/\/www.simard.ca\/wp-content\/uploads\/2015\/07\/TRANSPORT320-300x188.jpg"},{"@type":"BreadcrumbList","@id":"https:\/\/www.simard.ca\/fr\/contactez-nous\/transport-routier-toronto\/#breadcrumb","itemListElement":[{"@type":"ListItem","position":1,"name":"Home","item":"https:\/\/www.simard.ca\/fr\/"},{"@type":"ListItem","position":2,"name":"Contactez-nous","item":"https:\/\/www.simard.ca\/fr\/contactez-nous\/"},{"@type":"ListItem","position":3,"name":"Simard Toronto"}]},{"@type":"WebSite","@id":"https:\/\/www.simard.ca\/fr\/#website","url":"https:\/\/www.simard.ca\/fr\/","name":"Simard","description":"Transport - Entreposage - Logistique","potentialAction":[{"@type":"SearchAction","target":{"@type":"EntryPoint","urlTemplate":"https:\/\/www.simard.ca\/fr\/?s={search_term_string}"},"query-input":{"@type":"PropertyValueSpecification","valueRequired":true,"valueName":"search_term_string"}}],"inLanguage":"fr-FR"}]}},"publishpress_future_action":{"enabled":false,"date":"2026-05-10 13:01:10","action":"change-status","newStatus":"draft","terms":[],"taxonomy":"translation_priority","extraData":[]},"publishpress_future_workflow_manual_trigger":{"enabledWorkflows":[]},"_links":{"self":[{"href":"https:\/\/www.simard.ca\/fr\/wp-json\/wp\/v2\/pages\/237","targetHints":{"allow":["GET"]}}],"collection":[{"href":"https:\/\/www.simard.ca\/fr\/wp-json\/wp\/v2\/pages"}],"about":[{"href":"https:\/\/www.simard.ca\/fr\/wp-json\/wp\/v2\/types\/page"}],"author":[{"embeddable":true,"href":"https:\/\/www.simard.ca\/fr\/wp-json\/wp\/v2\/users\/1"}],"replies":[{"embeddable":true,"href":"https:\/\/www.simard.ca\/fr\/wp-json\/wp\/v2\/comments?post=237"}],"version-history":[{"count":0,"href":"https:\/\/www.simard.ca\/fr\/wp-json\/wp\/v2\/pages\/237\/revisions"}],"up":[{"embeddable":true,"href":"https:\/\/www.simard.ca\/fr\/wp-json\/wp\/v2\/pages\/121"}],"wp:attachment":[{"href":"https:\/\/www.simard.ca\/fr\/wp-json\/wp\/v2\/media?parent=237"}],"curies":[{"name":"wp","href":"https:\/\/api.w.org\/{rel}","templated":true}]}}