{"id":120,"date":"2015-08-17T19:02:14","date_gmt":"2015-08-17T19:02:14","guid":{"rendered":"https:\/\/simardweb.wpengine.com\/?page_id=120"},"modified":"2016-01-05T20:42:50","modified_gmt":"2016-01-05T20:42:50","slug":"logistique","status":"publish","type":"page","link":"https:\/\/www.simard.ca\/fr\/logistique\/","title":{"rendered":"Logistique"},"content":{"rendered":"<p>[et_pb_section admin_label=\u00a0\u00bbsection\u00a0\u00bb fullwidth=\u00a0\u00bbon\u00a0\u00bb specialty=\u00a0\u00bboff\u00a0\u00bb transparent_background=\u00a0\u00bboff\u00a0\u00bb allow_player_pause=\u00a0\u00bboff\u00a0\u00bb inner_shadow=\u00a0\u00bboff\u00a0\u00bb parallax=\u00a0\u00bboff\u00a0\u00bb parallax_method=\u00a0\u00bboff\u00a0\u00bb padding_mobile=\u00a0\u00bboff\u00a0\u00bb make_fullwidth=\u00a0\u00bboff\u00a0\u00bb use_custom_width=\u00a0\u00bboff\u00a0\u00bb width_unit=\u00a0\u00bbon\u00a0\u00bb make_equal=\u00a0\u00bboff\u00a0\u00bb use_custom_gutter=\u00a0\u00bboff\u00a0\u00bb][et_pb_fullwidth_slider admin_label=\u00a0\u00bbFullwidth Slider\u00a0\u00bb show_arrows=\u00a0\u00bbon\u00a0\u00bb show_pagination=\u00a0\u00bbon\u00a0\u00bb auto=\u00a0\u00bboff\u00a0\u00bb auto_ignore_hover=\u00a0\u00bboff\u00a0\u00bb parallax=\u00a0\u00bboff\u00a0\u00bb parallax_method=\u00a0\u00bboff\u00a0\u00bb remove_inner_shadow=\u00a0\u00bboff\u00a0\u00bb background_position=\u00a0\u00bbdefault\u00a0\u00bb background_size=\u00a0\u00bbdefault\u00a0\u00bb hide_content_on_mobile=\u00a0\u00bboff\u00a0\u00bb hide_cta_on_mobile=\u00a0\u00bboff\u00a0\u00bb show_image_video_mobile=\u00a0\u00bboff\u00a0\u00bb custom_button=\u00a0\u00bboff\u00a0\u00bb button_letter_spacing=\u00a0\u00bb0&Prime; button_use_icon=\u00a0\u00bbdefault\u00a0\u00bb button_icon_placement=\u00a0\u00bbright\u00a0\u00bb button_on_hover=\u00a0\u00bbon\u00a0\u00bb button_letter_spacing_hover=\u00a0\u00bb0&Prime; button_border_radius=\u00a0\u00bb0&Prime; module_class=\u00a0\u00bbheader-simard\u00a0\u00bb top_padding=\u00a0\u00bb100px\u00a0\u00bb bottom_padding=\u00a0\u00bb100px\u00a0\u00bb header_font_size=\u00a0\u00bb46&Prime; body_font_size=\u00a0\u00bb16&Prime; button_text_size=\u00a0\u00bb20&Prime; button_border_width=\u00a0\u00bb2&Prime; button_border_radius_hover=\u00a0\u00bb3&Prime;] [et_pb_slide button_link=\u00a0\u00bb#\u00a0\u00bb background_image=\u00a0\u00bbhttps:\/\/www.simard.ca\/wp-content\/uploads\/2015\/08\/BANDEAU-LOGISTIQUE.jpg\u00a0\u00bb background_position=\u00a0\u00bbdefault\u00a0\u00bb background_size=\u00a0\u00bbdefault\u00a0\u00bb background_color=\u00a0\u00bb#ffffff\u00a0\u00bb alignment=\u00a0\u00bbcenter\u00a0\u00bb background_layout=\u00a0\u00bbdark\u00a0\u00bb allow_player_pause=\u00a0\u00bboff\u00a0\u00bb header_font_select=\u00a0\u00bbdefault\u00a0\u00bb body_font_select=\u00a0\u00bbdefault\u00a0\u00bb custom_button=\u00a0\u00bboff\u00a0\u00bb button_font_select=\u00a0\u00bbdefault\u00a0\u00bb button_use_icon=\u00a0\u00bbdefault\u00a0\u00bb button_icon_placement=\u00a0\u00bbright\u00a0\u00bb button_on_hover=\u00a0\u00bbon\u00a0\u00bb header_font=\u00a0\u00bb|on|on||\u00a0\u00bb header_font_size=\u00a0\u00bb100&Prime; body_font_size=\u00a0\u00bb36&Prime; body_line_height=\u00a0\u00bb40&Prime; body_font=\u00a0\u00bb|on|on|on|\u00a0\u00bb]<\/p>\n<h1><strong>Logistique<\/strong><\/h1>\n<p>[\/et_pb_slide] [\/et_pb_fullwidth_slider][\/et_pb_section][et_pb_section admin_label=\u00a0\u00bbsection\u00a0\u00bb][et_pb_row admin_label=\u00a0\u00bbrow\u00a0\u00bb make_fullwidth=\u00a0\u00bboff\u00a0\u00bb use_custom_width=\u00a0\u00bboff\u00a0\u00bb width_unit=\u00a0\u00bbon\u00a0\u00bb use_custom_gutter=\u00a0\u00bboff\u00a0\u00bb gutter_width=\u00a0\u00bb3&Prime; padding_mobile=\u00a0\u00bboff\u00a0\u00bb allow_player_pause=\u00a0\u00bboff\u00a0\u00bb parallax=\u00a0\u00bboff\u00a0\u00bb parallax_method=\u00a0\u00bboff\u00a0\u00bb make_equal=\u00a0\u00bboff\u00a0\u00bb parallax_1=\u00a0\u00bboff\u00a0\u00bb parallax_method_1=\u00a0\u00bboff\u00a0\u00bb parallax_2=\u00a0\u00bboff\u00a0\u00bb parallax_method_2=\u00a0\u00bboff\u00a0\u00bb column_padding_mobile=\u00a0\u00bbon\u00a0\u00bb][et_pb_column type=\u00a0\u00bb2_3&Prime;][et_pb_text admin_label=\u00a0\u00bbTexte\u00a0\u00bb background_layout=\u00a0\u00bblight\u00a0\u00bb text_orientation=\u00a0\u00bbleft\u00a0\u00bb use_border_color=\u00a0\u00bboff\u00a0\u00bb border_color=\u00a0\u00bb#ffffff\u00a0\u00bb border_style=\u00a0\u00bbsolid\u00a0\u00bb text_font_size=\u00a0\u00bb14&Prime;]<\/p>\n<h3><em><strong>B\u00e9n\u00e9ficiez de notre vaste r\u00e9seau et de notre flexibilit\u00e9 exceptionnelle<\/strong><\/em><\/h3>\n<div class='et-box et-shadow'>\n\t\t\t\t\t<div class='et-box-content'>SIMARD propose des services logistique \u00ab\u00a0Asset-Right\u00a0\u00bb. Cela signifie que nous utilisons nos actifs, lorsqu\u2019ils conviennent le plus \u00e0 vos besoins.<\/div><\/div>\n<p><strong>Nous nous appuyons sur notre propre flotte de v\u00e9hicules, mais nous n\u2019y sommes pas limit\u00e9s.<\/strong> \u00c0 la recherche de la meilleure solution pour optimiser vos besoins en distribution, nous profitons \u00e9galement de notre <strong>important r\u00e9seau de partenaires<\/strong>, qui b\u00e9n\u00e9ficient eux aussi de leurs propres actifs. Cela nous permet d&rsquo;<strong>offrir un tr\u00e8s large \u00e9ventail de services et de couvrir non seulement le march\u00e9 canadien, mais l&rsquo;ensemble de l&rsquo;Am\u00e9rique du Nord<\/strong>. Notre \u00e9quipe logistique hors pair administre le tout, le doigt sur le pouls de votre entreprise et une vision globale de la situation gr\u00e2ce \u00e0 notre plate-forme TMS (Transport Management System).<\/p>\n<p>[\/et_pb_text][\/et_pb_column][et_pb_column type=\u00a0\u00bb1_3&Prime;][et_pb_text admin_label=\u00a0\u00bbSidebar transport\u00a0\u00bb global_module=\u00a0\u00bb309&Prime; background_layout=\u00a0\u00bblight\u00a0\u00bb text_orientation=\u00a0\u00bbleft\u00a0\u00bb text_font_size=\u00a0\u00bb16&Prime; text_text_color=\u00a0\u00bb#000000&Prime; use_border_color=\u00a0\u00bboff\u00a0\u00bb border_color=\u00a0\u00bb#ffffff\u00a0\u00bb border_style=\u00a0\u00bbsolid\u00a0\u00bb module_class=\u00a0\u00bbeurostile\u00a0\u00bb saved_tabs=\u00a0\u00bball\u00a0\u00bb]<\/p>\n<p><a href=\"https:\/\/www.simard.ca\/wp-content\/uploads\/2015\/08\/image-gauche-3col-transport.jpg\"><img loading=\"lazy\" decoding=\"async\" class=\"alignnone size-medium wp-image-287\" src=\"https:\/\/www.simard.ca\/wp-content\/uploads\/2015\/08\/image-gauche-3col-transport-300x188.jpg\" alt=\"image-gauche-3col-transport\" width=\"300\" height=\"188\" srcset=\"https:\/\/www.simard.ca\/wp-content\/uploads\/2015\/08\/image-gauche-3col-transport-300x188.jpg 300w, https:\/\/www.simard.ca\/wp-content\/uploads\/2015\/08\/image-gauche-3col-transport.jpg 320w\" sizes=\"(max-width: 300px) 100vw, 300px\" \/><\/a><\/p>\n<p><strong><em>TRANSPORT<br \/>\n<\/em><\/strong>Optimisez vos op\u00e9rations avec nos services de transport logistique.<br \/>\n<em><strong><a href=\"https:\/\/www.simard.ca\/transport\/\">EN SAVOIR PLUS\u00a0&gt;<\/a><\/strong><\/em><\/p>\n<p>[\/et_pb_text][\/et_pb_column][\/et_pb_row][\/et_pb_section]<\/p>\n","protected":false},"excerpt":{"rendered":"<p>Logistique B\u00e9n\u00e9ficiez de notre vaste r\u00e9seau et de notre flexibilit\u00e9 exceptionnelle <div class='et-box et-shadow'>\n\t\t\t\t\t<div class='et-box-content'>SIMARD propose des services logistique \u00ab\u00a0Asset-Right\u00a0\u00bb. Cela signifie que nous utilisons nos actifs, lorsqu\u2019ils conviennent le plus \u00e0 vos besoins.<\/div><\/div> Nous nous appuyons sur notre propre flotte de v\u00e9hicules, mais nous n\u2019y sommes pas limit\u00e9s. \u00c0 la recherche de la meilleure solution pour optimiser [&hellip;]<\/p>\n","protected":false},"author":1,"featured_media":0,"parent":0,"menu_order":25,"comment_status":"open","ping_status":"closed","template":"","meta":{"_et_pb_use_builder":"on","_et_pb_old_content":"","_et_gb_content_width":"","_monsterinsights_skip_tracking":false,"_monsterinsights_sitenote_active":false,"_monsterinsights_sitenote_note":"","_monsterinsights_sitenote_category":0,"footnotes":""},"class_list":["post-120","page","type-page","status-publish","hentry"],"yoast_head":"<!-- This site is optimized with the Yoast SEO plugin v27.5 - https:\/\/yoast.com\/product\/yoast-seo-wordpress\/ -->\n<title>Logistique et transport de marchandises au Canada - Simard<\/title>\n<meta name=\"description\" content=\"B\u00e9n\u00e9ficiez de notre vaste r\u00e9seau de partenaires pour optimiser vos besoins en distribution et en transport logistique.\u00a0\" \/>\n<meta name=\"robots\" content=\"index, follow, max-snippet:-1, max-image-preview:large, max-video-preview:-1\" \/>\n<link rel=\"canonical\" href=\"https:\/\/www.simard.ca\/fr\/logistique\/\" \/>\n<meta property=\"og:locale\" content=\"fr_FR\" \/>\n<meta property=\"og:type\" content=\"article\" \/>\n<meta property=\"og:title\" content=\"Logistique et transport de marchandises au Canada - Simard\" \/>\n<meta property=\"og:description\" content=\"B\u00e9n\u00e9ficiez de notre vaste r\u00e9seau de partenaires pour optimiser vos besoins en distribution et en transport logistique.\u00a0\" \/>\n<meta property=\"og:url\" content=\"https:\/\/www.simard.ca\/fr\/logistique\/\" \/>\n<meta property=\"og:site_name\" content=\"Simard\" \/>\n<meta property=\"article:modified_time\" content=\"2016-01-05T20:42:50+00:00\" \/>\n<meta property=\"og:image\" content=\"https:\/\/www.simard.ca\/wp-content\/uploads\/2015\/08\/image-gauche-3col-transport-300x188.jpg\" \/>\n<meta name=\"twitter:card\" content=\"summary_large_image\" \/>\n<meta name=\"twitter:label1\" content=\"Dur\u00e9e de lecture estim\u00e9e\" \/>\n\t<meta name=\"twitter:data1\" content=\"3 minutes\" \/>\n<script type=\"application\/ld+json\" class=\"yoast-schema-graph\">{\"@context\":\"https:\\\/\\\/schema.org\",\"@graph\":[{\"@type\":\"WebPage\",\"@id\":\"https:\\\/\\\/www.simard.ca\\\/fr\\\/logistique\\\/\",\"url\":\"https:\\\/\\\/www.simard.ca\\\/fr\\\/logistique\\\/\",\"name\":\"Logistique et transport de marchandises au Canada - Simard\",\"isPartOf\":{\"@id\":\"https:\\\/\\\/www.simard.ca\\\/fr\\\/#website\"},\"primaryImageOfPage\":{\"@id\":\"https:\\\/\\\/www.simard.ca\\\/fr\\\/logistique\\\/#primaryimage\"},\"image\":{\"@id\":\"https:\\\/\\\/www.simard.ca\\\/fr\\\/logistique\\\/#primaryimage\"},\"thumbnailUrl\":\"https:\\\/\\\/www.simard.ca\\\/wp-content\\\/uploads\\\/2015\\\/08\\\/image-gauche-3col-transport-300x188.jpg\",\"datePublished\":\"2015-08-17T19:02:14+00:00\",\"dateModified\":\"2016-01-05T20:42:50+00:00\",\"description\":\"B\u00e9n\u00e9ficiez de notre vaste r\u00e9seau de partenaires pour optimiser vos besoins en distribution et en transport logistique.\u00a0\",\"breadcrumb\":{\"@id\":\"https:\\\/\\\/www.simard.ca\\\/fr\\\/logistique\\\/#breadcrumb\"},\"inLanguage\":\"fr-FR\",\"potentialAction\":[{\"@type\":\"ReadAction\",\"target\":[\"https:\\\/\\\/www.simard.ca\\\/fr\\\/logistique\\\/\"]}]},{\"@type\":\"ImageObject\",\"inLanguage\":\"fr-FR\",\"@id\":\"https:\\\/\\\/www.simard.ca\\\/fr\\\/logistique\\\/#primaryimage\",\"url\":\"https:\\\/\\\/www.simard.ca\\\/wp-content\\\/uploads\\\/2015\\\/08\\\/image-gauche-3col-transport-300x188.jpg\",\"contentUrl\":\"https:\\\/\\\/www.simard.ca\\\/wp-content\\\/uploads\\\/2015\\\/08\\\/image-gauche-3col-transport-300x188.jpg\"},{\"@type\":\"BreadcrumbList\",\"@id\":\"https:\\\/\\\/www.simard.ca\\\/fr\\\/logistique\\\/#breadcrumb\",\"itemListElement\":[{\"@type\":\"ListItem\",\"position\":1,\"name\":\"Home\",\"item\":\"https:\\\/\\\/www.simard.ca\\\/fr\\\/\"},{\"@type\":\"ListItem\",\"position\":2,\"name\":\"Logistique\"}]},{\"@type\":\"WebSite\",\"@id\":\"https:\\\/\\\/www.simard.ca\\\/fr\\\/#website\",\"url\":\"https:\\\/\\\/www.simard.ca\\\/fr\\\/\",\"name\":\"Simard\",\"description\":\"Transport - Entreposage - Logistique\",\"potentialAction\":[{\"@type\":\"SearchAction\",\"target\":{\"@type\":\"EntryPoint\",\"urlTemplate\":\"https:\\\/\\\/www.simard.ca\\\/fr\\\/?s={search_term_string}\"},\"query-input\":{\"@type\":\"PropertyValueSpecification\",\"valueRequired\":true,\"valueName\":\"search_term_string\"}}],\"inLanguage\":\"fr-FR\"}]}<\/script>\n<!-- \/ Yoast SEO plugin. -->","yoast_head_json":{"title":"Logistique et transport de marchandises au Canada - Simard","description":"B\u00e9n\u00e9ficiez de notre vaste r\u00e9seau de partenaires pour optimiser vos besoins en distribution et en transport logistique.\u00a0","robots":{"index":"index","follow":"follow","max-snippet":"max-snippet:-1","max-image-preview":"max-image-preview:large","max-video-preview":"max-video-preview:-1"},"canonical":"https:\/\/www.simard.ca\/fr\/logistique\/","og_locale":"fr_FR","og_type":"article","og_title":"Logistique et transport de marchandises au Canada - Simard","og_description":"B\u00e9n\u00e9ficiez de notre vaste r\u00e9seau de partenaires pour optimiser vos besoins en distribution et en transport logistique.\u00a0","og_url":"https:\/\/www.simard.ca\/fr\/logistique\/","og_site_name":"Simard","article_modified_time":"2016-01-05T20:42:50+00:00","og_image":[{"url":"https:\/\/www.simard.ca\/wp-content\/uploads\/2015\/08\/image-gauche-3col-transport-300x188.jpg","type":"","width":"","height":""}],"twitter_card":"summary_large_image","twitter_misc":{"Dur\u00e9e de lecture estim\u00e9e":"3 minutes"},"schema":{"@context":"https:\/\/schema.org","@graph":[{"@type":"WebPage","@id":"https:\/\/www.simard.ca\/fr\/logistique\/","url":"https:\/\/www.simard.ca\/fr\/logistique\/","name":"Logistique et transport de marchandises au Canada - Simard","isPartOf":{"@id":"https:\/\/www.simard.ca\/fr\/#website"},"primaryImageOfPage":{"@id":"https:\/\/www.simard.ca\/fr\/logistique\/#primaryimage"},"image":{"@id":"https:\/\/www.simard.ca\/fr\/logistique\/#primaryimage"},"thumbnailUrl":"https:\/\/www.simard.ca\/wp-content\/uploads\/2015\/08\/image-gauche-3col-transport-300x188.jpg","datePublished":"2015-08-17T19:02:14+00:00","dateModified":"2016-01-05T20:42:50+00:00","description":"B\u00e9n\u00e9ficiez de notre vaste r\u00e9seau de partenaires pour optimiser vos besoins en distribution et en transport logistique.\u00a0","breadcrumb":{"@id":"https:\/\/www.simard.ca\/fr\/logistique\/#breadcrumb"},"inLanguage":"fr-FR","potentialAction":[{"@type":"ReadAction","target":["https:\/\/www.simard.ca\/fr\/logistique\/"]}]},{"@type":"ImageObject","inLanguage":"fr-FR","@id":"https:\/\/www.simard.ca\/fr\/logistique\/#primaryimage","url":"https:\/\/www.simard.ca\/wp-content\/uploads\/2015\/08\/image-gauche-3col-transport-300x188.jpg","contentUrl":"https:\/\/www.simard.ca\/wp-content\/uploads\/2015\/08\/image-gauche-3col-transport-300x188.jpg"},{"@type":"BreadcrumbList","@id":"https:\/\/www.simard.ca\/fr\/logistique\/#breadcrumb","itemListElement":[{"@type":"ListItem","position":1,"name":"Home","item":"https:\/\/www.simard.ca\/fr\/"},{"@type":"ListItem","position":2,"name":"Logistique"}]},{"@type":"WebSite","@id":"https:\/\/www.simard.ca\/fr\/#website","url":"https:\/\/www.simard.ca\/fr\/","name":"Simard","description":"Transport - Entreposage - Logistique","potentialAction":[{"@type":"SearchAction","target":{"@type":"EntryPoint","urlTemplate":"https:\/\/www.simard.ca\/fr\/?s={search_term_string}"},"query-input":{"@type":"PropertyValueSpecification","valueRequired":true,"valueName":"search_term_string"}}],"inLanguage":"fr-FR"}]}},"publishpress_future_action":{"enabled":false,"date":"2026-05-10 14:32:30","action":"change-status","newStatus":"draft","terms":[],"taxonomy":"translation_priority","extraData":[]},"publishpress_future_workflow_manual_trigger":{"enabledWorkflows":[]},"_links":{"self":[{"href":"https:\/\/www.simard.ca\/fr\/wp-json\/wp\/v2\/pages\/120","targetHints":{"allow":["GET"]}}],"collection":[{"href":"https:\/\/www.simard.ca\/fr\/wp-json\/wp\/v2\/pages"}],"about":[{"href":"https:\/\/www.simard.ca\/fr\/wp-json\/wp\/v2\/types\/page"}],"author":[{"embeddable":true,"href":"https:\/\/www.simard.ca\/fr\/wp-json\/wp\/v2\/users\/1"}],"replies":[{"embeddable":true,"href":"https:\/\/www.simard.ca\/fr\/wp-json\/wp\/v2\/comments?post=120"}],"version-history":[{"count":0,"href":"https:\/\/www.simard.ca\/fr\/wp-json\/wp\/v2\/pages\/120\/revisions"}],"wp:attachment":[{"href":"https:\/\/www.simard.ca\/fr\/wp-json\/wp\/v2\/media?parent=120"}],"curies":[{"name":"wp","href":"https:\/\/api.w.org\/{rel}","templated":true}]}}