{"id":117,"date":"2015-08-17T19:00:20","date_gmt":"2015-08-17T19:00:20","guid":{"rendered":"https:\/\/simardweb.wpengine.com\/?page_id=117"},"modified":"2016-02-08T14:17:41","modified_gmt":"2016-02-08T14:17:41","slug":"transport","status":"publish","type":"page","link":"https:\/\/www.simard.ca\/fr\/transport\/","title":{"rendered":"Transport"},"content":{"rendered":"<p>[et_pb_section admin_label=\u00a0\u00bbsection\u00a0\u00bb fullwidth=\u00a0\u00bbon\u00a0\u00bb specialty=\u00a0\u00bboff\u00a0\u00bb transparent_background=\u00a0\u00bboff\u00a0\u00bb allow_player_pause=\u00a0\u00bboff\u00a0\u00bb inner_shadow=\u00a0\u00bboff\u00a0\u00bb parallax=\u00a0\u00bboff\u00a0\u00bb parallax_method=\u00a0\u00bboff\u00a0\u00bb padding_mobile=\u00a0\u00bboff\u00a0\u00bb make_fullwidth=\u00a0\u00bboff\u00a0\u00bb use_custom_width=\u00a0\u00bboff\u00a0\u00bb width_unit=\u00a0\u00bbon\u00a0\u00bb make_equal=\u00a0\u00bboff\u00a0\u00bb use_custom_gutter=\u00a0\u00bboff\u00a0\u00bb][et_pb_fullwidth_slider admin_label=\u00a0\u00bbFullwidth Slider\u00a0\u00bb show_arrows=\u00a0\u00bbon\u00a0\u00bb show_pagination=\u00a0\u00bbon\u00a0\u00bb auto=\u00a0\u00bboff\u00a0\u00bb auto_ignore_hover=\u00a0\u00bboff\u00a0\u00bb parallax=\u00a0\u00bboff\u00a0\u00bb parallax_method=\u00a0\u00bboff\u00a0\u00bb remove_inner_shadow=\u00a0\u00bboff\u00a0\u00bb background_position=\u00a0\u00bbdefault\u00a0\u00bb background_size=\u00a0\u00bbdefault\u00a0\u00bb hide_content_on_mobile=\u00a0\u00bboff\u00a0\u00bb hide_cta_on_mobile=\u00a0\u00bboff\u00a0\u00bb show_image_video_mobile=\u00a0\u00bboff\u00a0\u00bb custom_button=\u00a0\u00bboff\u00a0\u00bb button_letter_spacing=\u00a0\u00bb0&Prime; button_use_icon=\u00a0\u00bbdefault\u00a0\u00bb button_icon_placement=\u00a0\u00bbright\u00a0\u00bb button_on_hover=\u00a0\u00bbon\u00a0\u00bb button_letter_spacing_hover=\u00a0\u00bb0&Prime; button_border_radius=\u00a0\u00bb0&Prime; module_class=\u00a0\u00bbheader-simard\u00a0\u00bb top_padding=\u00a0\u00bb100px\u00a0\u00bb bottom_padding=\u00a0\u00bb100px\u00a0\u00bb header_font_size=\u00a0\u00bb46&Prime; body_font_size=\u00a0\u00bb16&Prime; button_text_size=\u00a0\u00bb20&Prime; button_border_width=\u00a0\u00bb2&Prime; button_border_radius_hover=\u00a0\u00bb3&Prime;] [et_pb_slide button_link=\u00a0\u00bb#\u00a0\u00bb background_image=\u00a0\u00bbhttps:\/\/www.simard.ca\/wp-content\/uploads\/2015\/08\/BANDEAU-TRANSPORT2.jpg\u00a0\u00bb background_position=\u00a0\u00bbdefault\u00a0\u00bb background_size=\u00a0\u00bbdefault\u00a0\u00bb background_color=\u00a0\u00bb#ffffff\u00a0\u00bb alignment=\u00a0\u00bbcenter\u00a0\u00bb background_layout=\u00a0\u00bbdark\u00a0\u00bb allow_player_pause=\u00a0\u00bboff\u00a0\u00bb header_font_select=\u00a0\u00bbdefault\u00a0\u00bb body_font_select=\u00a0\u00bbdefault\u00a0\u00bb custom_button=\u00a0\u00bboff\u00a0\u00bb button_font_select=\u00a0\u00bbdefault\u00a0\u00bb button_use_icon=\u00a0\u00bbdefault\u00a0\u00bb button_icon_placement=\u00a0\u00bbright\u00a0\u00bb button_on_hover=\u00a0\u00bbon\u00a0\u00bb header_font=\u00a0\u00bb|on|on||\u00a0\u00bb header_font_size=\u00a0\u00bb100&Prime; body_font_size=\u00a0\u00bb100&Prime; body_line_height=\u00a0\u00bb40&Prime; body_font=\u00a0\u00bb|on|on|on|\u00a0\u00bb]<\/p>\n<h1><strong>TRANSPORT<\/strong><\/h1>\n<p>[\/et_pb_slide] [\/et_pb_fullwidth_slider][\/et_pb_section][et_pb_section admin_label=\u00a0\u00bbSection\u00a0\u00bb fullwidth=\u00a0\u00bboff\u00a0\u00bb specialty=\u00a0\u00bboff\u00a0\u00bb][et_pb_row admin_label=\u00a0\u00bbLigne\u00a0\u00bb][et_pb_column type=\u00a0\u00bb4_4&Prime;][et_pb_text admin_label=\u00a0\u00bbTexte\u00a0\u00bb background_layout=\u00a0\u00bblight\u00a0\u00bb text_orientation=\u00a0\u00bbleft\u00a0\u00bb use_border_color=\u00a0\u00bboff\u00a0\u00bb border_color=\u00a0\u00bb#ffffff\u00a0\u00bb border_style=\u00a0\u00bbsolid\u00a0\u00bb text_font_size=\u00a0\u00bb14&Prime;]<\/p>\n<h3 style=\"text-align: center;\"><strong><em>L&rsquo;expertise n\u00e9cessaire pour optimiser votre cha\u00eene d&rsquo;approvisonnement<\/em><\/strong><\/h3>\n<p>Avec une flotte moderne de plus de 1500 v\u00e9hicules, SIMARD propose des solutions sur mesures au Canada pour satisfaire vos besoins en transport logistique.<\/p>\n<p><strong>SIMARD s\u2019assure de prendre chaque d\u00e9tail en main pour que votre marchandise arrive TOUJOURS \u00e0 temps :<\/strong><\/p>\n<ol>\n<li>Un service \u00e0 la client\u00e8le professionnel et exp\u00e9riment\u00e9, \u00e0 la recherche de solutions pour am\u00e9liorer l\u2019efficacit\u00e9 et le suivi de vos exp\u00e9ditions.<\/li>\n<li>Un syst\u00e8me TMS (<em>ou transportation management system<\/em>)\u00a0qui permet plusieurs applications, dont la g\u00e9olocalisation, pour rep\u00e9rer et suivre votre cargaison jusqu\u2019\u00e0 sa livraison.<\/li>\n<li>Une flotte moderne de camions inspect\u00e9s r\u00e9guli\u00e8rement selon les plus hautes normes en mati\u00e8re de s\u00e9curit\u00e9.<\/li>\n<\/ol>\n<p>[\/et_pb_text][\/et_pb_column][\/et_pb_row][et_pb_row admin_label=\u00a0\u00bbLigne\u00a0\u00bb make_fullwidth=\u00a0\u00bboff\u00a0\u00bb use_custom_width=\u00a0\u00bboff\u00a0\u00bb width_unit=\u00a0\u00bbon\u00a0\u00bb use_custom_gutter=\u00a0\u00bboff\u00a0\u00bb padding_mobile=\u00a0\u00bboff\u00a0\u00bb allow_player_pause=\u00a0\u00bboff\u00a0\u00bb parallax=\u00a0\u00bboff\u00a0\u00bb parallax_method=\u00a0\u00bboff\u00a0\u00bb make_equal=\u00a0\u00bboff\u00a0\u00bb column_padding_mobile=\u00a0\u00bbon\u00a0\u00bb][et_pb_column type=\u00a0\u00bb1_3&Prime;][et_pb_text admin_label=\u00a0\u00bbTRANSPORT DE CONTENEURS\u00a0\u00bb saved_tabs=\u00a0\u00bball\u00a0\u00bb global_module=\u00a0\u00bb1088&Prime; background_layout=\u00a0\u00bblight\u00a0\u00bb text_orientation=\u00a0\u00bbleft\u00a0\u00bb module_class=\u00a0\u00bbeurostile\u00a0\u00bb text_font_size=\u00a0\u00bb16px\u00a0\u00bb text_text_color=\u00a0\u00bb#000000&Prime; use_border_color=\u00a0\u00bboff\u00a0\u00bb border_color=\u00a0\u00bb#ffffff\u00a0\u00bb border_style=\u00a0\u00bbsolid\u00a0\u00bb]<\/p>\n<p><a href=\"https:\/\/www.simard.ca\/fr\/transport\/transport-de-conteneurs\/\"><img loading=\"lazy\" decoding=\"async\" class=\"alignnone wp-image-947 size-full\" src=\"https:\/\/www.simard.ca\/wp-content\/uploads\/2015\/08\/image-gauche-3col-container1.jpg\" alt=\"image-gauche-3col-container\" width=\"320\" height=\"200\" srcset=\"https:\/\/www.simard.ca\/wp-content\/uploads\/2015\/08\/image-gauche-3col-container1.jpg 320w, https:\/\/www.simard.ca\/wp-content\/uploads\/2015\/08\/image-gauche-3col-container1-300x188.jpg 300w\" sizes=\"(max-width: 320px) 100vw, 320px\" \/><\/a><\/p>\n<p><em><strong>TRANSPORT DE CONTENEURS<\/strong><\/em><br \/>\nProfitez de notre expertise pour optimiser vos frais de livraison.<br \/>\n<em><strong><a href=\"https:\/\/www.simard.ca\/fr\/transport\/transport-de-conteneurs\/\">EN SAVOIR PLUS\u00a0&gt;<\/a><\/strong><\/em><\/p>\n<p>[\/et_pb_text][\/et_pb_column][et_pb_column type=\u00a0\u00bb1_3&Prime;][et_pb_text admin_label=\u00a0\u00bbTRANSPORT FTL\u00a0\u00bb saved_tabs=\u00a0\u00bball\u00a0\u00bb global_module=\u00a0\u00bb1090&Prime; background_layout=\u00a0\u00bblight\u00a0\u00bb text_orientation=\u00a0\u00bbleft\u00a0\u00bb module_class=\u00a0\u00bbeurostile\u00a0\u00bb text_font_size=\u00a0\u00bb16px\u00a0\u00bb text_text_color=\u00a0\u00bb#000000&Prime; use_border_color=\u00a0\u00bboff\u00a0\u00bb border_color=\u00a0\u00bb#ffffff\u00a0\u00bb border_style=\u00a0\u00bbsolid\u00a0\u00bb]<\/p>\n<p><a href=\"https:\/\/www.simard.ca\/fr\/transport\/transport-ftl\/\"><img loading=\"lazy\" decoding=\"async\" class=\"alignnone wp-image-671 size-full\" src=\"https:\/\/www.simard.ca\/wp-content\/uploads\/2015\/08\/image-centre-3col-transport-ftl1.jpg\" alt=\"image-centre-3col-transport-ftl\" width=\"320\" height=\"200\" srcset=\"https:\/\/www.simard.ca\/wp-content\/uploads\/2015\/08\/image-centre-3col-transport-ftl1.jpg 320w, https:\/\/www.simard.ca\/wp-content\/uploads\/2015\/08\/image-centre-3col-transport-ftl1-300x188.jpg 300w\" sizes=\"(max-width: 320px) 100vw, 320px\" \/><\/a><\/p>\n<p><em><strong>TRANSPORT FTL<\/strong><\/em><br \/>\nB\u00e9n\u00e9ficiez du service le plus efficace et le plus performant de l\u2019industrie.<br \/>\n<em><strong><a href=\"https:\/\/www.simard.ca\/fr\/transport\/transport-ftl\/\">EN SAVOIR PLUS\u00a0&gt;<\/a><\/strong><\/em><\/p>\n<p>[\/et_pb_text][\/et_pb_column][et_pb_column type=\u00a0\u00bb1_3&Prime;][et_pb_text admin_label=\u00a0\u00bbTRANSPORT LTL\u00a0\u00bb saved_tabs=\u00a0\u00bball\u00a0\u00bb global_module=\u00a0\u00bb1091&Prime; background_layout=\u00a0\u00bblight\u00a0\u00bb text_orientation=\u00a0\u00bbleft\u00a0\u00bb module_class=\u00a0\u00bbeurostile\u00a0\u00bb text_font_size=\u00a0\u00bb16px\u00a0\u00bb text_text_color=\u00a0\u00bb#000000&Prime; text_line_height=\u00a0\u00bb1.7&Prime; use_border_color=\u00a0\u00bboff\u00a0\u00bb border_color=\u00a0\u00bb#ffffff\u00a0\u00bb border_style=\u00a0\u00bbsolid\u00a0\u00bb]<\/p>\n<p><a href=\"https:\/\/www.simard.ca\/fr\/transport\/transport-ltl\/\"><img loading=\"lazy\" decoding=\"async\" class=\"alignnone wp-image-672 size-full\" src=\"https:\/\/www.simard.ca\/wp-content\/uploads\/2015\/08\/image-droite-3col-transport-ltl1.jpg\" alt=\"\" width=\"320\" height=\"200\" srcset=\"https:\/\/www.simard.ca\/wp-content\/uploads\/2015\/08\/image-droite-3col-transport-ltl1.jpg 320w, https:\/\/www.simard.ca\/wp-content\/uploads\/2015\/08\/image-droite-3col-transport-ltl1-300x188.jpg 300w\" sizes=\"(max-width: 320px) 100vw, 320px\" \/><\/a><\/p>\n<p><em><strong>TRANSPORT LTL<\/strong><\/em><br \/>\nUtilisez notre r\u00e9seau pour consolider votre cargaison et minimiser des co\u00fbts<br \/>\n<em><strong><a href=\"https:\/\/www.simard.ca\/fr\/transport\/transport-ltl\/\">EN SAVOIR PLUS\u00a0&gt;<\/a><\/strong><\/em><\/p>\n<p>[\/et_pb_text][\/et_pb_column][\/et_pb_row][et_pb_row admin_label=\u00a0\u00bbLigne\u00a0\u00bb make_fullwidth=\u00a0\u00bboff\u00a0\u00bb use_custom_width=\u00a0\u00bboff\u00a0\u00bb width_unit=\u00a0\u00bbon\u00a0\u00bb use_custom_gutter=\u00a0\u00bboff\u00a0\u00bb custom_padding=\u00a0\u00bb0px|\u00a0\u00bb padding_mobile=\u00a0\u00bboff\u00a0\u00bb allow_player_pause=\u00a0\u00bboff\u00a0\u00bb parallax=\u00a0\u00bboff\u00a0\u00bb parallax_method=\u00a0\u00bboff\u00a0\u00bb make_equal=\u00a0\u00bboff\u00a0\u00bb column_padding_mobile=\u00a0\u00bbon\u00a0\u00bb][et_pb_column type=\u00a0\u00bb1_3&Prime;][et_pb_text admin_label=\u00a0\u00bbTRANSPORT D\u00c9DI\u00c9\u00a0\u00bb saved_tabs=\u00a0\u00bball\u00a0\u00bb global_module=\u00a0\u00bb1094&Prime; background_layout=\u00a0\u00bblight\u00a0\u00bb text_orientation=\u00a0\u00bbleft\u00a0\u00bb module_class=\u00a0\u00bbeurostile\u00a0\u00bb text_font_size=\u00a0\u00bb16px\u00a0\u00bb text_text_color=\u00a0\u00bb#000000&Prime; use_border_color=\u00a0\u00bboff\u00a0\u00bb border_color=\u00a0\u00bb#ffffff\u00a0\u00bb border_style=\u00a0\u00bbsolid\u00a0\u00bb]<\/p>\n<p><a href=\"https:\/\/www.simard.ca\/fr\/transport\/transport-dedie\/\"><img loading=\"lazy\" decoding=\"async\" class=\"alignnone wp-image-938 size-full\" src=\"https:\/\/www.simard.ca\/wp-content\/uploads\/2015\/11\/DEDICATED-TRANSPORT2-320.jpg\" alt=\"DEDICATED-TRANSPORT2-320\" width=\"320\" height=\"200\" srcset=\"https:\/\/www.simard.ca\/wp-content\/uploads\/2015\/11\/DEDICATED-TRANSPORT2-320.jpg 320w, https:\/\/www.simard.ca\/wp-content\/uploads\/2015\/11\/DEDICATED-TRANSPORT2-320-300x188.jpg 300w\" sizes=\"(max-width: 320px) 100vw, 320px\" \/><\/a><\/p>\n<p><em><strong>TRANSPORT D\u00c9DI\u00c9<\/strong><\/em><br \/>\nOffrez-vous la tranquillit\u00e9 d\u2019esprit avec nos services de transport d\u00e9di\u00e9.<br \/>\n<em><strong><a href=\"https:\/\/www.simard.ca\/fr\/transport\/transport-dedie\/\">EN SAVOIR PLUS\u00a0&gt;<\/a><\/strong><\/em><\/p>\n<p>[\/et_pb_text][\/et_pb_column][et_pb_column type=\u00a0\u00bb1_3&Prime;][et_pb_text admin_label=\u00a0\u00bbTRANSPORT INTERMODAL\u00a0\u00bb saved_tabs=\u00a0\u00bball\u00a0\u00bb global_module=\u00a0\u00bb1095&Prime; background_layout=\u00a0\u00bblight\u00a0\u00bb text_orientation=\u00a0\u00bbleft\u00a0\u00bb module_class=\u00a0\u00bbeurostile\u00a0\u00bb text_font_size=\u00a0\u00bb16px\u00a0\u00bb text_text_color=\u00a0\u00bb#000000&Prime; use_border_color=\u00a0\u00bboff\u00a0\u00bb border_color=\u00a0\u00bb#ffffff\u00a0\u00bb border_style=\u00a0\u00bbsolid\u00a0\u00bb]<\/p>\n<p><a href=\"https:\/\/www.simard.ca\/fr\/transport\/transport-intermodal\/\"><img loading=\"lazy\" decoding=\"async\" class=\"alignnone wp-image-1274 size-full\" src=\"https:\/\/www.simard.ca\/wp-content\/uploads\/2015\/08\/INTERMODAL.jpg\" alt=\"\" width=\"320\" height=\"200\" srcset=\"https:\/\/www.simard.ca\/wp-content\/uploads\/2015\/08\/INTERMODAL.jpg 320w, https:\/\/www.simard.ca\/wp-content\/uploads\/2015\/08\/INTERMODAL-300x188.jpg 300w\" sizes=\"(max-width: 320px) 100vw, 320px\" \/><\/a><\/p>\n<p><em><strong>TRANSPORT INTERMODAL<\/strong><\/em><br \/>\nPrenez le moyen le plus efficace pour vous rendre \u00e0 destination<br \/>\n<em><strong><a href=\"https:\/\/www.simard.ca\/fr\/transport\/transport-intermodal\/\">EN SAVOIR PLUS &gt;<\/a><\/strong><\/em><\/p>\n<p>[\/et_pb_text][\/et_pb_column][et_pb_column type=\u00a0\u00bb1_3&Prime;][\/et_pb_column][\/et_pb_row][\/et_pb_section]<\/p>\n","protected":false},"excerpt":{"rendered":"<p>TRANSPORT L&rsquo;expertise n\u00e9cessaire pour optimiser votre cha\u00eene d&rsquo;approvisonnement Avec une flotte moderne de plus de 1500 v\u00e9hicules, SIMARD propose des solutions sur mesures au Canada pour satisfaire vos besoins en transport logistique. SIMARD s\u2019assure de prendre chaque d\u00e9tail en main pour que votre marchandise arrive TOUJOURS \u00e0 temps : Un service \u00e0 la client\u00e8le professionnel [&hellip;]<\/p>\n","protected":false},"author":1,"featured_media":0,"parent":0,"menu_order":15,"comment_status":"open","ping_status":"closed","template":"","meta":{"_et_pb_use_builder":"on","_et_pb_old_content":"","_et_gb_content_width":"","_monsterinsights_skip_tracking":false,"_monsterinsights_sitenote_active":false,"_monsterinsights_sitenote_note":"","_monsterinsights_sitenote_category":0,"footnotes":""},"class_list":["post-117","page","type-page","status-publish","hentry"],"yoast_head":"<!-- This site is optimized with the Yoast SEO plugin v27.5 - https:\/\/yoast.com\/product\/yoast-seo-wordpress\/ -->\n<title>Simard - Transport Warehousing Distribution Logistics - Canada<\/title>\n<meta name=\"description\" content=\"B\u00e9n\u00e9ficiez de notre vaste r\u00e9seau de partenaires pour optimiser vos besoins en distribution et en transport logistique.\u00a0\" \/>\n<meta name=\"robots\" content=\"index, follow, max-snippet:-1, max-image-preview:large, max-video-preview:-1\" \/>\n<link rel=\"canonical\" href=\"https:\/\/www.simard.ca\/fr\/transport\/\" \/>\n<meta property=\"og:locale\" content=\"fr_FR\" \/>\n<meta property=\"og:type\" content=\"article\" \/>\n<meta property=\"og:title\" content=\"Simard - Transport Warehousing Distribution Logistics - Canada\" \/>\n<meta property=\"og:description\" content=\"B\u00e9n\u00e9ficiez de notre vaste r\u00e9seau de partenaires pour optimiser vos besoins en distribution et en transport logistique.\u00a0\" \/>\n<meta property=\"og:url\" content=\"https:\/\/www.simard.ca\/fr\/transport\/\" \/>\n<meta property=\"og:site_name\" content=\"Simard\" \/>\n<meta property=\"article:modified_time\" content=\"2016-02-08T14:17:41+00:00\" \/>\n<meta property=\"og:image\" content=\"https:\/\/www.simard.ca\/wp-content\/uploads\/2015\/08\/image-gauche-3col-container1.jpg\" \/>\n<meta name=\"twitter:card\" content=\"summary_large_image\" \/>\n<meta name=\"twitter:label1\" content=\"Dur\u00e9e de lecture estim\u00e9e\" \/>\n\t<meta name=\"twitter:data1\" content=\"4 minutes\" \/>\n<script type=\"application\/ld+json\" class=\"yoast-schema-graph\">{\"@context\":\"https:\\\/\\\/schema.org\",\"@graph\":[{\"@type\":\"WebPage\",\"@id\":\"https:\\\/\\\/www.simard.ca\\\/fr\\\/transport\\\/\",\"url\":\"https:\\\/\\\/www.simard.ca\\\/fr\\\/transport\\\/\",\"name\":\"Simard - Transport Warehousing Distribution Logistics - Canada\",\"isPartOf\":{\"@id\":\"https:\\\/\\\/www.simard.ca\\\/fr\\\/#website\"},\"primaryImageOfPage\":{\"@id\":\"https:\\\/\\\/www.simard.ca\\\/fr\\\/transport\\\/#primaryimage\"},\"image\":{\"@id\":\"https:\\\/\\\/www.simard.ca\\\/fr\\\/transport\\\/#primaryimage\"},\"thumbnailUrl\":\"https:\\\/\\\/www.simard.ca\\\/wp-content\\\/uploads\\\/2015\\\/08\\\/image-gauche-3col-container1.jpg\",\"datePublished\":\"2015-08-17T19:00:20+00:00\",\"dateModified\":\"2016-02-08T14:17:41+00:00\",\"description\":\"B\u00e9n\u00e9ficiez de notre vaste r\u00e9seau de partenaires pour optimiser vos besoins en distribution et en transport logistique.\u00a0\",\"breadcrumb\":{\"@id\":\"https:\\\/\\\/www.simard.ca\\\/fr\\\/transport\\\/#breadcrumb\"},\"inLanguage\":\"fr-FR\",\"potentialAction\":[{\"@type\":\"ReadAction\",\"target\":[\"https:\\\/\\\/www.simard.ca\\\/fr\\\/transport\\\/\"]}]},{\"@type\":\"ImageObject\",\"inLanguage\":\"fr-FR\",\"@id\":\"https:\\\/\\\/www.simard.ca\\\/fr\\\/transport\\\/#primaryimage\",\"url\":\"https:\\\/\\\/www.simard.ca\\\/wp-content\\\/uploads\\\/2015\\\/08\\\/image-gauche-3col-container1.jpg\",\"contentUrl\":\"https:\\\/\\\/www.simard.ca\\\/wp-content\\\/uploads\\\/2015\\\/08\\\/image-gauche-3col-container1.jpg\"},{\"@type\":\"BreadcrumbList\",\"@id\":\"https:\\\/\\\/www.simard.ca\\\/fr\\\/transport\\\/#breadcrumb\",\"itemListElement\":[{\"@type\":\"ListItem\",\"position\":1,\"name\":\"Home\",\"item\":\"https:\\\/\\\/www.simard.ca\\\/fr\\\/\"},{\"@type\":\"ListItem\",\"position\":2,\"name\":\"Transport\"}]},{\"@type\":\"WebSite\",\"@id\":\"https:\\\/\\\/www.simard.ca\\\/fr\\\/#website\",\"url\":\"https:\\\/\\\/www.simard.ca\\\/fr\\\/\",\"name\":\"Simard\",\"description\":\"Transport - Entreposage - Logistique\",\"potentialAction\":[{\"@type\":\"SearchAction\",\"target\":{\"@type\":\"EntryPoint\",\"urlTemplate\":\"https:\\\/\\\/www.simard.ca\\\/fr\\\/?s={search_term_string}\"},\"query-input\":{\"@type\":\"PropertyValueSpecification\",\"valueRequired\":true,\"valueName\":\"search_term_string\"}}],\"inLanguage\":\"fr-FR\"}]}<\/script>\n<!-- \/ Yoast SEO plugin. -->","yoast_head_json":{"title":"Simard - Transport Warehousing Distribution Logistics - Canada","description":"B\u00e9n\u00e9ficiez de notre vaste r\u00e9seau de partenaires pour optimiser vos besoins en distribution et en transport logistique.\u00a0","robots":{"index":"index","follow":"follow","max-snippet":"max-snippet:-1","max-image-preview":"max-image-preview:large","max-video-preview":"max-video-preview:-1"},"canonical":"https:\/\/www.simard.ca\/fr\/transport\/","og_locale":"fr_FR","og_type":"article","og_title":"Simard - Transport Warehousing Distribution Logistics - Canada","og_description":"B\u00e9n\u00e9ficiez de notre vaste r\u00e9seau de partenaires pour optimiser vos besoins en distribution et en transport logistique.\u00a0","og_url":"https:\/\/www.simard.ca\/fr\/transport\/","og_site_name":"Simard","article_modified_time":"2016-02-08T14:17:41+00:00","og_image":[{"url":"https:\/\/www.simard.ca\/wp-content\/uploads\/2015\/08\/image-gauche-3col-container1.jpg","type":"","width":"","height":""}],"twitter_card":"summary_large_image","twitter_misc":{"Dur\u00e9e de lecture estim\u00e9e":"4 minutes"},"schema":{"@context":"https:\/\/schema.org","@graph":[{"@type":"WebPage","@id":"https:\/\/www.simard.ca\/fr\/transport\/","url":"https:\/\/www.simard.ca\/fr\/transport\/","name":"Simard - Transport Warehousing Distribution Logistics - Canada","isPartOf":{"@id":"https:\/\/www.simard.ca\/fr\/#website"},"primaryImageOfPage":{"@id":"https:\/\/www.simard.ca\/fr\/transport\/#primaryimage"},"image":{"@id":"https:\/\/www.simard.ca\/fr\/transport\/#primaryimage"},"thumbnailUrl":"https:\/\/www.simard.ca\/wp-content\/uploads\/2015\/08\/image-gauche-3col-container1.jpg","datePublished":"2015-08-17T19:00:20+00:00","dateModified":"2016-02-08T14:17:41+00:00","description":"B\u00e9n\u00e9ficiez de notre vaste r\u00e9seau de partenaires pour optimiser vos besoins en distribution et en transport logistique.\u00a0","breadcrumb":{"@id":"https:\/\/www.simard.ca\/fr\/transport\/#breadcrumb"},"inLanguage":"fr-FR","potentialAction":[{"@type":"ReadAction","target":["https:\/\/www.simard.ca\/fr\/transport\/"]}]},{"@type":"ImageObject","inLanguage":"fr-FR","@id":"https:\/\/www.simard.ca\/fr\/transport\/#primaryimage","url":"https:\/\/www.simard.ca\/wp-content\/uploads\/2015\/08\/image-gauche-3col-container1.jpg","contentUrl":"https:\/\/www.simard.ca\/wp-content\/uploads\/2015\/08\/image-gauche-3col-container1.jpg"},{"@type":"BreadcrumbList","@id":"https:\/\/www.simard.ca\/fr\/transport\/#breadcrumb","itemListElement":[{"@type":"ListItem","position":1,"name":"Home","item":"https:\/\/www.simard.ca\/fr\/"},{"@type":"ListItem","position":2,"name":"Transport"}]},{"@type":"WebSite","@id":"https:\/\/www.simard.ca\/fr\/#website","url":"https:\/\/www.simard.ca\/fr\/","name":"Simard","description":"Transport - Entreposage - Logistique","potentialAction":[{"@type":"SearchAction","target":{"@type":"EntryPoint","urlTemplate":"https:\/\/www.simard.ca\/fr\/?s={search_term_string}"},"query-input":{"@type":"PropertyValueSpecification","valueRequired":true,"valueName":"search_term_string"}}],"inLanguage":"fr-FR"}]}},"publishpress_future_action":{"enabled":false,"date":"2026-05-10 13:01:21","action":"change-status","newStatus":"draft","terms":[],"taxonomy":"translation_priority","extraData":[]},"publishpress_future_workflow_manual_trigger":{"enabledWorkflows":[]},"_links":{"self":[{"href":"https:\/\/www.simard.ca\/fr\/wp-json\/wp\/v2\/pages\/117","targetHints":{"allow":["GET"]}}],"collection":[{"href":"https:\/\/www.simard.ca\/fr\/wp-json\/wp\/v2\/pages"}],"about":[{"href":"https:\/\/www.simard.ca\/fr\/wp-json\/wp\/v2\/types\/page"}],"author":[{"embeddable":true,"href":"https:\/\/www.simard.ca\/fr\/wp-json\/wp\/v2\/users\/1"}],"replies":[{"embeddable":true,"href":"https:\/\/www.simard.ca\/fr\/wp-json\/wp\/v2\/comments?post=117"}],"version-history":[{"count":0,"href":"https:\/\/www.simard.ca\/fr\/wp-json\/wp\/v2\/pages\/117\/revisions"}],"wp:attachment":[{"href":"https:\/\/www.simard.ca\/fr\/wp-json\/wp\/v2\/media?parent=117"}],"curies":[{"name":"wp","href":"https:\/\/api.w.org\/{rel}","templated":true}]}}