{"id":112,"date":"2015-08-17T18:57:58","date_gmt":"2015-08-17T18:57:58","guid":{"rendered":"https:\/\/simardweb.wpengine.com\/?page_id=112"},"modified":"2016-01-13T03:23:37","modified_gmt":"2016-01-13T03:23:37","slug":"nouvelles","status":"publish","type":"page","link":"https:\/\/www.simard.ca\/fr\/nouvelles\/","title":{"rendered":"Nouvelles"},"content":{"rendered":"<p>[et_pb_section admin_label=\u00a0\u00bbSection\u00a0\u00bb fullwidth=\u00a0\u00bbon\u00a0\u00bb specialty=\u00a0\u00bboff\u00a0\u00bb background_image=\u00a0\u00bbhttps:\/\/www.simard.ca\/wp-content\/uploads\/2015\/08\/8116_SIMARD_site-web_maqB_v2a_7-equipe_04.jpg\u00a0\u00bb transparent_background=\u00a0\u00bboff\u00a0\u00bb allow_player_pause=\u00a0\u00bboff\u00a0\u00bb inner_shadow=\u00a0\u00bboff\u00a0\u00bb parallax=\u00a0\u00bboff\u00a0\u00bb parallax_method=\u00a0\u00bboff\u00a0\u00bb padding_mobile=\u00a0\u00bboff\u00a0\u00bb make_fullwidth=\u00a0\u00bboff\u00a0\u00bb use_custom_width=\u00a0\u00bboff\u00a0\u00bb width_unit=\u00a0\u00bbon\u00a0\u00bb make_equal=\u00a0\u00bboff\u00a0\u00bb use_custom_gutter=\u00a0\u00bboff\u00a0\u00bb][et_pb_fullwidth_header admin_label=\u00a0\u00bbEn-t\u00eate plein \u00e9cran\u00a0\u00bb background_layout=\u00a0\u00bblight\u00a0\u00bb text_orientation=\u00a0\u00bbleft\u00a0\u00bb header_fullscreen=\u00a0\u00bboff\u00a0\u00bb header_scroll_down=\u00a0\u00bboff\u00a0\u00bb parallax=\u00a0\u00bboff\u00a0\u00bb parallax_method=\u00a0\u00bboff\u00a0\u00bb content_orientation=\u00a0\u00bbcenter\u00a0\u00bb image_orientation=\u00a0\u00bbcenter\u00a0\u00bb custom_button_one=\u00a0\u00bboff\u00a0\u00bb button_one_border_radius=\u00a0\u00bb0&Prime; button_one_letter_spacing=\u00a0\u00bb0&Prime; button_one_use_icon=\u00a0\u00bbdefault\u00a0\u00bb button_one_icon_placement=\u00a0\u00bbright\u00a0\u00bb button_one_on_hover=\u00a0\u00bbon\u00a0\u00bb button_one_letter_spacing_hover=\u00a0\u00bb0&Prime; custom_button_two=\u00a0\u00bboff\u00a0\u00bb button_two_border_radius=\u00a0\u00bb0&Prime; button_two_letter_spacing=\u00a0\u00bb0&Prime; button_two_use_icon=\u00a0\u00bbdefault\u00a0\u00bb button_two_icon_placement=\u00a0\u00bbright\u00a0\u00bb button_two_on_hover=\u00a0\u00bbon\u00a0\u00bb button_two_letter_spacing_hover=\u00a0\u00bb0&Prime; title_font=\u00a0\u00bb|on|on||\u00a0\u00bb title_font_size=\u00a0\u00bb36&Prime; title_font_color=\u00a0\u00bb#ffffff\u00a0\u00bb content_font_size=\u00a0\u00bb20&Prime; scroll_down_icon_color=\u00a0\u00bb#ffffff\u00a0\u00bb content_font_color=\u00a0\u00bb#ffffff\u00a0\u00bb button_one_text_size=\u00a0\u00bb20&Prime; button_one_border_width=\u00a0\u00bb2&Prime; button_one_border_radius_hover=\u00a0\u00bb3&Prime; button_two_text_size=\u00a0\u00bb20&Prime; button_two_border_width=\u00a0\u00bb2&Prime; button_two_border_radius_hover=\u00a0\u00bb3&Prime;]<\/p>\n<h1>Les <strong>derni\u00e8res nouvelles<\/strong> de Simard<\/h1>\n<p>Restez au fait de nos plus r\u00e9centes actualit\u00e9s, nouveaut\u00e9s et r\u00e9alisations. D\u00e9couvrez jour apr\u00e8s jour ce qui fait de SIMARD un chef de file dans le transport, l\u2019entreposage et la logistique au Canada depuis 1943.<\/p>\n<p>[\/et_pb_fullwidth_header][\/et_pb_section][et_pb_section admin_label=\u00a0\u00bbsection\u00a0\u00bb transparent_background=\u00a0\u00bboff\u00a0\u00bb allow_player_pause=\u00a0\u00bboff\u00a0\u00bb inner_shadow=\u00a0\u00bboff\u00a0\u00bb parallax=\u00a0\u00bboff\u00a0\u00bb parallax_method=\u00a0\u00bboff\u00a0\u00bb custom_padding=\u00a0\u00bb|0px\u00a0\u00bb padding_mobile=\u00a0\u00bboff\u00a0\u00bb make_fullwidth=\u00a0\u00bboff\u00a0\u00bb use_custom_width=\u00a0\u00bboff\u00a0\u00bb width_unit=\u00a0\u00bbon\u00a0\u00bb make_equal=\u00a0\u00bboff\u00a0\u00bb use_custom_gutter=\u00a0\u00bboff\u00a0\u00bb][et_pb_row admin_label=\u00a0\u00bbrow\u00a0\u00bb make_fullwidth=\u00a0\u00bboff\u00a0\u00bb use_custom_width=\u00a0\u00bboff\u00a0\u00bb width_unit=\u00a0\u00bbon\u00a0\u00bb use_custom_gutter=\u00a0\u00bboff\u00a0\u00bb custom_padding=\u00a0\u00bb|0px\u00a0\u00bb padding_mobile=\u00a0\u00bboff\u00a0\u00bb allow_player_pause=\u00a0\u00bboff\u00a0\u00bb parallax=\u00a0\u00bboff\u00a0\u00bb parallax_method=\u00a0\u00bboff\u00a0\u00bb make_equal=\u00a0\u00bboff\u00a0\u00bb column_padding_mobile=\u00a0\u00bbon\u00a0\u00bb][et_pb_column type=\u00a0\u00bb2_3&Prime;][et_pb_blog admin_label=\u00a0\u00bbBlog\u00a0\u00bb fullwidth=\u00a0\u00bbon\u00a0\u00bb include_categories=\u00a0\u00bb44&Prime; show_thumbnail=\u00a0\u00bbon\u00a0\u00bb show_content=\u00a0\u00bboff\u00a0\u00bb show_more=\u00a0\u00bbon\u00a0\u00bb show_author=\u00a0\u00bboff\u00a0\u00bb show_date=\u00a0\u00bbon\u00a0\u00bb show_categories=\u00a0\u00bbon\u00a0\u00bb show_comments=\u00a0\u00bboff\u00a0\u00bb show_pagination=\u00a0\u00bbon\u00a0\u00bb offset_number=\u00a0\u00bb0&Prime; background_layout=\u00a0\u00bblight\u00a0\u00bb use_dropshadow=\u00a0\u00bboff\u00a0\u00bb use_border_color=\u00a0\u00bboff\u00a0\u00bb border_color=\u00a0\u00bb#ffffff\u00a0\u00bb border_style=\u00a0\u00bbsolid\u00a0\u00bb posts_number=\u00a0\u00bb3&Prime; meta_date=\u00a0\u00bbj M Y\u00a0\u00bb header_font_size=\u00a0\u00bb18&Prime; meta_font_size=\u00a0\u00bb14&Prime; body_font_size=\u00a0\u00bb14&Prime;] [\/et_pb_blog][\/et_pb_column][et_pb_column type=\u00a0\u00bb1_3&Prime;][et_pb_text admin_label=\u00a0\u00bbSidebar transport\u00a0\u00bb saved_tabs=\u00a0\u00bball\u00a0\u00bb global_module=\u00a0\u00bb309&Prime; background_layout=\u00a0\u00bblight\u00a0\u00bb text_orientation=\u00a0\u00bbleft\u00a0\u00bb module_class=\u00a0\u00bbeurostile\u00a0\u00bb text_font_size=\u00a0\u00bb16&Prime; text_text_color=\u00a0\u00bb#000000&Prime; use_border_color=\u00a0\u00bboff\u00a0\u00bb border_color=\u00a0\u00bb#ffffff\u00a0\u00bb border_style=\u00a0\u00bbsolid\u00a0\u00bb]<\/p>\n<p><a href=\"https:\/\/www.simard.ca\/wp-content\/uploads\/2015\/07\/TRANSPORT320.jpg\"><img loading=\"lazy\" decoding=\"async\" class=\"alignnone wp-image-974 size-medium\" src=\"https:\/\/www.simard.ca\/wp-content\/uploads\/2015\/07\/TRANSPORT320-300x188.jpg\" alt=\"\" width=\"300\" height=\"188\" srcset=\"https:\/\/www.simard.ca\/wp-content\/uploads\/2015\/07\/TRANSPORT320-300x188.jpg 300w, https:\/\/www.simard.ca\/wp-content\/uploads\/2015\/07\/TRANSPORT320.jpg 320w\" sizes=\"(max-width: 300px) 100vw, 300px\" \/><\/a><\/p>\n<p><strong><em>TRANSPORT<br \/>\n<\/em><\/strong>Optimisez vos op\u00e9rations avec nos services de transport logistique.<br \/>\n<em><strong><a href=\"https:\/\/www.simard.ca\/transport\/\">EN SAVOIR PLUS\u00a0&gt;<\/a><\/strong><\/em><\/p>\n<p>[\/et_pb_text][et_pb_text admin_label=\u00a0\u00bbSidebar entreposage\u00a0\u00bb saved_tabs=\u00a0\u00bball\u00a0\u00bb global_module=\u00a0\u00bb307&Prime; background_layout=\u00a0\u00bblight\u00a0\u00bb text_orientation=\u00a0\u00bbleft\u00a0\u00bb module_class=\u00a0\u00bbeurostile\u00a0\u00bb text_font_size=\u00a0\u00bb16&Prime; text_text_color=\u00a0\u00bb#000000&Prime; use_border_color=\u00a0\u00bboff\u00a0\u00bb border_color=\u00a0\u00bb#ffffff\u00a0\u00bb border_style=\u00a0\u00bbsolid\u00a0\u00bb]<\/p>\n<p><a href=\"https:\/\/www.simard.ca\/wp-content\/uploads\/2015\/08\/image-centre-3col-entreposage.jpg\"><img loading=\"lazy\" decoding=\"async\" class=\"alignnone size-medium wp-image-288\" src=\"https:\/\/www.simard.ca\/wp-content\/uploads\/2015\/08\/image-centre-3col-entreposage-300x188.jpg\" alt=\"image-centre-3col-entreposage\" width=\"300\" height=\"188\" srcset=\"https:\/\/www.simard.ca\/wp-content\/uploads\/2015\/08\/image-centre-3col-entreposage-300x188.jpg 300w, https:\/\/www.simard.ca\/wp-content\/uploads\/2015\/08\/image-centre-3col-entreposage.jpg 320w\" sizes=\"(max-width: 300px) 100vw, 300px\" \/><\/a><\/p>\n<p><strong><em>ENTREPOSAGE<br \/>\n<\/em><\/strong>Optimisez vos co\u00fbts avec nos solutions d\u2019entreposage logistique.<br \/>\n<em><strong><em><strong><a href=\"https:\/\/www.simard.ca\/entreposage\/\">EN SAVOIR PLUS\u00a0&gt;<\/a><\/strong><\/em><br \/>\n<\/strong><\/em><\/p>\n<p>[\/et_pb_text][et_pb_text admin_label=\u00a0\u00bbSidebar Logistique\u00a0\u00bb background_layout=\u00a0\u00bblight\u00a0\u00bb text_orientation=\u00a0\u00bbleft\u00a0\u00bb module_class=\u00a0\u00bbeurostile\u00a0\u00bb text_font_size=\u00a0\u00bb16&Prime; text_text_color=\u00a0\u00bb#000000&Prime; use_border_color=\u00a0\u00bboff\u00a0\u00bb border_color=\u00a0\u00bb#ffffff\u00a0\u00bb border_style=\u00a0\u00bbsolid\u00a0\u00bb saved_tabs=\u00a0\u00bball\u00a0\u00bb global_module=\u00a0\u00bb308&Prime;]<\/p>\n<p><a href=\"https:\/\/www.simard.ca\/wp-content\/uploads\/2015\/08\/image-droite-3col-logistique1.jpg\"><img loading=\"lazy\" decoding=\"async\" class=\"alignnone size-medium wp-image-296\" src=\"https:\/\/www.simard.ca\/wp-content\/uploads\/2015\/08\/image-droite-3col-logistique1-300x188.jpg\" alt=\"image-droite-3col-logistique\" width=\"300\" height=\"188\" srcset=\"https:\/\/www.simard.ca\/wp-content\/uploads\/2015\/08\/image-droite-3col-logistique1-300x188.jpg 300w, https:\/\/www.simard.ca\/wp-content\/uploads\/2015\/08\/image-droite-3col-logistique1.jpg 320w\" sizes=\"(max-width: 300px) 100vw, 300px\" \/><\/a><\/p>\n<p><em><strong>LOGISTIQUE<br \/>\n<\/strong><\/em>B\u00e9n\u00e9ficiez de notre vaste r\u00e9seau et de notre flexibilit\u00e9 exceptionnelle.<br \/>\n<em><strong><a href=\"https:\/\/www.simard.ca\/logistique\/\">EN SAVOIR PLUS\u00a0&gt;<\/a><\/strong><\/em><\/p>\n<p>[\/et_pb_text][\/et_pb_column][\/et_pb_row][\/et_pb_section]<\/p>\n","protected":false},"excerpt":{"rendered":"<p>Les derni\u00e8res nouvelles de Simard Restez au fait de nos plus r\u00e9centes actualit\u00e9s, nouveaut\u00e9s et r\u00e9alisations. D\u00e9couvrez jour apr\u00e8s jour ce qui fait de SIMARD un chef de file dans le transport, l\u2019entreposage et la logistique au Canada depuis 1943. TRANSPORT Optimisez vos op\u00e9rations avec nos services de transport logistique. EN SAVOIR PLUS\u00a0&gt; ENTREPOSAGE Optimisez [&hellip;]<\/p>\n","protected":false},"author":1,"featured_media":0,"parent":0,"menu_order":40,"comment_status":"open","ping_status":"closed","template":"","meta":{"_et_pb_use_builder":"on","_et_pb_old_content":"","_et_gb_content_width":"","_monsterinsights_skip_tracking":false,"_monsterinsights_sitenote_active":false,"_monsterinsights_sitenote_note":"","_monsterinsights_sitenote_category":0,"footnotes":""},"class_list":["post-112","page","type-page","status-publish","hentry"],"yoast_head":"<!-- This site is optimized with the Yoast SEO plugin v27.6 - https:\/\/yoast.com\/product\/yoast-seo-wordpress\/ -->\n<title>Nouvelles - Simard<\/title>\n<meta name=\"robots\" content=\"index, follow, max-snippet:-1, max-image-preview:large, max-video-preview:-1\" \/>\n<link rel=\"canonical\" href=\"https:\/\/www.simard.ca\/fr\/nouvelles\/\" \/>\n<meta property=\"og:locale\" content=\"fr_FR\" \/>\n<meta property=\"og:type\" content=\"article\" \/>\n<meta property=\"og:title\" content=\"Nouvelles - Simard\" \/>\n<meta property=\"og:description\" content=\"Les derni\u00e8res nouvelles de Simard Restez au fait de nos plus r\u00e9centes actualit\u00e9s, nouveaut\u00e9s et r\u00e9alisations. D\u00e9couvrez jour apr\u00e8s jour ce qui fait de SIMARD un chef de file dans le transport, l\u2019entreposage et la logistique au Canada depuis 1943. TRANSPORT Optimisez vos op\u00e9rations avec nos services de transport logistique. EN SAVOIR PLUS\u00a0&gt; ENTREPOSAGE Optimisez [&hellip;]\" \/>\n<meta property=\"og:url\" content=\"https:\/\/www.simard.ca\/fr\/nouvelles\/\" \/>\n<meta property=\"og:site_name\" content=\"Simard\" \/>\n<meta property=\"article:modified_time\" content=\"2016-01-13T03:23:37+00:00\" \/>\n<meta property=\"og:image\" content=\"https:\/\/www.simard.ca\/wp-content\/uploads\/2015\/07\/TRANSPORT320-300x188.jpg\" \/>\n<meta name=\"twitter:card\" content=\"summary_large_image\" \/>\n<meta name=\"twitter:label1\" content=\"Dur\u00e9e de lecture estim\u00e9e\" \/>\n\t<meta name=\"twitter:data1\" content=\"3 minutes\" \/>\n<script type=\"application\/ld+json\" class=\"yoast-schema-graph\">{\"@context\":\"https:\\\/\\\/schema.org\",\"@graph\":[{\"@type\":\"WebPage\",\"@id\":\"https:\\\/\\\/www.simard.ca\\\/fr\\\/nouvelles\\\/\",\"url\":\"https:\\\/\\\/www.simard.ca\\\/fr\\\/nouvelles\\\/\",\"name\":\"Nouvelles - Simard\",\"isPartOf\":{\"@id\":\"https:\\\/\\\/www.simard.ca\\\/fr\\\/#website\"},\"primaryImageOfPage\":{\"@id\":\"https:\\\/\\\/www.simard.ca\\\/fr\\\/nouvelles\\\/#primaryimage\"},\"image\":{\"@id\":\"https:\\\/\\\/www.simard.ca\\\/fr\\\/nouvelles\\\/#primaryimage\"},\"thumbnailUrl\":\"https:\\\/\\\/www.simard.ca\\\/wp-content\\\/uploads\\\/2015\\\/07\\\/TRANSPORT320-300x188.jpg\",\"datePublished\":\"2015-08-17T18:57:58+00:00\",\"dateModified\":\"2016-01-13T03:23:37+00:00\",\"breadcrumb\":{\"@id\":\"https:\\\/\\\/www.simard.ca\\\/fr\\\/nouvelles\\\/#breadcrumb\"},\"inLanguage\":\"fr-FR\",\"potentialAction\":[{\"@type\":\"ReadAction\",\"target\":[\"https:\\\/\\\/www.simard.ca\\\/fr\\\/nouvelles\\\/\"]}]},{\"@type\":\"ImageObject\",\"inLanguage\":\"fr-FR\",\"@id\":\"https:\\\/\\\/www.simard.ca\\\/fr\\\/nouvelles\\\/#primaryimage\",\"url\":\"https:\\\/\\\/www.simard.ca\\\/wp-content\\\/uploads\\\/2015\\\/07\\\/TRANSPORT320-300x188.jpg\",\"contentUrl\":\"https:\\\/\\\/www.simard.ca\\\/wp-content\\\/uploads\\\/2015\\\/07\\\/TRANSPORT320-300x188.jpg\"},{\"@type\":\"BreadcrumbList\",\"@id\":\"https:\\\/\\\/www.simard.ca\\\/fr\\\/nouvelles\\\/#breadcrumb\",\"itemListElement\":[{\"@type\":\"ListItem\",\"position\":1,\"name\":\"Home\",\"item\":\"https:\\\/\\\/www.simard.ca\\\/fr\\\/\"},{\"@type\":\"ListItem\",\"position\":2,\"name\":\"Nouvelles\"}]},{\"@type\":\"WebSite\",\"@id\":\"https:\\\/\\\/www.simard.ca\\\/fr\\\/#website\",\"url\":\"https:\\\/\\\/www.simard.ca\\\/fr\\\/\",\"name\":\"Simard\",\"description\":\"Transport - Entreposage - Logistique\",\"potentialAction\":[{\"@type\":\"SearchAction\",\"target\":{\"@type\":\"EntryPoint\",\"urlTemplate\":\"https:\\\/\\\/www.simard.ca\\\/fr\\\/?s={search_term_string}\"},\"query-input\":{\"@type\":\"PropertyValueSpecification\",\"valueRequired\":true,\"valueName\":\"search_term_string\"}}],\"inLanguage\":\"fr-FR\"}]}<\/script>\n<!-- \/ Yoast SEO plugin. -->","yoast_head_json":{"title":"Nouvelles - Simard","robots":{"index":"index","follow":"follow","max-snippet":"max-snippet:-1","max-image-preview":"max-image-preview:large","max-video-preview":"max-video-preview:-1"},"canonical":"https:\/\/www.simard.ca\/fr\/nouvelles\/","og_locale":"fr_FR","og_type":"article","og_title":"Nouvelles - Simard","og_description":"Les derni\u00e8res nouvelles de Simard Restez au fait de nos plus r\u00e9centes actualit\u00e9s, nouveaut\u00e9s et r\u00e9alisations. D\u00e9couvrez jour apr\u00e8s jour ce qui fait de SIMARD un chef de file dans le transport, l\u2019entreposage et la logistique au Canada depuis 1943. TRANSPORT Optimisez vos op\u00e9rations avec nos services de transport logistique. EN SAVOIR PLUS\u00a0&gt; ENTREPOSAGE Optimisez [&hellip;]","og_url":"https:\/\/www.simard.ca\/fr\/nouvelles\/","og_site_name":"Simard","article_modified_time":"2016-01-13T03:23:37+00:00","og_image":[{"url":"https:\/\/www.simard.ca\/wp-content\/uploads\/2015\/07\/TRANSPORT320-300x188.jpg","type":"","width":"","height":""}],"twitter_card":"summary_large_image","twitter_misc":{"Dur\u00e9e de lecture estim\u00e9e":"3 minutes"},"schema":{"@context":"https:\/\/schema.org","@graph":[{"@type":"WebPage","@id":"https:\/\/www.simard.ca\/fr\/nouvelles\/","url":"https:\/\/www.simard.ca\/fr\/nouvelles\/","name":"Nouvelles - Simard","isPartOf":{"@id":"https:\/\/www.simard.ca\/fr\/#website"},"primaryImageOfPage":{"@id":"https:\/\/www.simard.ca\/fr\/nouvelles\/#primaryimage"},"image":{"@id":"https:\/\/www.simard.ca\/fr\/nouvelles\/#primaryimage"},"thumbnailUrl":"https:\/\/www.simard.ca\/wp-content\/uploads\/2015\/07\/TRANSPORT320-300x188.jpg","datePublished":"2015-08-17T18:57:58+00:00","dateModified":"2016-01-13T03:23:37+00:00","breadcrumb":{"@id":"https:\/\/www.simard.ca\/fr\/nouvelles\/#breadcrumb"},"inLanguage":"fr-FR","potentialAction":[{"@type":"ReadAction","target":["https:\/\/www.simard.ca\/fr\/nouvelles\/"]}]},{"@type":"ImageObject","inLanguage":"fr-FR","@id":"https:\/\/www.simard.ca\/fr\/nouvelles\/#primaryimage","url":"https:\/\/www.simard.ca\/wp-content\/uploads\/2015\/07\/TRANSPORT320-300x188.jpg","contentUrl":"https:\/\/www.simard.ca\/wp-content\/uploads\/2015\/07\/TRANSPORT320-300x188.jpg"},{"@type":"BreadcrumbList","@id":"https:\/\/www.simard.ca\/fr\/nouvelles\/#breadcrumb","itemListElement":[{"@type":"ListItem","position":1,"name":"Home","item":"https:\/\/www.simard.ca\/fr\/"},{"@type":"ListItem","position":2,"name":"Nouvelles"}]},{"@type":"WebSite","@id":"https:\/\/www.simard.ca\/fr\/#website","url":"https:\/\/www.simard.ca\/fr\/","name":"Simard","description":"Transport - Entreposage - Logistique","potentialAction":[{"@type":"SearchAction","target":{"@type":"EntryPoint","urlTemplate":"https:\/\/www.simard.ca\/fr\/?s={search_term_string}"},"query-input":{"@type":"PropertyValueSpecification","valueRequired":true,"valueName":"search_term_string"}}],"inLanguage":"fr-FR"}]}},"publishpress_future_action":{"enabled":false,"date":"2026-05-21 10:13:35","action":"change-status","newStatus":"draft","terms":[],"taxonomy":"translation_priority","extraData":[]},"publishpress_future_workflow_manual_trigger":{"enabledWorkflows":[]},"_links":{"self":[{"href":"https:\/\/www.simard.ca\/fr\/wp-json\/wp\/v2\/pages\/112","targetHints":{"allow":["GET"]}}],"collection":[{"href":"https:\/\/www.simard.ca\/fr\/wp-json\/wp\/v2\/pages"}],"about":[{"href":"https:\/\/www.simard.ca\/fr\/wp-json\/wp\/v2\/types\/page"}],"author":[{"embeddable":true,"href":"https:\/\/www.simard.ca\/fr\/wp-json\/wp\/v2\/users\/1"}],"replies":[{"embeddable":true,"href":"https:\/\/www.simard.ca\/fr\/wp-json\/wp\/v2\/comments?post=112"}],"version-history":[{"count":0,"href":"https:\/\/www.simard.ca\/fr\/wp-json\/wp\/v2\/pages\/112\/revisions"}],"wp:attachment":[{"href":"https:\/\/www.simard.ca\/fr\/wp-json\/wp\/v2\/media?parent=112"}],"curies":[{"name":"wp","href":"https:\/\/api.w.org\/{rel}","templated":true}]}}